{"id":569,"date":"2009-07-30T13:54:42","date_gmt":"2009-07-30T11:54:42","guid":{"rendered":"http:\/\/jean.crespel.me\/?page_id=569"},"modified":"2009-12-11T12:57:06","modified_gmt":"2009-12-11T10:57:06","slug":"randonnees-et-visites","status":"publish","type":"page","link":"https:\/\/blogs.crespel.me\/usa2009\/annexes\/randonnees-et-visites\/","title":{"rendered":"Randonn\u00e9es et visites"},"content":{"rendered":"<h3>Les 56 randonn\u00e9es, balades et visite effectu\u00e9es, sur les 90 programm\u00e9es (31+30+29), soit un peu plus de 60% de \u00ab\u00a0r\u00e9ussite\u00a0\u00bb :<\/h3>\n<p><em><span style=\"color: #888888;\">Ne comportent un lien que celles effectu\u00e9es; pour les autres, le d\u00e9tail est \u00e0 rechercher sur les liens en marge.<\/span><\/em><\/p>\n<p><em><span style=\"color: #888888;\">Non effectu\u00e9es \u00e0 cause d&rsquo;un timing trop serr\u00e9, ou temp\u00e9rature trop \u00e9lev\u00e9e, ou choix d&rsquo;autre site \u00e0 explorer.<\/span><\/em><\/p>\n<p><span style=\"color: #ffcc00;\"><em><span style=\"text-decoration: underline;\"><strong>Partie 1: Du 03 au 10 ao\u00fbt (J1 \u00e0 J7) :<\/strong><\/span><br \/>\n<\/em><\/span><\/p>\n<ul>\n<li><span style=\"color: #888888;\">Le mus\u00e9e de voitures au 5\u00e8me \u00e9tage de l&rsquo;Imperial Palace \u00e0 Las Vegas<\/span><\/li>\n<li><span style=\"color: #888888;\">marche White Domes \u00e0 Valley of Fire<\/span><\/li>\n<li><span style=\"color: #888888;\">marche Petroglyphes Canyon \u00e0 Valley of Fire<\/span><\/li>\n<li><span style=\"color: #888888;\"><em>Le mus\u00e9e Anasazi, Lost City Museum \u00e0 Overton<\/em><\/span><\/li>\n<li><span style=\"color: #888888;\"><em>Le temple et le Tabernacle \u00e0 St George<\/em><\/span><\/li>\n<li><span style=\"color: #888888;\">marche Jenny&rsquo;s Canyon trail \u00e0 Snow Canyon<\/span><\/li>\n<li><span style=\"color: #888888;\">marche Lava Flow \u00e0 Snow Canyon<\/span><\/li>\n<li><span style=\"color: #888888;\">marche Nature trail \u00e0 Red Cliffs<\/span><\/li>\n<li>marche <a href=\"riverside-walk\/\">Riverside walk<\/a> \u00e0 Zion<\/li>\n<li>marche <a href=\"weeping-rock\/\">Weeping rock<\/a> \u00e0 Zion<\/li>\n<li>marches <a href=\"emerald-pool\/\">Emerald Pool<\/a> trail et Kayenta trail \u00e0 Zion<\/li>\n<li>marche <a href=\"parus-trail\/\">Pa&rsquo;rus trail<\/a> \u00e0 Zion<\/li>\n<li><em>Le <a href=\"zion-museum\/\">Zion Human History Museum<\/a><\/em><\/li>\n<li><span style=\"color: #888888;\">marche Canyon Overlook trail<\/span><\/li>\n<li><em>Le village western, <a href=\"frontier-movie-town-a-kanab\/\">Frontier Movie Town \u00e0 Kanab<\/a><\/em><\/li>\n<li><span style=\"color: #888888;\">marche Ramparts trail \u00e0 Cedar Breaks<\/span><\/li>\n<li><span style=\"color: #888888;\"><em>Le bar Bronco Bobbi&rsquo;s \u00e0 Panguitch<\/em><\/span><\/li>\n<li><span style=\"color: #888888;\">marche Pink Ledges \u00e0 Red Canyon<\/span><\/li>\n<li><span style=\"color: #888888;\">marche Photo trail \u00e0 Red Canyon<\/span><\/li>\n<li>marches <a href=\"queens-garden-trail\/\">Navajo Loop et Queen&rsquo;s Garden<\/a> \u00e0 Bryce<\/li>\n<li><span style=\"color: #888888;\"><em>Le Rod\u00e9o du Ruby&rsquo;s Inn \u00e0 Bryce<\/em><\/span><\/li>\n<li><span style=\"color: #888888;\">marche Mossy Cave trail \u00e0 Bryce<\/span><\/li>\n<li>marche <a href=\"nature-trail\/\">Nature trail<\/a> \u00e0 Kodachrome Basin<\/li>\n<li>marche <a href=\"angels-palace\/\">Angels Palace<\/a> \u00e0 Kodachrome Basin<\/li>\n<li><span style=\"color: #888888;\"><em>Petrified Forest \u00e0 Escalante SP<\/em><\/span><\/li>\n<li><em><a href=\"anasazi-sp\/\">Anasazi SP<\/a> \u00e0 Boulder<\/em><\/li>\n<li><span style=\"color: #888888;\"><em>Le \u00ab\u00a0Caf\u00e9 et Candy\u00a0\u00bb \u00e0 Torrey<\/em><\/span><\/li>\n<li>marche <a href=\"pionner-trail\/\">Pionner trail<\/a> \u00e0 Capitol Reef<\/li>\n<li><span style=\"color: #888888;\">marche Hickman Bridge \u00e0 Capitol Reef<\/span><\/li>\n<li><em>L&rsquo;<a href=\"oasis-de-fruita\/\">oasis de Fuita<\/a> \u00e0 Capitol Reef<\/em><\/li>\n<li><em>Le site de <a href=\"goblin-valley\/\">Goblin Valley<\/a> SP<\/em><\/li>\n<\/ul>\n<p><span style=\"color: #ffcc00;\"><span style=\"text-decoration: underline;\"><em><strong>Partie 2: Du 11 au 18 ao\u00fbt (J8 \u00e0 J15) :<\/strong><\/em><\/span><\/span><\/p>\n<ul>\n<li><span style=\"color: #888888;\">marche Negro Bill Canyon \u00e0 Moab<\/span><\/li>\n<li><em>Le mus\u00e9e du film au <a href=\"red-cliffs-ranch\/\">Red Cliffs Ranch<\/a> sur UT128<\/em><\/li>\n<li>marche <a href=\"delicate-arch\/\">Delicate Arch View Point<\/a> (upper)<\/li>\n<li>marche <a href=\"devils-garden\/\">Devils Garden<\/a> : Landscape \/ Tunnel \/ Pine Tree Arch<\/li>\n<li><span style=\"color: #888888;\">marche Sand Dunes Arch et Broken Arch<\/span><\/li>\n<li>marche <a href=\"windows-section\/\">Windows<\/a>\/Turret et Double Arch<\/li>\n<li>marche <a href=\"balanced-rock\/ \">Balanced Rock<\/a><\/li>\n<li><em><a href=\"petroglyphes\/\">Petroglyphes<\/a> de BW279<\/em><\/li>\n<li><span style=\"color: #888888;\">marche Bowtie et Corona Arch sur BW279<\/span><\/li>\n<li>marche <a href=\"grand-view-point\/\">Grand View Point<\/a> \u00e0 Canyonlands Island<\/li>\n<li>marche <a href=\"mesa-arch\/ \">Mesa Arch<\/a> \u00e0 Canyonlands Island<\/li>\n<li>marche <a href=\"wilson-arch\/\">Wilson Arch<\/a> \u00e0 La Sal Jct<\/li>\n<li><em>Petroglyphes de <a href=\"newspaper-rock\/\">Newspaper Rock<\/a> vers Needles<\/em><\/li>\n<li>marche <a href=\"cave-spring\/\">Cave Spring<\/a> \u00e0 Canyonlands Needles<\/li>\n<li>marche <a href=\"roadside-ruin\/\">Roadside Ruin<\/a> \u00e0 Canyonlands Needles<\/li>\n<li><span style=\"color: #888888;\">marche Slickrock trail \u00e0 Canyonlands needles<\/span><\/li>\n<li>marche <a href=\"pothole-trail\/\">Pothole trail<\/a> \u00e0 Canyonlands Needles<\/li>\n<li><em><a href=\"museum-archeological\/\">Museum Archeological<\/a> \u00e0 Mesa Verde Chapin<\/em><\/li>\n<li><em><a href=\"spruce-tree-house\/\">Spruce Tree House<\/a> \u00e0 Mesa Verde Chapin<\/em><\/li>\n<li>marche <a href=\"white-house-trail\/\">White House trail<\/a> \u00e0 Canyon de Chelly<\/li>\n<li><em><a href=\"white-house\/\">White House<\/a> \u00e0 Canyon de Chelly<\/em><\/li>\n<li><span style=\"color: #888888;\"><em>Navajo Shadehouse Museum \u00e0 Kayenta<\/em><\/span><\/li>\n<li><em>Museum du <a href=\"gouldings-lodge\/\">Goulding&rsquo;s Lodge<\/a> \u00e0 Monument Valley<\/em><\/li>\n<li><span style=\"color: #888888;\">marche Wildcat trail \u00e0 Monument Valley<\/span><\/li>\n<li>marche <a href=\"sandal-trail\/\">Sandal trail<\/a> \u00e0 Navajo NM<\/li>\n<li>marche <a href=\"horseshoe-bend\/\">Horseshoes Bend<\/a> \u00e0 Page<\/li>\n<li><em><a href=\"antelope-canyon\/\">Antelope Canyon<\/a> (lower\/upper) \u00e0 Page<\/em><\/li>\n<li><em><a href=\"bateau-sur-le-lac-powell\/\">Bateau<\/a> sur le lac Powell<br \/>\n<\/em><\/li>\n<li><span style=\"color: #888888;\">marche Cathedral Wash \u00e0 Marble Canyon<\/span><\/li>\n<li><span style=\"color: #888888;\"><em>Le Trading Post \u00e0 Cameron<\/em><\/span><\/li>\n<\/ul>\n<p><span style=\"color: #ffcc00;\"><span style=\"text-decoration: underline;\"><strong><em>Partie 3: Du 19 au 26 ao\u00fbt (J16 \u00e0 J23):<\/em><\/strong><\/span><\/span><\/p>\n<ul>\n<li>marche <a href=\"south-kaibab-trail\/ \">South Kaibab trail<\/a> \u00e0 Grand Canyon<\/li>\n<li><span style=\"color: #888888;\"><em>Le \u00ab\u00a0village\u00a0\u00bb de Grand Canyon<\/em><\/span><\/li>\n<li>marche La <a href=\"hermits-rest-route\/ \">Hermits Rest Route<\/a> \u00e0 Grand Canyon<\/li>\n<li><em>Le <a href=\"vol-en-helico\/\">vol en h\u00e9lico<\/a> \u00e0 Grand Canyon<\/em><\/li>\n<li><em>La Tour de <a href=\"desert-view\/\">Desert View<\/a> \u00e0 Grand Canyon<\/em><\/li>\n<li><em>Les <a href=\"wupatki\/\">Wupatki<\/a> et Wukoki Pueblo \u00e0 Wupatki<\/em><\/li>\n<li><span style=\"color: #888888;\">marche Lava Flow trail \u00e0 Sunset Crater<\/span><\/li>\n<li><em><a href=\"winslow\/\">Winslow<\/a> Old Town<\/em><\/li>\n<li><em>Le <a href=\"wigwam-motel\/\">Wigwam Motel<\/a> \u00e0 Holbrook<br \/>\n<\/em><\/li>\n<li><span style=\"color: #888888;\">marche Painted Desert Rim trail<\/span><\/li>\n<li><span style=\"color: #888888;\">marche Blue Mesa trail \u00e0 Petrified Forest<\/span><\/li>\n<li><span style=\"color: #888888;\">marche Island trail \u00e0 Walnut Canyon<\/span><\/li>\n<li>marche <a href=\"rim-trail\/\">Rim trail<\/a> \u00e0 Walnut Canyon<\/li>\n<li><em>Le <a href=\"museum-club\/\">Museum Club<\/a> (country) \u00e0 Flagstaff<\/em><\/li>\n<li><em>Le <a href=\"le-train-du-gc\/\">train du Grand Canyon<\/a> \u00e0 Williams<br \/>\n<\/em><\/li>\n<li><em>La boutique de <a href=\"angel-delgadillo\/\">Angel Delgadillo<\/a> \u00e0 Seligman<\/em><\/li>\n<li><em>Le <a href=\"general-store\/\">General Store<\/a> Old Route66 \u00e0 Hackberry<\/em><\/li>\n<li><em>Le mus\u00e9e de la <a href=\"route-66\/\">Route66<\/a> \u00e0 Kingman<\/em><\/li>\n<li><em>Le<a href=\"locomotive-park\/\"> Locomotive park<\/a> \u00e0 Kingman<br \/>\n<\/em><\/li>\n<li><em>Le <a href=\"mohave-museum\/\">Mohave Museum<\/a> \u00e0 Kingman<br \/>\n<\/em><\/li>\n<li><em><a href=\"oatman\/\">Oatman<\/a> Old Town<\/em><\/li>\n<li><em>Le <a href=\"davis-dam\/\">Davis Dam<\/a> \u00e0 Bulhead City<br \/>\n<\/em><\/li>\n<li><em><a href=\"chloride\/\">Chloride<\/a> Old Town<\/em><\/li>\n<li><em>Le <a href=\"hoover-dam\/ \">Hoover Dam<\/a> au sud de Las Vegas<\/em><\/li>\n<li><span style=\"color: #888888;\"><em>Mus\u00e9e Shelby automobiles et le Speedway de Las Vegas<\/em><\/span><\/li>\n<li><em>Le <a href=\"borax-museum\/\">Borax Museum<\/a> de Furnace Creek \u00e0 Death Valley<\/em><\/li>\n<li><span style=\"color: #888888;\"><em>Bonnie Springs Old Nevada pr\u00e8s de Mountain Springs<br \/>\n<\/em><\/span><\/li>\n<li><span style=\"color: #888888;\">marche Calico Hills trail \u00e0 Red Rock Canyon<\/span><\/li>\n<li><em>Le \u00ab\u00a0Renewall\u00a0\u00bb \u00e0 <a href=\"graceland-wedding-chapel\/\">Graceland Wedding Chapel<\/a> \u00e0 Las Vegas<\/em><\/li>\n<\/ul>\n","protected":false},"excerpt":{"rendered":"<p>Les 56 randonn\u00e9es, balades et visite effectu\u00e9es, sur les 90 programm\u00e9es (31+30+29), soit un peu plus de 60% de \u00ab\u00a0r\u00e9ussite\u00a0\u00bb : Ne comportent un lien que celles effectu\u00e9es; pour les autres, le d\u00e9tail est \u00e0 rechercher sur les liens en marge. Non effectu\u00e9es \u00e0 cause d&rsquo;un timing trop serr\u00e9, ou temp\u00e9rature trop \u00e9lev\u00e9e, ou choix [&hellip;]<\/p>\n","protected":false},"author":2,"featured_media":0,"parent":369,"menu_order":0,"comment_status":"open","ping_status":"open","template":"","meta":{"footnotes":""},"class_list":["post-569","page","type-page","status-publish","hentry"],"_links":{"self":[{"href":"https:\/\/blogs.crespel.me\/usa2009\/wp-json\/wp\/v2\/pages\/569","targetHints":{"allow":["GET"]}}],"collection":[{"href":"https:\/\/blogs.crespel.me\/usa2009\/wp-json\/wp\/v2\/pages"}],"about":[{"href":"https:\/\/blogs.crespel.me\/usa2009\/wp-json\/wp\/v2\/types\/page"}],"author":[{"embeddable":true,"href":"https:\/\/blogs.crespel.me\/usa2009\/wp-json\/wp\/v2\/users\/2"}],"replies":[{"embeddable":true,"href":"https:\/\/blogs.crespel.me\/usa2009\/wp-json\/wp\/v2\/comments?post=569"}],"version-history":[{"count":83,"href":"https:\/\/blogs.crespel.me\/usa2009\/wp-json\/wp\/v2\/pages\/569\/revisions"}],"predecessor-version":[{"id":805,"href":"https:\/\/blogs.crespel.me\/usa2009\/wp-json\/wp\/v2\/pages\/569\/revisions\/805"}],"up":[{"embeddable":true,"href":"https:\/\/blogs.crespel.me\/usa2009\/wp-json\/wp\/v2\/pages\/369"}],"wp:attachment":[{"href":"https:\/\/blogs.crespel.me\/usa2009\/wp-json\/wp\/v2\/media?parent=569"}],"curies":[{"name":"wp","href":"https:\/\/api.w.org\/{rel}","templated":true}]}}