{"id":561,"date":"2009-07-30T13:51:14","date_gmt":"2009-07-30T11:51:14","guid":{"rendered":"http:\/\/jean.crespel.me\/?page_id=561"},"modified":"2017-09-12T10:21:59","modified_gmt":"2017-09-12T08:21:59","slug":"campgrounds","status":"publish","type":"page","link":"https:\/\/blogs.crespel.me\/usa2009\/annexes\/campgrounds\/","title":{"rendered":"Campgrounds"},"content":{"rendered":"<h3>Les 14 campgrounds o\u00f9 nous nous sommes pos\u00e9s avec le camping car (25 pieds)<\/h3>\n<p>Rappel des proc\u00e9dures:<\/p>\n<p><span style=\"color: #ffff00\"><em>En g\u00e9n\u00e9ral il faut renseigner ou choisir: <\/em><\/span><br \/>\n<span style=\"color: #ffff00\"> <em>&#8211; La position du CC sur l&#8217;emplacement (Back In:en marche arri\u00e8re\/Pull Thru: traversant). <\/em><\/span><br \/>\n<span style=\"color: #ffff00\"> <em>&#8211; la taille du CC: 25pieds (par exemple) Slide out= s&rsquo;il comporte des extensions lat\u00e9rales. Le mod\u00e8le (classe C= motorhome). <\/em><\/span><br \/>\n<span style=\"color: #ffff00\"> <em>&#8211; Fullhookup simple= tous branchements (courant\/eau\/vidange). Courant= 30 amp\u00e8res (50 c&rsquo;est pour du tr\u00e8s gros&#8230;). <\/em><\/span><br \/>\n<span style=\"color: #ffff00\"> <em>&#8211; il peut y avoir des fullhookup avec Wifi, c\u00e2ble, mais c&rsquo;est pr\u00e9cis\u00e9 et pas utile. <\/em><\/span><br \/>\n<span style=\"color: #ffff00\"> <em>&#8211; les dates d&rsquo;arriv\u00e9e et de d\u00e9part. <\/em><\/span><br \/>\n<span style=\"color: #ffff00\"> <em>&#8211; Le nombre d&rsquo;occupants.<\/em><\/span><\/p>\n<p>Privil\u00e9gier les campings des parcs (les localiser sur nps.gov et \u00e0 r\u00e9server sur xanterra.com et recreation.gov).<\/p>\n<p>Alterner ceux \u00ab\u00a0sans\u00a0\u00bb branchement, et ceux \u00ab\u00a0avec\u00a0\u00bb branchements (courant, eau, vidange). Compter sur une autonomie d&rsquo;environ 3 jours.<\/p>\n<p>Utiliser rvparkreviews.com puis: la s\u00e9lection par Etat, par ville et les avis des utilisateurs.<\/p>\n<p>Ne pas oublier que le \u00ab\u00a0camping sauvage\u00a0\u00bb est interdit presque partout (sauf sur les terres du BLM, et certains supermarch\u00e9s Walmart -mais l\u00e0 bonjour l&rsquo;environnement et la s\u00e9curit\u00e9 sans parler de l&rsquo;\u00e9loignement&#8230;).<\/p>\n<p>&nbsp;<\/p>\n<p><span style=\"text-decoration: underline\">Rappel de quelques notions:<\/span><\/p>\n<p><span style=\"color: #ffff00;font-family: Verdana,Arial,Helvetica;font-size: small\"><em>&#8211; sans branchements et sans faire aller le g\u00e9n\u00e9rateur= que le courant d\u2019\u00e9clairage sur la batterie auxiliaire (pas de clim, ni de four, ni de recharge d\u2019appareils \u00e9lectriques) et chauffage limit\u00e9 qui est au gaz mais son thermostat est sur cette m\u00eame batterie auxiliaire. <\/em><\/span><\/p>\n<p><span style=\"color: #ffff00\"><em>&#8211; sans branchement et AVEC le g\u00e9n\u00e9rateur= tout fonctionne, mais le g\u00e9n\u00e9rateur est bruyant et son utilisation r\u00e8glement\u00e9e (entre 8h00 et 20h00). <\/em><\/span><\/p>\n<p><span style=\"color: #ffff00\"><em>&#8211; il y a un r\u00e9servoir d\u2019eau propre pour \u00e9vier, lavabo, douche, WC. Un r\u00e9servoir d\u2019eau sale \u00ab\u00a0grise\u00a0\u00bb pour \u00e9vier, lavabo, douche. Un r\u00e9servoir d\u2019eau sale \u00ab\u00a0noire\u00a0\u00bb pour WC.<\/em><\/span><br \/>\n<span style=\"color: #ffff00\"> <em>&#8211; pour l\u2019eau \u00e0 boire et cuisiner, utiliser les bombonnes de 1 gallon (3,8.L).<\/em><\/span><\/p>\n<ul>\n<li><a href=\"atlatl-rock-campground\/\">Atlatl Rock campground \u00e0 Valley of Fire<\/a><\/li>\n<li><a href=\"watchman-campground\/\">Watchman campground \u00e0 Zion NP<\/a> : 2 nuits<\/li>\n<li><a href=\"north-campground-a-bryce-canyon\/\">North Campground \u00e0 Bryce Canyon NP<\/a> : 2 nuits<\/li>\n<li><a href=\"thousand-lakes-a-torrey\/\">Thousand Lakes \u00e0 Torrey<\/a><\/li>\n<li><a href=\"koa-a-moab\/\">KOA \u00e0 Moab<\/a> : 3 nuits<\/li>\n<li><a href=\"morefield-campground\/\">Morefield campground <\/a>\u00e0 Mesa Verde<\/li>\n<li><a href=\"spider-rock-campground\/\">Spider Rock<\/a> au Canyon de Chelly<\/li>\n<li><a href=\"gouldings-campground\/\">Goulding&rsquo;s campground <\/a>\u00e0 Monument Valley : 2 nuits<\/li>\n<li><a href=\"wahweap-resort\/ \">Wahweap resort <\/a>et Marina \u00e0 Page<\/li>\n<li><a href=\"trailer-village\/ \">Trailer village<\/a> au Grand Canyon : 2 nuits<\/li>\n<li><a href=\"koa-a-holbrook\/ \">KOA \u00e0 Holbrook<\/a><\/li>\n<li><a href=\"woody-mountain\/\">Woody Mountain<\/a> \u00e0 Flagstaff<\/li>\n<li><a href=\"koa-a-kingman\/\">KOA \u00e0 Kingman<\/a><\/li>\n<li><a href=\"koa-circus-circus\/\">KOA Circus Circus<\/a> \u00e0 Las Vegas<\/li>\n<\/ul>\n<h3>Mon fichier avec les coordonn\u00e9es<\/h3>\n<ul>\n<li><a href=\"\/usa2009\/files\/2009\/07\/RV-park2.pdf\">RV park2<\/a><\/li>\n<\/ul>\n","protected":false},"excerpt":{"rendered":"<p>Les 14 campgrounds o\u00f9 nous nous sommes pos\u00e9s avec le camping car (25 pieds) Rappel des proc\u00e9dures: En g\u00e9n\u00e9ral il faut renseigner ou choisir: &#8211; La position du CC sur l&#8217;emplacement (Back In:en marche arri\u00e8re\/Pull Thru: traversant). &#8211; la taille du CC: 25pieds (par exemple) Slide out= s&rsquo;il comporte des extensions lat\u00e9rales. Le mod\u00e8le (classe [&hellip;]<\/p>\n","protected":false},"author":2,"featured_media":0,"parent":369,"menu_order":0,"comment_status":"open","ping_status":"open","template":"","meta":{"footnotes":""},"class_list":["post-561","page","type-page","status-publish","hentry"],"_links":{"self":[{"href":"https:\/\/blogs.crespel.me\/usa2009\/wp-json\/wp\/v2\/pages\/561","targetHints":{"allow":["GET"]}}],"collection":[{"href":"https:\/\/blogs.crespel.me\/usa2009\/wp-json\/wp\/v2\/pages"}],"about":[{"href":"https:\/\/blogs.crespel.me\/usa2009\/wp-json\/wp\/v2\/types\/page"}],"author":[{"embeddable":true,"href":"https:\/\/blogs.crespel.me\/usa2009\/wp-json\/wp\/v2\/users\/2"}],"replies":[{"embeddable":true,"href":"https:\/\/blogs.crespel.me\/usa2009\/wp-json\/wp\/v2\/comments?post=561"}],"version-history":[{"count":28,"href":"https:\/\/blogs.crespel.me\/usa2009\/wp-json\/wp\/v2\/pages\/561\/revisions"}],"predecessor-version":[{"id":2304,"href":"https:\/\/blogs.crespel.me\/usa2009\/wp-json\/wp\/v2\/pages\/561\/revisions\/2304"}],"up":[{"embeddable":true,"href":"https:\/\/blogs.crespel.me\/usa2009\/wp-json\/wp\/v2\/pages\/369"}],"wp:attachment":[{"href":"https:\/\/blogs.crespel.me\/usa2009\/wp-json\/wp\/v2\/media?parent=561"}],"curies":[{"name":"wp","href":"https:\/\/api.w.org\/{rel}","templated":true}]}}