{"id":434,"date":"2009-07-12T16:51:36","date_gmt":"2009-07-12T14:51:36","guid":{"rendered":"http:\/\/jean.crespel.homedns.org\/?page_id=434"},"modified":"2009-09-02T23:30:11","modified_gmt":"2009-09-02T21:30:11","slug":"riverside-walk","status":"publish","type":"page","link":"https:\/\/blogs.crespel.me\/usa2009\/annexes\/randonnees-et-visites\/riverside-walk\/","title":{"rendered":"Riverside walk"},"content":{"rendered":"<h3>Description<\/h3>\n<ul>\n<li>Acc\u00e8s par la navette du Scenic Drive, dernier arr\u00eat \u00ab\u00a0Temple of Sinawava\u00a0\u00bb.<\/li>\n<li>3,5km AR, facile en terrain plat, macadam, avec panneaux d&rsquo;informations.<\/li>\n<li>Possibilit\u00e9 de continuer la marche dans la Virgin River (les Narrows) mais en \u00e9tant \u00e9quip\u00e9 (b\u00e2tons, chaussures imperm\u00e9ables et antid\u00e9rapantes).<\/li>\n<\/ul>\n<h3>Photos<\/h3>\n<p style=\"text-align: center;\"><a href=\"\/usa2009\/files\/2009\/07\/DSCF7711.JPG\"><img loading=\"lazy\" decoding=\"async\" class=\"alignnone size-thumbnail wp-image-802\" title=\"Riverside Walk (d\u00e9but)\" src=\"\/usa2009\/files\/2009\/07\/DSCF7711-150x150.jpg\" alt=\"Riverside Walk (d\u00e9but)\" width=\"150\" height=\"150\" \/><\/a> <a href=\"\/usa2009\/files\/2009\/07\/DSCF7714.JPG\"><img loading=\"lazy\" decoding=\"async\" class=\"alignnone size-thumbnail wp-image-803\" title=\"Riverside Walk\" src=\"\/usa2009\/files\/2009\/07\/DSCF7714-150x150.jpg\" alt=\"Riverside Walk\" width=\"150\" height=\"150\" \/><\/a> <a href=\"\/usa2009\/files\/2009\/07\/IMG_4429.JPG\"><img loading=\"lazy\" decoding=\"async\" class=\"alignnone size-thumbnail wp-image-435\" title=\"The Narrows\" src=\"\/usa2009\/files\/2009\/07\/IMG_4429-150x150.jpg\" alt=\"The Narrows\" width=\"150\" height=\"150\" \/><\/a><\/p>\n","protected":false},"excerpt":{"rendered":"<p>Description Acc\u00e8s par la navette du Scenic Drive, dernier arr\u00eat \u00ab\u00a0Temple of Sinawava\u00a0\u00bb. 3,5km AR, facile en terrain plat, macadam, avec panneaux d&rsquo;informations. Possibilit\u00e9 de continuer la marche dans la Virgin River (les Narrows) mais en \u00e9tant \u00e9quip\u00e9 (b\u00e2tons, chaussures imperm\u00e9ables et antid\u00e9rapantes). Photos<\/p>\n","protected":false},"author":2,"featured_media":0,"parent":569,"menu_order":0,"comment_status":"open","ping_status":"open","template":"","meta":{"footnotes":""},"class_list":["post-434","page","type-page","status-publish","hentry"],"_links":{"self":[{"href":"https:\/\/blogs.crespel.me\/usa2009\/wp-json\/wp\/v2\/pages\/434","targetHints":{"allow":["GET"]}}],"collection":[{"href":"https:\/\/blogs.crespel.me\/usa2009\/wp-json\/wp\/v2\/pages"}],"about":[{"href":"https:\/\/blogs.crespel.me\/usa2009\/wp-json\/wp\/v2\/types\/page"}],"author":[{"embeddable":true,"href":"https:\/\/blogs.crespel.me\/usa2009\/wp-json\/wp\/v2\/users\/2"}],"replies":[{"embeddable":true,"href":"https:\/\/blogs.crespel.me\/usa2009\/wp-json\/wp\/v2\/comments?post=434"}],"version-history":[{"count":10,"href":"https:\/\/blogs.crespel.me\/usa2009\/wp-json\/wp\/v2\/pages\/434\/revisions"}],"predecessor-version":[{"id":1124,"href":"https:\/\/blogs.crespel.me\/usa2009\/wp-json\/wp\/v2\/pages\/434\/revisions\/1124"}],"up":[{"embeddable":true,"href":"https:\/\/blogs.crespel.me\/usa2009\/wp-json\/wp\/v2\/pages\/569"}],"wp:attachment":[{"href":"https:\/\/blogs.crespel.me\/usa2009\/wp-json\/wp\/v2\/media?parent=434"}],"curies":[{"name":"wp","href":"https:\/\/api.w.org\/{rel}","templated":true}]}}