{"id":431,"date":"2009-07-12T16:36:29","date_gmt":"2009-07-12T14:36:29","guid":{"rendered":"http:\/\/jean.crespel.homedns.org\/?page_id=431"},"modified":"2020-06-14T19:05:08","modified_gmt":"2020-06-14T17:05:08","slug":"watchman-campground","status":"publish","type":"page","link":"https:\/\/blogs.crespel.me\/usa2009\/annexes\/campgrounds\/watchman-campground\/","title":{"rendered":"Watchman campground"},"content":{"rendered":"<h3>Description<\/h3>\n<ul>\n<li>Situ\u00e9 pr\u00e8s du Visitor Center de Zion NP.<\/li>\n<li>R\u00e9servable sur <a href=\"http:\/\/www.recreation.gov\">recreation.gov<\/a>.<\/li>\n<li>Prix 18$ pour un RV 25p et 3 personnes.<\/li>\n<li>Branchements \u00e9lectriques uniquement, 30A.<\/li>\n<li>Dump Station disponible, avec eau potable.<\/li>\n<li><strong>Ao\u00fbt 2009: note 8\/10<\/strong>. Emplacement A012-Loop A.<\/li>\n<\/ul>\n<p>Ombrag\u00e9 avec un espace suffisant, belle vue sur les falaises.<\/p>\n<p>Attention, l&rsquo;acc\u00e8s Est de Zion est r\u00e8glement\u00e9 et payant pour les CC (15$) par le tunnel (y rouler en convoi&#8230; et au milieu&#8230;).<\/p>\n<h3>Photos<\/h3>\n<p style=\"text-align: center\"><a href=\"\/usa2009\/files\/2009\/07\/DSCF7702.JPG\"><img loading=\"lazy\" decoding=\"async\" class=\"alignnone size-thumbnail wp-image-797\" title=\"Watchman campground\" src=\"\/usa2009\/files\/2009\/07\/DSCF7702-150x150.jpg\" alt=\"Watchman campground\" width=\"150\" height=\"150\" \/><\/a> <a href=\"\/usa2009\/files\/2009\/07\/DSCF7705.JPG\"><img loading=\"lazy\" decoding=\"async\" class=\"alignnone size-thumbnail wp-image-798\" title=\"Watchman campground\" src=\"\/usa2009\/files\/2009\/07\/DSCF7705-150x150.jpg\" alt=\"Watchman campground\" width=\"150\" height=\"150\" \/><\/a> <a href=\"\/usa2009\/files\/2009\/07\/DSCF7707.JPG\"><img loading=\"lazy\" decoding=\"async\" class=\"alignnone size-thumbnail wp-image-799\" title=\"Vue depuis le CC \u00e0 Zion Watchman\" src=\"\/usa2009\/files\/2009\/07\/DSCF7707-150x150.jpg\" alt=\"Vue depuis le CC \u00e0 Zion Watchman\" width=\"150\" height=\"150\" \/><\/a><\/p>\n","protected":false},"excerpt":{"rendered":"<p>Description Situ\u00e9 pr\u00e8s du Visitor Center de Zion NP. R\u00e9servable sur recreation.gov. Prix 18$ pour un RV 25p et 3 personnes. Branchements \u00e9lectriques uniquement, 30A. Dump Station disponible, avec eau potable. Ao\u00fbt 2009: note 8\/10. Emplacement A012-Loop A. Ombrag\u00e9 avec un espace suffisant, belle vue sur les falaises. Attention, l&rsquo;acc\u00e8s Est de Zion est r\u00e8glement\u00e9 [&hellip;]<\/p>\n","protected":false},"author":2,"featured_media":0,"parent":561,"menu_order":0,"comment_status":"open","ping_status":"open","template":"","meta":{"footnotes":""},"class_list":["post-431","page","type-page","status-publish","hentry"],"_links":{"self":[{"href":"https:\/\/blogs.crespel.me\/usa2009\/wp-json\/wp\/v2\/pages\/431","targetHints":{"allow":["GET"]}}],"collection":[{"href":"https:\/\/blogs.crespel.me\/usa2009\/wp-json\/wp\/v2\/pages"}],"about":[{"href":"https:\/\/blogs.crespel.me\/usa2009\/wp-json\/wp\/v2\/types\/page"}],"author":[{"embeddable":true,"href":"https:\/\/blogs.crespel.me\/usa2009\/wp-json\/wp\/v2\/users\/2"}],"replies":[{"embeddable":true,"href":"https:\/\/blogs.crespel.me\/usa2009\/wp-json\/wp\/v2\/comments?post=431"}],"version-history":[{"count":11,"href":"https:\/\/blogs.crespel.me\/usa2009\/wp-json\/wp\/v2\/pages\/431\/revisions"}],"predecessor-version":[{"id":2316,"href":"https:\/\/blogs.crespel.me\/usa2009\/wp-json\/wp\/v2\/pages\/431\/revisions\/2316"}],"up":[{"embeddable":true,"href":"https:\/\/blogs.crespel.me\/usa2009\/wp-json\/wp\/v2\/pages\/561"}],"wp:attachment":[{"href":"https:\/\/blogs.crespel.me\/usa2009\/wp-json\/wp\/v2\/media?parent=431"}],"curies":[{"name":"wp","href":"https:\/\/api.w.org\/{rel}","templated":true}]}}