{"id":425,"date":"2009-07-12T16:07:17","date_gmt":"2009-07-12T14:07:17","guid":{"rendered":"http:\/\/jean.crespel.homedns.org\/?page_id=425"},"modified":"2013-06-12T11:51:43","modified_gmt":"2013-06-12T09:51:43","slug":"atlatl-rock-campground","status":"publish","type":"page","link":"https:\/\/blogs.crespel.me\/usa2009\/annexes\/campgrounds\/atlatl-rock-campground\/","title":{"rendered":"Atlatl Rock campground"},"content":{"rendered":"<h3>Description<\/h3>\n<ul>\n<li>Situ\u00e9 apr\u00e8s l&rsquo;entr\u00e9e Ouest (Scenic Road puis 1\u00e8re route \u00e0 gauche en allant vers l&rsquo;Est).<\/li>\n<li>Pas de r\u00e9servation (first come, first serve).<\/li>\n<li>Prix 24$ pour un RV25p, 3 personnes avec l&rsquo;entr\u00e9e du parc incluse.<\/li>\n<li>Branchements eau et \u00e9lectricit\u00e9 30A.<\/li>\n<li><strong>Ao\u00fbt 2009: note 9\/10.<\/strong><\/li>\n<\/ul>\n<p>Arriv\u00e9e dans le noir complet et d\u00e9couverte d&rsquo;un environnement incroyable au petit matin &#8230; Sans oublier l&rsquo;humour du ranger lors du paiement : \u00ab\u00a0Les fran\u00e7ais comprennent vite quand il s&rsquo;agit d&rsquo;argent !\u00a0\u00bb.<\/p>\n<p>De l&rsquo;espace et un calme impressionnant, \u00e0 retenir dans nos pr\u00e9f\u00e9r\u00e9s.<\/p>\n<h3>Photos<\/h3>\n<p style=\"text-align: center\"><a href=\"\/usa2009\/files\/2009\/07\/DSCF76521.JPG\"><img loading=\"lazy\" decoding=\"async\" class=\"alignnone size-thumbnail wp-image-792\" title=\"Atlatl Rock campground\" alt=\"Atlatl Rock campground\" src=\"\/usa2009\/files\/2009\/07\/DSCF76521-150x150.jpg\" width=\"150\" height=\"150\" \/><\/a> <a href=\"\/usa2009\/files\/2009\/07\/DSCF7657.JPG\"><img loading=\"lazy\" decoding=\"async\" class=\"alignnone size-thumbnail wp-image-793\" title=\"Atlatl Rock campground\" alt=\"Atlatl Rock campground\" src=\"\/usa2009\/files\/2009\/07\/DSCF7657-150x150.jpg\" width=\"150\" height=\"150\" \/><\/a> <a href=\"\/usa2009\/files\/2009\/07\/DSCF7654.JPG\"><img loading=\"lazy\" decoding=\"async\" class=\"alignnone size-thumbnail wp-image-794\" title=\"Vue depuis le CC \u00e0 Valley of Fire\" alt=\"Vue depuis le CC \u00e0 Valley of Fire\" src=\"\/usa2009\/files\/2009\/07\/DSCF7654-150x150.jpg\" width=\"150\" height=\"150\" \/><\/a><\/p>\n","protected":false},"excerpt":{"rendered":"<p>Description Situ\u00e9 apr\u00e8s l&rsquo;entr\u00e9e Ouest (Scenic Road puis 1\u00e8re route \u00e0 gauche en allant vers l&rsquo;Est). Pas de r\u00e9servation (first come, first serve). Prix 24$ pour un RV25p, 3 personnes avec l&rsquo;entr\u00e9e du parc incluse. Branchements eau et \u00e9lectricit\u00e9 30A. Ao\u00fbt 2009: note 9\/10. Arriv\u00e9e dans le noir complet et d\u00e9couverte d&rsquo;un environnement incroyable au [&hellip;]<\/p>\n","protected":false},"author":2,"featured_media":0,"parent":561,"menu_order":0,"comment_status":"open","ping_status":"open","template":"","meta":{"footnotes":""},"class_list":["post-425","page","type-page","status-publish","hentry"],"_links":{"self":[{"href":"https:\/\/blogs.crespel.me\/usa2009\/wp-json\/wp\/v2\/pages\/425","targetHints":{"allow":["GET"]}}],"collection":[{"href":"https:\/\/blogs.crespel.me\/usa2009\/wp-json\/wp\/v2\/pages"}],"about":[{"href":"https:\/\/blogs.crespel.me\/usa2009\/wp-json\/wp\/v2\/types\/page"}],"author":[{"embeddable":true,"href":"https:\/\/blogs.crespel.me\/usa2009\/wp-json\/wp\/v2\/users\/2"}],"replies":[{"embeddable":true,"href":"https:\/\/blogs.crespel.me\/usa2009\/wp-json\/wp\/v2\/comments?post=425"}],"version-history":[{"count":12,"href":"https:\/\/blogs.crespel.me\/usa2009\/wp-json\/wp\/v2\/pages\/425\/revisions"}],"predecessor-version":[{"id":428,"href":"https:\/\/blogs.crespel.me\/usa2009\/wp-json\/wp\/v2\/pages\/425\/revisions\/428"}],"up":[{"embeddable":true,"href":"https:\/\/blogs.crespel.me\/usa2009\/wp-json\/wp\/v2\/pages\/561"}],"wp:attachment":[{"href":"https:\/\/blogs.crespel.me\/usa2009\/wp-json\/wp\/v2\/media?parent=425"}],"curies":[{"name":"wp","href":"https:\/\/api.w.org\/{rel}","templated":true}]}}