{"id":2179,"date":"2010-01-18T14:28:46","date_gmt":"2010-01-18T13:28:46","guid":{"rendered":"http:\/\/jean.crespel.me\/?page_id=2179"},"modified":"2014-01-14T17:22:55","modified_gmt":"2014-01-14T16:22:55","slug":"commerces-dalimentation","status":"publish","type":"page","link":"https:\/\/blogs.crespel.me\/usa2009\/annexes\/commerces-dalimentation\/","title":{"rendered":"Commerces d&rsquo;alimentation"},"content":{"rendered":"<h3>Les surprises:<\/h3>\n<ul>\n<li>Les cornichons sucr\u00e9s.<\/li>\n<li>Les frites au go\u00fbt paprika.<\/li>\n<li>Le jambon au miel.<\/li>\n<li>Les pizzas de 16 pouces (40cm).<\/li>\n<li>Les oeufs \u00ab\u00a0blancs comme neige\u00a0\u00bb.<\/li>\n<li>Les p\u00e2tisseries multicolores fluos.<\/li>\n<li>Les portions taille XXL.<\/li>\n<li>Les brumisateurs du rayon l\u00e9gumes.<\/li>\n<li>L&rsquo;interdiction de sortir des boissons alcoolis\u00e9es (des supermarch\u00e9s) avant 10h00 du matin (en Utah principalement).<\/li>\n<\/ul>\n<h3>Les Adresses test\u00e9es:<\/h3>\n<ul>\n<li>Walmart \u00e0 Las Vegas, au 3072 E, Tropicana Avenue soit \u00e0 4 miles de CruiseAmerica (remonter Boulder Av vers le Nord sur 0,9 miles puis Tropicana Av vers l&rsquo;Ouest sur 3,2 miles).<\/li>\n<li>Walmart \u00e0 St George, sur I.15 direction Nord, sortie 10 (Washington) juste apr\u00e8s Red Cliffs Mall, sur la droite.<\/li>\n<li>Joe&rsquo;s Market \u00e0 Panguitch au 10 South Main Street, carrefour de la 89 et la 143.<\/li>\n<li>Esca-Latte Coffee Shop 310 West Main Street \u00e0 Escalante (pizzas, vins, restauration, bonne adresse).<\/li>\n<li>City Market \u00e0 Moab, 425 South Main Street (en face de FORD) vers la sortie Sud sur la 191.<\/li>\n<li>City Market \u00e0 Cortez, 508 East Main Street, sur la 160 vers l&rsquo;Est et MesaVerde.<\/li>\n<li>Bashas Dine Market \u00e0 Kayenta, pr\u00e8s du carrefour 160\/163.<\/li>\n<li>Walmart \u00e0 Page, 1017 Industrial Road, entre la 89 et la 98 (Sud-Ouest du centre).<\/li>\n<li>Market Plaza \u00e0 Grand Canyon South Rim, \u00e0 l&rsquo;Est de GCvillage, pr\u00e8s du Mather campground.<\/li>\n<li>Safeway \u00e0 Holbrook, 702 W sur Hopi Drive, en face du Wigwam motel, \u00e0 0,5 mile de Navajo blvd et 1 mile de la sortie 285 sur la I.40.<\/li>\n<li>Walmart \u00e0 Kingman, 3396 Stockton Hill Road, \u00e0 0,3 mile (vers le Nord) de la sortie 51 sur la I.40.<\/li>\n<li>Et bien s\u00fbr dans les stations services, les General Store des parcs, etc&#8230;<\/li>\n<\/ul>\n","protected":false},"excerpt":{"rendered":"<p>Les surprises: Les cornichons sucr\u00e9s. Les frites au go\u00fbt paprika. Le jambon au miel. Les pizzas de 16 pouces (40cm). Les oeufs \u00ab\u00a0blancs comme neige\u00a0\u00bb. Les p\u00e2tisseries multicolores fluos. Les portions taille XXL. Les brumisateurs du rayon l\u00e9gumes. L&rsquo;interdiction de sortir des boissons alcoolis\u00e9es (des supermarch\u00e9s) avant 10h00 du matin (en Utah principalement). Les Adresses [&hellip;]<\/p>\n","protected":false},"author":2,"featured_media":0,"parent":369,"menu_order":0,"comment_status":"open","ping_status":"open","template":"","meta":{"footnotes":""},"class_list":["post-2179","page","type-page","status-publish","hentry"],"_links":{"self":[{"href":"https:\/\/blogs.crespel.me\/usa2009\/wp-json\/wp\/v2\/pages\/2179","targetHints":{"allow":["GET"]}}],"collection":[{"href":"https:\/\/blogs.crespel.me\/usa2009\/wp-json\/wp\/v2\/pages"}],"about":[{"href":"https:\/\/blogs.crespel.me\/usa2009\/wp-json\/wp\/v2\/types\/page"}],"author":[{"embeddable":true,"href":"https:\/\/blogs.crespel.me\/usa2009\/wp-json\/wp\/v2\/users\/2"}],"replies":[{"embeddable":true,"href":"https:\/\/blogs.crespel.me\/usa2009\/wp-json\/wp\/v2\/comments?post=2179"}],"version-history":[{"count":12,"href":"https:\/\/blogs.crespel.me\/usa2009\/wp-json\/wp\/v2\/pages\/2179\/revisions"}],"predecessor-version":[{"id":2293,"href":"https:\/\/blogs.crespel.me\/usa2009\/wp-json\/wp\/v2\/pages\/2179\/revisions\/2293"}],"up":[{"embeddable":true,"href":"https:\/\/blogs.crespel.me\/usa2009\/wp-json\/wp\/v2\/pages\/369"}],"wp:attachment":[{"href":"https:\/\/blogs.crespel.me\/usa2009\/wp-json\/wp\/v2\/media?parent=2179"}],"curies":[{"name":"wp","href":"https:\/\/api.w.org\/{rel}","templated":true}]}}