{"id":2159,"date":"2009-12-19T13:40:52","date_gmt":"2009-12-19T11:40:52","guid":{"rendered":"http:\/\/jean.crespel.me\/?page_id=2159"},"modified":"2009-12-19T13:40:52","modified_gmt":"2009-12-19T11:40:52","slug":"graceland-wedding-chapel","status":"publish","type":"page","link":"https:\/\/blogs.crespel.me\/usa2009\/annexes\/randonnees-et-visites\/graceland-wedding-chapel\/","title":{"rendered":"Graceland Wedding Chapel"},"content":{"rendered":"<h3>Description<\/h3>\n<ul>\n<li>La Graceland Wedding Chapel est situ\u00e9e sur Las Vegas Blvd entre Fremont Street et le Stratosph\u00e8re.<\/li>\n<li>Comme son nom l&rsquo;indique c&rsquo;est une des (nombreuses) chapelles o\u00f9 l&rsquo;on peut se (re)marier.<\/li>\n<li>C&rsquo;est un \u00ab\u00a0Elvis\u00a0\u00bb plus beau que nature&#8230; qui officie. C&rsquo;est tr\u00e8s kitch mais bien dans l&rsquo;esprit de Las Vegas.<\/li>\n<li>Nous y avons f\u00eat\u00e9 nos 30 ans de mariage et \u00e7a restera un beau souvenir.<\/li>\n<li>En cl\u00f4ture nous avons assist\u00e9 aux 2 spectacles son et lumi\u00e8re sur Fremont Street, Merveilleux.<\/li>\n<\/ul>\n<h3>Photos<\/h3>\n<p style=\"text-align: center;\"><a href=\"\/usa2009\/files\/2009\/12\/IMG_0294.JPG\"><img loading=\"lazy\" decoding=\"async\" class=\"alignnone size-thumbnail wp-image-2160\" title=\"C\u2019est \u00e9crit dessus\" src=\"\/usa2009\/files\/2009\/12\/IMG_0294-150x150.jpg\" alt=\"C\u2019est \u00e9crit dessus\" width=\"150\" height=\"150\" \/><\/a> <a href=\"\/usa2009\/files\/2009\/12\/IMG_0295.JPG\"><img loading=\"lazy\" decoding=\"async\" class=\"alignnone size-thumbnail wp-image-2161\" title=\"Graceland Chapel\" src=\"\/usa2009\/files\/2009\/12\/IMG_0295-150x150.jpg\" alt=\"Graceland Chapel\" width=\"150\" height=\"150\" \/><\/a> <a href=\"\/usa2009\/files\/2009\/12\/IMG_0330.JPG\"><img loading=\"lazy\" decoding=\"async\" class=\"alignnone size-thumbnail wp-image-2162\" title=\"Fremont Street\" src=\"\/usa2009\/files\/2009\/12\/IMG_0330-150x150.jpg\" alt=\"Fremont Street\" width=\"150\" height=\"150\" \/><\/a><\/p>\n","protected":false},"excerpt":{"rendered":"<p>Description La Graceland Wedding Chapel est situ\u00e9e sur Las Vegas Blvd entre Fremont Street et le Stratosph\u00e8re. Comme son nom l&rsquo;indique c&rsquo;est une des (nombreuses) chapelles o\u00f9 l&rsquo;on peut se (re)marier. C&rsquo;est un \u00ab\u00a0Elvis\u00a0\u00bb plus beau que nature&#8230; qui officie. C&rsquo;est tr\u00e8s kitch mais bien dans l&rsquo;esprit de Las Vegas. Nous y avons f\u00eat\u00e9 nos [&hellip;]<\/p>\n","protected":false},"author":2,"featured_media":0,"parent":569,"menu_order":0,"comment_status":"open","ping_status":"open","template":"","meta":{"footnotes":""},"class_list":["post-2159","page","type-page","status-publish","hentry"],"_links":{"self":[{"href":"https:\/\/blogs.crespel.me\/usa2009\/wp-json\/wp\/v2\/pages\/2159","targetHints":{"allow":["GET"]}}],"collection":[{"href":"https:\/\/blogs.crespel.me\/usa2009\/wp-json\/wp\/v2\/pages"}],"about":[{"href":"https:\/\/blogs.crespel.me\/usa2009\/wp-json\/wp\/v2\/types\/page"}],"author":[{"embeddable":true,"href":"https:\/\/blogs.crespel.me\/usa2009\/wp-json\/wp\/v2\/users\/2"}],"replies":[{"embeddable":true,"href":"https:\/\/blogs.crespel.me\/usa2009\/wp-json\/wp\/v2\/comments?post=2159"}],"version-history":[{"count":3,"href":"https:\/\/blogs.crespel.me\/usa2009\/wp-json\/wp\/v2\/pages\/2159\/revisions"}],"predecessor-version":[{"id":2169,"href":"https:\/\/blogs.crespel.me\/usa2009\/wp-json\/wp\/v2\/pages\/2159\/revisions\/2169"}],"up":[{"embeddable":true,"href":"https:\/\/blogs.crespel.me\/usa2009\/wp-json\/wp\/v2\/pages\/569"}],"wp:attachment":[{"href":"https:\/\/blogs.crespel.me\/usa2009\/wp-json\/wp\/v2\/media?parent=2159"}],"curies":[{"name":"wp","href":"https:\/\/api.w.org\/{rel}","templated":true}]}}