{"id":2151,"date":"2009-12-19T13:36:30","date_gmt":"2009-12-19T11:36:30","guid":{"rendered":"http:\/\/jean.crespel.me\/?page_id=2151"},"modified":"2009-12-19T13:36:30","modified_gmt":"2009-12-19T11:36:30","slug":"borax-museum","status":"publish","type":"page","link":"https:\/\/blogs.crespel.me\/usa2009\/annexes\/randonnees-et-visites\/borax-museum\/","title":{"rendered":"Borax Museum"},"content":{"rendered":"<h3>Description<\/h3>\n<ul>\n<li>Le Borax Museum est situ\u00e9 \u00e0 Furnace Creek Ranch, au milieu de la Death Valley.<\/li>\n<li>Acc\u00e8s gratuit de 9h00 \u00e0 21h00.<\/li>\n<li>Ce mus\u00e9e est install\u00e9 dans la plus vieille maison de la Death Valley, baraque de 1883 en provenance du canyon des 20 mules.<\/li>\n<li>Il est \u00e0 la gloire des pionniers et de l&rsquo;exploitation du Borax, minerai d\u00e9couvert en 1875 par un Fran\u00e7ais.<\/li>\n<\/ul>\n<h3>Photos<\/h3>\n<p style=\"text-align: center;\"><a href=\"\/usa2009\/files\/2009\/12\/DSCF8925.JPG\"><img loading=\"lazy\" decoding=\"async\" class=\"alignnone size-thumbnail wp-image-2153\" title=\"Borax Museum\" src=\"\/usa2009\/files\/2009\/12\/DSCF8925-150x150.jpg\" alt=\"Borax Museum\" width=\"150\" height=\"150\" \/><\/a> <a href=\"\/usa2009\/files\/2009\/12\/DSCF8924.JPG\"><img loading=\"lazy\" decoding=\"async\" class=\"alignnone size-thumbnail wp-image-2154\" title=\"Bar \u00e0 Furnace Creek\" src=\"\/usa2009\/files\/2009\/12\/DSCF8924-150x150.jpg\" alt=\"Bar \u00e0 Furnace Creek\" width=\"150\" height=\"150\" \/><\/a> <a href=\"\/usa2009\/files\/2009\/12\/DSCF8923.JPG\"><img loading=\"lazy\" decoding=\"async\" class=\"alignnone size-thumbnail wp-image-2155\" title=\"Furnace Creek Ranch\" src=\"\/usa2009\/files\/2009\/12\/DSCF8923-150x150.jpg\" alt=\"Furnace Creek Ranch\" width=\"150\" height=\"150\" \/><\/a><\/p>\n","protected":false},"excerpt":{"rendered":"<p>Description Le Borax Museum est situ\u00e9 \u00e0 Furnace Creek Ranch, au milieu de la Death Valley. Acc\u00e8s gratuit de 9h00 \u00e0 21h00. Ce mus\u00e9e est install\u00e9 dans la plus vieille maison de la Death Valley, baraque de 1883 en provenance du canyon des 20 mules. Il est \u00e0 la gloire des pionniers et de l&rsquo;exploitation [&hellip;]<\/p>\n","protected":false},"author":2,"featured_media":0,"parent":569,"menu_order":0,"comment_status":"open","ping_status":"open","template":"","meta":{"footnotes":""},"class_list":["post-2151","page","type-page","status-publish","hentry"],"_links":{"self":[{"href":"https:\/\/blogs.crespel.me\/usa2009\/wp-json\/wp\/v2\/pages\/2151","targetHints":{"allow":["GET"]}}],"collection":[{"href":"https:\/\/blogs.crespel.me\/usa2009\/wp-json\/wp\/v2\/pages"}],"about":[{"href":"https:\/\/blogs.crespel.me\/usa2009\/wp-json\/wp\/v2\/types\/page"}],"author":[{"embeddable":true,"href":"https:\/\/blogs.crespel.me\/usa2009\/wp-json\/wp\/v2\/users\/2"}],"replies":[{"embeddable":true,"href":"https:\/\/blogs.crespel.me\/usa2009\/wp-json\/wp\/v2\/comments?post=2151"}],"version-history":[{"count":4,"href":"https:\/\/blogs.crespel.me\/usa2009\/wp-json\/wp\/v2\/pages\/2151\/revisions"}],"predecessor-version":[{"id":2166,"href":"https:\/\/blogs.crespel.me\/usa2009\/wp-json\/wp\/v2\/pages\/2151\/revisions\/2166"}],"up":[{"embeddable":true,"href":"https:\/\/blogs.crespel.me\/usa2009\/wp-json\/wp\/v2\/pages\/569"}],"wp:attachment":[{"href":"https:\/\/blogs.crespel.me\/usa2009\/wp-json\/wp\/v2\/media?parent=2151"}],"curies":[{"name":"wp","href":"https:\/\/api.w.org\/{rel}","templated":true}]}}