{"id":2134,"date":"2009-12-19T13:38:21","date_gmt":"2009-12-19T11:38:21","guid":{"rendered":"http:\/\/jean.crespel.me\/?page_id=2134"},"modified":"2009-12-19T13:38:21","modified_gmt":"2009-12-19T11:38:21","slug":"chloride","status":"publish","type":"page","link":"https:\/\/blogs.crespel.me\/usa2009\/annexes\/randonnees-et-visites\/chloride\/","title":{"rendered":"Chloride"},"content":{"rendered":"<h3>Description<\/h3>\n<ul>\n<li>Chloride, ancienne ville de chercheurs d&rsquo;or, est situ\u00e9e pr\u00e8s de la route 93, \u00e0 22 miles au Nord de Kingman, vers Las Vegas.<\/li>\n<li>Depuis Grasshopper Jct il reste 3,7 miles pour y parvenir.<\/li>\n<li>Vers 1880, environ 5000 personnes vivaient \u00e0 Chloride, actuellement 150 personnes.<\/li>\n<li>Le Visitor Center est situ\u00e9 dans l&rsquo;ancienne \u00e9picerie (\u00e0 droite apr\u00e8s le carrefour).<\/li>\n<li>Faire ce petit d\u00e9tour pour retrouver un peu de folklore de la ru\u00e9e vers l&rsquo;or.<\/li>\n<\/ul>\n<h3>Photos<\/h3>\n<p style=\"text-align: center;\"><a href=\"\/usa2009\/files\/2009\/12\/IMG_0100.JPG\"><img loading=\"lazy\" decoding=\"async\" class=\"alignnone size-thumbnail wp-image-2136\" title=\"Bienvenue \u00e0 Chloride\" src=\"\/usa2009\/files\/2009\/12\/IMG_0100-150x150.jpg\" alt=\"Bienvenue \u00e0 Chloride\" width=\"150\" height=\"150\" \/><\/a> <a href=\"\/usa2009\/files\/2009\/12\/DSCF8851.JPG\"><img loading=\"lazy\" decoding=\"async\" class=\"alignnone size-thumbnail wp-image-2137\" title=\"Chloride Visitor Center\" src=\"\/usa2009\/files\/2009\/12\/DSCF8851-150x150.jpg\" alt=\"Chloride Visitor Center\" width=\"150\" height=\"150\" \/><\/a> <a href=\"\/usa2009\/files\/2009\/12\/DSCF8849.JPG\"><img loading=\"lazy\" decoding=\"async\" class=\"alignnone size-thumbnail wp-image-2138\" title=\"Chloride\" src=\"\/usa2009\/files\/2009\/12\/DSCF8849-150x150.jpg\" alt=\"Chloride\" width=\"150\" height=\"150\" \/><\/a><\/p>\n","protected":false},"excerpt":{"rendered":"<p>Description Chloride, ancienne ville de chercheurs d&rsquo;or, est situ\u00e9e pr\u00e8s de la route 93, \u00e0 22 miles au Nord de Kingman, vers Las Vegas. Depuis Grasshopper Jct il reste 3,7 miles pour y parvenir. Vers 1880, environ 5000 personnes vivaient \u00e0 Chloride, actuellement 150 personnes. Le Visitor Center est situ\u00e9 dans l&rsquo;ancienne \u00e9picerie (\u00e0 droite [&hellip;]<\/p>\n","protected":false},"author":2,"featured_media":0,"parent":569,"menu_order":0,"comment_status":"open","ping_status":"open","template":"","meta":{"footnotes":""},"class_list":["post-2134","page","type-page","status-publish","hentry"],"_links":{"self":[{"href":"https:\/\/blogs.crespel.me\/usa2009\/wp-json\/wp\/v2\/pages\/2134","targetHints":{"allow":["GET"]}}],"collection":[{"href":"https:\/\/blogs.crespel.me\/usa2009\/wp-json\/wp\/v2\/pages"}],"about":[{"href":"https:\/\/blogs.crespel.me\/usa2009\/wp-json\/wp\/v2\/types\/page"}],"author":[{"embeddable":true,"href":"https:\/\/blogs.crespel.me\/usa2009\/wp-json\/wp\/v2\/users\/2"}],"replies":[{"embeddable":true,"href":"https:\/\/blogs.crespel.me\/usa2009\/wp-json\/wp\/v2\/comments?post=2134"}],"version-history":[{"count":4,"href":"https:\/\/blogs.crespel.me\/usa2009\/wp-json\/wp\/v2\/pages\/2134\/revisions"}],"predecessor-version":[{"id":2167,"href":"https:\/\/blogs.crespel.me\/usa2009\/wp-json\/wp\/v2\/pages\/2134\/revisions\/2167"}],"up":[{"embeddable":true,"href":"https:\/\/blogs.crespel.me\/usa2009\/wp-json\/wp\/v2\/pages\/569"}],"wp:attachment":[{"href":"https:\/\/blogs.crespel.me\/usa2009\/wp-json\/wp\/v2\/media?parent=2134"}],"curies":[{"name":"wp","href":"https:\/\/api.w.org\/{rel}","templated":true}]}}