{"id":2116,"date":"2009-12-19T13:45:34","date_gmt":"2009-12-19T11:45:34","guid":{"rendered":"http:\/\/jean.crespel.me\/?page_id=2116"},"modified":"2009-12-19T13:45:34","modified_gmt":"2009-12-19T11:45:34","slug":"oatman","status":"publish","type":"page","link":"https:\/\/blogs.crespel.me\/usa2009\/annexes\/randonnees-et-visites\/oatman\/","title":{"rendered":"Oatman"},"content":{"rendered":"<h3>Description<\/h3>\n<ul>\n<li>Oatman est situ\u00e9e \u00e0 28 miles \u00e0 l&rsquo;Ouest de Kingman (par la route 10\/66), et 22 miles au Sud de Bulhead City (par les routes 95\/153).<\/li>\n<li>En venant de Kingman, apr\u00e8s une interminable ligne droite (bord\u00e9e d&rsquo;alignements de boites \u00e0 lettres), on attaque les lacets de la Sitgreaves Pass (\u00e9troite, mais tr\u00e8s praticable, m\u00eame avec un camping-car de 7,60m). Je trouve ce sens plus int\u00e9ressant que si l&rsquo;on vient du Nord.<\/li>\n<li>C&rsquo;est une ancienne ville de colons puis de chercheurs d&rsquo;or (au plus fort, pr\u00e8s de 10.000 personnes vivaient \u00e0 Oatman), qui est devenue \u00ab\u00a0folklorique\u00a0\u00bb mais bien sympa, un rendez vous de bikers et de nostalgiques, o\u00f9 les \u00e2nes se prom\u00e8nent en libert\u00e9.<\/li>\n<\/ul>\n<h3>Photos<\/h3>\n<p style=\"text-align: center;\"><a href=\"\/usa2009\/files\/2009\/12\/IMG_0074.JPG\"><img loading=\"lazy\" decoding=\"async\" class=\"alignnone size-thumbnail wp-image-2119\" title=\"Mont\u00e9e vers Sitgreaves Pass\" src=\"\/usa2009\/files\/2009\/12\/IMG_0074-150x150.jpg\" alt=\"Mont\u00e9e vers Sitgreaves Pass\" width=\"150\" height=\"150\" \/><\/a> <a href=\"\/usa2009\/files\/2009\/12\/IMG_0078.JPG\"><img loading=\"lazy\" decoding=\"async\" class=\"alignnone size-thumbnail wp-image-2120\" title=\"Oatman Main Street\" src=\"\/usa2009\/files\/2009\/12\/IMG_0078-150x150.jpg\" alt=\"Oatman Main Street\" width=\"150\" height=\"150\" \/><\/a> <a href=\"\/usa2009\/files\/2009\/12\/DSCF8840.JPG\"><img loading=\"lazy\" decoding=\"async\" class=\"alignnone size-thumbnail wp-image-2121\" title=\"Bikers \u00e0 Oatman\" src=\"\/usa2009\/files\/2009\/12\/DSCF8840-150x150.jpg\" alt=\"Bikers \u00e0 Oatman\" width=\"150\" height=\"150\" \/><\/a><\/p>\n","protected":false},"excerpt":{"rendered":"<p>Description Oatman est situ\u00e9e \u00e0 28 miles \u00e0 l&rsquo;Ouest de Kingman (par la route 10\/66), et 22 miles au Sud de Bulhead City (par les routes 95\/153). En venant de Kingman, apr\u00e8s une interminable ligne droite (bord\u00e9e d&rsquo;alignements de boites \u00e0 lettres), on attaque les lacets de la Sitgreaves Pass (\u00e9troite, mais tr\u00e8s praticable, m\u00eame [&hellip;]<\/p>\n","protected":false},"author":2,"featured_media":0,"parent":569,"menu_order":0,"comment_status":"open","ping_status":"open","template":"","meta":{"footnotes":""},"class_list":["post-2116","page","type-page","status-publish","hentry"],"_links":{"self":[{"href":"https:\/\/blogs.crespel.me\/usa2009\/wp-json\/wp\/v2\/pages\/2116","targetHints":{"allow":["GET"]}}],"collection":[{"href":"https:\/\/blogs.crespel.me\/usa2009\/wp-json\/wp\/v2\/pages"}],"about":[{"href":"https:\/\/blogs.crespel.me\/usa2009\/wp-json\/wp\/v2\/types\/page"}],"author":[{"embeddable":true,"href":"https:\/\/blogs.crespel.me\/usa2009\/wp-json\/wp\/v2\/users\/2"}],"replies":[{"embeddable":true,"href":"https:\/\/blogs.crespel.me\/usa2009\/wp-json\/wp\/v2\/comments?post=2116"}],"version-history":[{"count":6,"href":"https:\/\/blogs.crespel.me\/usa2009\/wp-json\/wp\/v2\/pages\/2116\/revisions"}],"predecessor-version":[{"id":2173,"href":"https:\/\/blogs.crespel.me\/usa2009\/wp-json\/wp\/v2\/pages\/2116\/revisions\/2173"}],"up":[{"embeddable":true,"href":"https:\/\/blogs.crespel.me\/usa2009\/wp-json\/wp\/v2\/pages\/569"}],"wp:attachment":[{"href":"https:\/\/blogs.crespel.me\/usa2009\/wp-json\/wp\/v2\/media?parent=2116"}],"curies":[{"name":"wp","href":"https:\/\/api.w.org\/{rel}","templated":true}]}}