{"id":2108,"date":"2009-12-19T13:44:10","date_gmt":"2009-12-19T11:44:10","guid":{"rendered":"http:\/\/jean.crespel.me\/?page_id=2108"},"modified":"2009-12-19T13:44:10","modified_gmt":"2009-12-19T11:44:10","slug":"mohave-museum","status":"publish","type":"page","link":"https:\/\/blogs.crespel.me\/usa2009\/annexes\/randonnees-et-visites\/mohave-museum\/","title":{"rendered":"Mohave Museum"},"content":{"rendered":"<h3>Description<\/h3>\n<ul>\n<li>Le Mohave Museum of History and Arts est situ\u00e9 pr\u00e8s de l&rsquo;entr\u00e9e Ouest de Kingman, sur la route 66 et pr\u00e8s du PowerHouse Visitor Center.<\/li>\n<li>Ouvert de 9h00 \u00e0 18h00, entr\u00e9e 3$ coupl\u00e9e avec le Mus\u00e9e de la route 66.<\/li>\n<li>Cr\u00e9\u00e9 en 1961, il retrace l&rsquo;histoire du Mohave County et du Northwest Arizona.<\/li>\n<li>Les Indiens Hualapai y sont pr\u00e9sent\u00e9s (habitat, coutumes, artisanat).<\/li>\n<li>Exposition tr\u00e8s int\u00e9ressante de tapis Navajos, de poteries et paniers, de poup\u00e9es Kachina (Hopi),<\/li>\n<li>Voir aussi la Galerie des Pr\u00e9sidents (Am\u00e9ricains bien s\u00fbr !), l&rsquo;exposition sur l&rsquo;acteur Andy DEVINE (1905\/1977) et de nombreux autres th\u00e8mes.<\/li>\n<li>Ce mus\u00e9e tr\u00e8s vari\u00e9, m\u00e9rite d&rsquo;y consacrer un peu de temps (1h30 mini).<\/li>\n<\/ul>\n<h3>Photos<\/h3>\n<p style=\"text-align: center;\"><a href=\"\/usa2009\/files\/2009\/12\/DSCF8817.JPG\"><img loading=\"lazy\" decoding=\"async\" class=\"alignnone size-thumbnail wp-image-2110\" title=\"Entr\u00e9e du Mohave Museum\" src=\"\/usa2009\/files\/2009\/12\/DSCF8817-150x150.jpg\" alt=\"Entr\u00e9e du Mohave Museum\" width=\"150\" height=\"150\" \/><\/a> <a href=\"\/usa2009\/files\/2009\/12\/DSCF8816.JPG\"><img loading=\"lazy\" decoding=\"async\" class=\"alignnone size-thumbnail wp-image-2111\" title=\"Salle Musique\" src=\"\/usa2009\/files\/2009\/12\/DSCF8816-150x150.jpg\" alt=\"Salle Musique\" width=\"150\" height=\"150\" \/><\/a> <a href=\"\/usa2009\/files\/2009\/12\/DSCF8813.JPG\"><img loading=\"lazy\" decoding=\"async\" class=\"alignnone size-thumbnail wp-image-2112\" title=\"Les Pr\u00e9sidents\" src=\"\/usa2009\/files\/2009\/12\/DSCF8813-150x150.jpg\" alt=\"Les Pr\u00e9sidents\" width=\"150\" height=\"150\" \/><\/a><\/p>\n","protected":false},"excerpt":{"rendered":"<p>Description Le Mohave Museum of History and Arts est situ\u00e9 pr\u00e8s de l&rsquo;entr\u00e9e Ouest de Kingman, sur la route 66 et pr\u00e8s du PowerHouse Visitor Center. Ouvert de 9h00 \u00e0 18h00, entr\u00e9e 3$ coupl\u00e9e avec le Mus\u00e9e de la route 66. Cr\u00e9\u00e9 en 1961, il retrace l&rsquo;histoire du Mohave County et du Northwest Arizona. Les [&hellip;]<\/p>\n","protected":false},"author":2,"featured_media":0,"parent":569,"menu_order":0,"comment_status":"open","ping_status":"open","template":"","meta":{"footnotes":""},"class_list":["post-2108","page","type-page","status-publish","hentry"],"_links":{"self":[{"href":"https:\/\/blogs.crespel.me\/usa2009\/wp-json\/wp\/v2\/pages\/2108","targetHints":{"allow":["GET"]}}],"collection":[{"href":"https:\/\/blogs.crespel.me\/usa2009\/wp-json\/wp\/v2\/pages"}],"about":[{"href":"https:\/\/blogs.crespel.me\/usa2009\/wp-json\/wp\/v2\/types\/page"}],"author":[{"embeddable":true,"href":"https:\/\/blogs.crespel.me\/usa2009\/wp-json\/wp\/v2\/users\/2"}],"replies":[{"embeddable":true,"href":"https:\/\/blogs.crespel.me\/usa2009\/wp-json\/wp\/v2\/comments?post=2108"}],"version-history":[{"count":4,"href":"https:\/\/blogs.crespel.me\/usa2009\/wp-json\/wp\/v2\/pages\/2108\/revisions"}],"predecessor-version":[{"id":2172,"href":"https:\/\/blogs.crespel.me\/usa2009\/wp-json\/wp\/v2\/pages\/2108\/revisions\/2172"}],"up":[{"embeddable":true,"href":"https:\/\/blogs.crespel.me\/usa2009\/wp-json\/wp\/v2\/pages\/569"}],"wp:attachment":[{"href":"https:\/\/blogs.crespel.me\/usa2009\/wp-json\/wp\/v2\/media?parent=2108"}],"curies":[{"name":"wp","href":"https:\/\/api.w.org\/{rel}","templated":true}]}}