{"id":2100,"date":"2009-12-19T13:42:56","date_gmt":"2009-12-19T11:42:56","guid":{"rendered":"http:\/\/jean.crespel.me\/?page_id=2100"},"modified":"2009-12-19T13:42:56","modified_gmt":"2009-12-19T11:42:56","slug":"locomotive-park","status":"publish","type":"page","link":"https:\/\/blogs.crespel.me\/usa2009\/annexes\/randonnees-et-visites\/locomotive-park\/","title":{"rendered":"Locomotive Park"},"content":{"rendered":"<h3>Description<\/h3>\n<ul>\n<li>Le Locomotive Park de Kingman est situ\u00e9 en face du PowerHouse Visitor Center, soit pr\u00e8s de l&rsquo;entr\u00e9e Ouest de Kingman.<\/li>\n<li>Cet endroit ombrag\u00e9 comporte une locomotive et 2 wagons de la Cie Santa Fe Railroad.<\/li>\n<li>Une \u00e9chelle permet d&rsquo;acc\u00e9der au poste de conduite de la locomotive.<\/li>\n<li>La locomotive 3759 Northern Type, date de 1928, et \u00e0 parcouru la ligne LosAngeles &#8211; KansasCity pendant 20 ans. Elle a int\u00e9gr\u00e9 le Locomotive Park en 1957.<\/li>\n<li>L&rsquo;acc\u00e8s est gratuit.<\/li>\n<\/ul>\n<h3>Photos<\/h3>\n<p style=\"text-align: center;\"><a href=\"\/usa2009\/files\/2009\/12\/IMG_0055.JPG\"><img loading=\"lazy\" decoding=\"async\" class=\"alignnone size-thumbnail wp-image-2102\" title=\"Locomotive Park\" src=\"\/usa2009\/files\/2009\/12\/IMG_0055-150x150.jpg\" alt=\"Locomotive Park\" width=\"150\" height=\"150\" \/><\/a> <a href=\"\/usa2009\/files\/2009\/12\/DSCF8803.JPG\"><img loading=\"lazy\" decoding=\"async\" class=\"alignnone size-thumbnail wp-image-2103\" title=\"Le Wagon Rose\" src=\"\/usa2009\/files\/2009\/12\/DSCF8803-150x150.jpg\" alt=\"Le Wagon Rose\" width=\"150\" height=\"150\" \/><\/a> <a href=\"\/usa2009\/files\/2009\/12\/DSCF8808.JPG\"><img loading=\"lazy\" decoding=\"async\" class=\"alignnone size-thumbnail wp-image-2104\" title=\"Locomotive Park\" src=\"\/usa2009\/files\/2009\/12\/DSCF8808-150x150.jpg\" alt=\"Locomotive Park\" width=\"150\" height=\"150\" \/><\/a><\/p>\n","protected":false},"excerpt":{"rendered":"<p>Description Le Locomotive Park de Kingman est situ\u00e9 en face du PowerHouse Visitor Center, soit pr\u00e8s de l&rsquo;entr\u00e9e Ouest de Kingman. Cet endroit ombrag\u00e9 comporte une locomotive et 2 wagons de la Cie Santa Fe Railroad. Une \u00e9chelle permet d&rsquo;acc\u00e9der au poste de conduite de la locomotive. La locomotive 3759 Northern Type, date de 1928, [&hellip;]<\/p>\n","protected":false},"author":2,"featured_media":0,"parent":569,"menu_order":0,"comment_status":"open","ping_status":"open","template":"","meta":{"footnotes":""},"class_list":["post-2100","page","type-page","status-publish","hentry"],"_links":{"self":[{"href":"https:\/\/blogs.crespel.me\/usa2009\/wp-json\/wp\/v2\/pages\/2100","targetHints":{"allow":["GET"]}}],"collection":[{"href":"https:\/\/blogs.crespel.me\/usa2009\/wp-json\/wp\/v2\/pages"}],"about":[{"href":"https:\/\/blogs.crespel.me\/usa2009\/wp-json\/wp\/v2\/types\/page"}],"author":[{"embeddable":true,"href":"https:\/\/blogs.crespel.me\/usa2009\/wp-json\/wp\/v2\/users\/2"}],"replies":[{"embeddable":true,"href":"https:\/\/blogs.crespel.me\/usa2009\/wp-json\/wp\/v2\/comments?post=2100"}],"version-history":[{"count":4,"href":"https:\/\/blogs.crespel.me\/usa2009\/wp-json\/wp\/v2\/pages\/2100\/revisions"}],"predecessor-version":[{"id":2171,"href":"https:\/\/blogs.crespel.me\/usa2009\/wp-json\/wp\/v2\/pages\/2100\/revisions\/2171"}],"up":[{"embeddable":true,"href":"https:\/\/blogs.crespel.me\/usa2009\/wp-json\/wp\/v2\/pages\/569"}],"wp:attachment":[{"href":"https:\/\/blogs.crespel.me\/usa2009\/wp-json\/wp\/v2\/media?parent=2100"}],"curies":[{"name":"wp","href":"https:\/\/api.w.org\/{rel}","templated":true}]}}