{"id":2092,"date":"2009-12-19T13:46:26","date_gmt":"2009-12-19T11:46:26","guid":{"rendered":"http:\/\/jean.crespel.me\/?page_id=2092"},"modified":"2009-12-19T13:46:26","modified_gmt":"2009-12-19T11:46:26","slug":"route-66","status":"publish","type":"page","link":"https:\/\/blogs.crespel.me\/usa2009\/annexes\/randonnees-et-visites\/route-66\/","title":{"rendered":"Route 66"},"content":{"rendered":"<h3>Description<\/h3>\n<ul>\n<li>Le mus\u00e9e de la Route 66 de Kingman, est situ\u00e9 au premier \u00e9tage du PowerHouse Visitor Center.<\/li>\n<li>Le b\u00e2timent est pr\u00e8s de l&rsquo;entr\u00e9e Ouest de Kingman et \u00e0 200m du ch\u00e2teau d&rsquo;eau bien connu.<\/li>\n<li>Ce mus\u00e9e retrace la cr\u00e9ation et l&rsquo;\u00e9volution de la route 66 (Chicago &#8211; Los Angeles) \u00e0 travers des photos et sc\u00e8nes reconstitu\u00e9es.<\/li>\n<li>Vers la sortie, une petite salle de projection met en images les grandes heures de cette mythique route, et sa r\u00e9habilitation.<\/li>\n<li>Ouverture de 9h00 \u00e0 18h00, pour 3$ par personne. Entr\u00e9e pouvant \u00eatre coupl\u00e9e avec le Mohave Museum.<\/li>\n<\/ul>\n<h3>Photos<\/h3>\n<p style=\"text-align: center;\"><a href=\"\/usa2009\/files\/2009\/12\/IMG_0049.JPG\"><img loading=\"lazy\" decoding=\"async\" class=\"alignnone size-thumbnail wp-image-2094\" title=\"Mus\u00e9e Route66\" src=\"\/usa2009\/files\/2009\/12\/IMG_0049-150x150.jpg\" alt=\"Mus\u00e9e Route66\" width=\"150\" height=\"150\" \/><\/a> <a href=\"\/usa2009\/files\/2009\/12\/IMG_0050.JPG\"><img loading=\"lazy\" decoding=\"async\" class=\"alignnone size-thumbnail wp-image-2095\" title=\"Mus\u00e9e Route66\" src=\"\/usa2009\/files\/2009\/12\/IMG_0050-150x150.jpg\" alt=\"Mus\u00e9e Route66\" width=\"150\" height=\"150\" \/><\/a> <a href=\"\/usa2009\/files\/2009\/12\/IMG_0052.JPG\"><img loading=\"lazy\" decoding=\"async\" class=\"alignnone size-thumbnail wp-image-2096\" title=\"Mus\u00e9e Route66\" src=\"\/usa2009\/files\/2009\/12\/IMG_0052-150x150.jpg\" alt=\"Mus\u00e9e Route66\" width=\"150\" height=\"150\" \/><\/a><\/p>\n","protected":false},"excerpt":{"rendered":"<p>Description Le mus\u00e9e de la Route 66 de Kingman, est situ\u00e9 au premier \u00e9tage du PowerHouse Visitor Center. Le b\u00e2timent est pr\u00e8s de l&rsquo;entr\u00e9e Ouest de Kingman et \u00e0 200m du ch\u00e2teau d&rsquo;eau bien connu. Ce mus\u00e9e retrace la cr\u00e9ation et l&rsquo;\u00e9volution de la route 66 (Chicago &#8211; Los Angeles) \u00e0 travers des photos et [&hellip;]<\/p>\n","protected":false},"author":2,"featured_media":0,"parent":569,"menu_order":0,"comment_status":"open","ping_status":"open","template":"","meta":{"footnotes":""},"class_list":["post-2092","page","type-page","status-publish","hentry"],"_links":{"self":[{"href":"https:\/\/blogs.crespel.me\/usa2009\/wp-json\/wp\/v2\/pages\/2092","targetHints":{"allow":["GET"]}}],"collection":[{"href":"https:\/\/blogs.crespel.me\/usa2009\/wp-json\/wp\/v2\/pages"}],"about":[{"href":"https:\/\/blogs.crespel.me\/usa2009\/wp-json\/wp\/v2\/types\/page"}],"author":[{"embeddable":true,"href":"https:\/\/blogs.crespel.me\/usa2009\/wp-json\/wp\/v2\/users\/2"}],"replies":[{"embeddable":true,"href":"https:\/\/blogs.crespel.me\/usa2009\/wp-json\/wp\/v2\/comments?post=2092"}],"version-history":[{"count":4,"href":"https:\/\/blogs.crespel.me\/usa2009\/wp-json\/wp\/v2\/pages\/2092\/revisions"}],"predecessor-version":[{"id":2174,"href":"https:\/\/blogs.crespel.me\/usa2009\/wp-json\/wp\/v2\/pages\/2092\/revisions\/2174"}],"up":[{"embeddable":true,"href":"https:\/\/blogs.crespel.me\/usa2009\/wp-json\/wp\/v2\/pages\/569"}],"wp:attachment":[{"href":"https:\/\/blogs.crespel.me\/usa2009\/wp-json\/wp\/v2\/media?parent=2092"}],"curies":[{"name":"wp","href":"https:\/\/api.w.org\/{rel}","templated":true}]}}