{"id":2080,"date":"2009-11-29T20:12:14","date_gmt":"2009-11-29T18:12:14","guid":{"rendered":"http:\/\/jean.crespel.me\/?page_id=2080"},"modified":"2009-11-29T20:12:14","modified_gmt":"2009-11-29T18:12:14","slug":"general-store","status":"publish","type":"page","link":"https:\/\/blogs.crespel.me\/usa2009\/annexes\/randonnees-et-visites\/general-store\/","title":{"rendered":"General Store"},"content":{"rendered":"<h3>Description<\/h3>\n<ul>\n<li>Le General Store de l&rsquo;Old Route 66 est situ\u00e9 \u00e0 Hackberry le long de la Route 66.<\/li>\n<li>Hackberry est \u00e0 24 miles \u00e0 l&rsquo;Est de Kingman. En venant de l&rsquo;Est compter 4,5 miles apr\u00e8s le bourg de Valentine, \u00e0 la fin d&rsquo;une courbe \u00e0 droite.<\/li>\n<li>Une Chevrolet Corvette rouge et blanche de 1957 tr\u00f4ne devant la boutique.<\/li>\n<li>Elvis et Marilyn sont en bonne place \u00e0 l&rsquo;int\u00e9rieur, photos, disques, dans un sympathique bric \u00e0 brac.<\/li>\n<li>C&rsquo;est un endroit incontournable de la Route 66.<\/li>\n<\/ul>\n<h3>Photos<\/h3>\n<p style=\"text-align: center;\"><a href=\"\/usa2009\/files\/2009\/11\/DSCF8788.JPG\"><img loading=\"lazy\" decoding=\"async\" class=\"alignnone size-thumbnail wp-image-2081\" title=\"Hackberry int\u00e9rieur\" src=\"\/usa2009\/files\/2009\/11\/DSCF8788-150x150.jpg\" alt=\"Hackberry int\u00e9rieur\" width=\"150\" height=\"150\" \/><\/a> <a href=\"\/usa2009\/files\/2009\/11\/DSCF8789.JPG\"><img loading=\"lazy\" decoding=\"async\" class=\"alignnone size-thumbnail wp-image-2082\" title=\"Hackberry int\u00e9rieur\" src=\"\/usa2009\/files\/2009\/11\/DSCF8789-150x150.jpg\" alt=\"Hackberry int\u00e9rieur\" width=\"150\" height=\"150\" \/><\/a> <a href=\"\/usa2009\/files\/2009\/11\/DSCF8790.JPG\"><img loading=\"lazy\" decoding=\"async\" class=\"alignnone size-thumbnail wp-image-2083\" title=\"Hackberry int\u00e9rieur\" src=\"\/usa2009\/files\/2009\/11\/DSCF8790-150x150.jpg\" alt=\"Hackberry int\u00e9rieur\" width=\"150\" height=\"150\" \/><\/a><\/p>\n","protected":false},"excerpt":{"rendered":"<p>Description Le General Store de l&rsquo;Old Route 66 est situ\u00e9 \u00e0 Hackberry le long de la Route 66. Hackberry est \u00e0 24 miles \u00e0 l&rsquo;Est de Kingman. En venant de l&rsquo;Est compter 4,5 miles apr\u00e8s le bourg de Valentine, \u00e0 la fin d&rsquo;une courbe \u00e0 droite. Une Chevrolet Corvette rouge et blanche de 1957 tr\u00f4ne [&hellip;]<\/p>\n","protected":false},"author":2,"featured_media":0,"parent":569,"menu_order":0,"comment_status":"open","ping_status":"open","template":"","meta":{"footnotes":""},"class_list":["post-2080","page","type-page","status-publish","hentry"],"_links":{"self":[{"href":"https:\/\/blogs.crespel.me\/usa2009\/wp-json\/wp\/v2\/pages\/2080","targetHints":{"allow":["GET"]}}],"collection":[{"href":"https:\/\/blogs.crespel.me\/usa2009\/wp-json\/wp\/v2\/pages"}],"about":[{"href":"https:\/\/blogs.crespel.me\/usa2009\/wp-json\/wp\/v2\/types\/page"}],"author":[{"embeddable":true,"href":"https:\/\/blogs.crespel.me\/usa2009\/wp-json\/wp\/v2\/users\/2"}],"replies":[{"embeddable":true,"href":"https:\/\/blogs.crespel.me\/usa2009\/wp-json\/wp\/v2\/comments?post=2080"}],"version-history":[{"count":3,"href":"https:\/\/blogs.crespel.me\/usa2009\/wp-json\/wp\/v2\/pages\/2080\/revisions"}],"predecessor-version":[{"id":2088,"href":"https:\/\/blogs.crespel.me\/usa2009\/wp-json\/wp\/v2\/pages\/2080\/revisions\/2088"}],"up":[{"embeddable":true,"href":"https:\/\/blogs.crespel.me\/usa2009\/wp-json\/wp\/v2\/pages\/569"}],"wp:attachment":[{"href":"https:\/\/blogs.crespel.me\/usa2009\/wp-json\/wp\/v2\/media?parent=2080"}],"curies":[{"name":"wp","href":"https:\/\/api.w.org\/{rel}","templated":true}]}}