{"id":2072,"date":"2009-11-29T20:11:39","date_gmt":"2009-11-29T18:11:39","guid":{"rendered":"http:\/\/jean.crespel.me\/?page_id=2072"},"modified":"2009-11-29T20:11:39","modified_gmt":"2009-11-29T18:11:39","slug":"angel-delgadillo","status":"publish","type":"page","link":"https:\/\/blogs.crespel.me\/usa2009\/annexes\/randonnees-et-visites\/angel-delgadillo\/","title":{"rendered":"Angel Delgadillo"},"content":{"rendered":"<h3>Description<\/h3>\n<ul>\n<li>Angel Delgadillo est ins\u00e9parable de Seligman, petit bourg sur la Route 66. Il anime depuis 1987 une association de sauvegarde et de r\u00e9habilitation de cette route mythique.<\/li>\n<li>Seligman est \u00e0 72 miles \u00e0 l&rsquo;Est de Kingman (par la I.40) ou \u00e0 87 miles (par la Route 66).<\/li>\n<li>Les boutiques de Seligman rassemblent un sympathique bric \u00e0 brac des ann\u00e9es 1950\/1955.<\/li>\n<\/ul>\n<h3>Photos<\/h3>\n<p style=\"text-align: center;\"><a href=\"\/usa2009\/files\/2009\/11\/DSCF8774.JPG\"><img loading=\"lazy\" decoding=\"async\" class=\"alignnone size-thumbnail wp-image-2074\" title=\"Boutique du Barbier\" src=\"\/usa2009\/files\/2009\/11\/DSCF8774-150x150.jpg\" alt=\"Boutique du Barbier\" width=\"150\" height=\"150\" \/><\/a> <a href=\"\/usa2009\/files\/2009\/11\/DSCF8775.JPG\"><img loading=\"lazy\" decoding=\"async\" class=\"alignnone size-thumbnail wp-image-2075\" title=\"Belle soeur d'Angel Delgadillo\" src=\"\/usa2009\/files\/2009\/11\/DSCF8775-150x150.jpg\" alt=\"Belle soeur d'Angel Delgadillo\" width=\"150\" height=\"150\" \/><\/a> <a href=\"\/usa2009\/files\/2009\/11\/DSCF8770.JPG\"><img loading=\"lazy\" decoding=\"async\" class=\"alignnone size-thumbnail wp-image-2076\" title=\"Originale boutique\" src=\"\/usa2009\/files\/2009\/11\/DSCF8770-150x150.jpg\" alt=\"Originale boutique\" width=\"150\" height=\"150\" \/><\/a><\/p>\n","protected":false},"excerpt":{"rendered":"<p>Description Angel Delgadillo est ins\u00e9parable de Seligman, petit bourg sur la Route 66. Il anime depuis 1987 une association de sauvegarde et de r\u00e9habilitation de cette route mythique. Seligman est \u00e0 72 miles \u00e0 l&rsquo;Est de Kingman (par la I.40) ou \u00e0 87 miles (par la Route 66). Les boutiques de Seligman rassemblent un sympathique [&hellip;]<\/p>\n","protected":false},"author":2,"featured_media":0,"parent":569,"menu_order":0,"comment_status":"open","ping_status":"open","template":"","meta":{"footnotes":""},"class_list":["post-2072","page","type-page","status-publish","hentry"],"_links":{"self":[{"href":"https:\/\/blogs.crespel.me\/usa2009\/wp-json\/wp\/v2\/pages\/2072","targetHints":{"allow":["GET"]}}],"collection":[{"href":"https:\/\/blogs.crespel.me\/usa2009\/wp-json\/wp\/v2\/pages"}],"about":[{"href":"https:\/\/blogs.crespel.me\/usa2009\/wp-json\/wp\/v2\/types\/page"}],"author":[{"embeddable":true,"href":"https:\/\/blogs.crespel.me\/usa2009\/wp-json\/wp\/v2\/users\/2"}],"replies":[{"embeddable":true,"href":"https:\/\/blogs.crespel.me\/usa2009\/wp-json\/wp\/v2\/comments?post=2072"}],"version-history":[{"count":4,"href":"https:\/\/blogs.crespel.me\/usa2009\/wp-json\/wp\/v2\/pages\/2072\/revisions"}],"predecessor-version":[{"id":2087,"href":"https:\/\/blogs.crespel.me\/usa2009\/wp-json\/wp\/v2\/pages\/2072\/revisions\/2087"}],"up":[{"embeddable":true,"href":"https:\/\/blogs.crespel.me\/usa2009\/wp-json\/wp\/v2\/pages\/569"}],"wp:attachment":[{"href":"https:\/\/blogs.crespel.me\/usa2009\/wp-json\/wp\/v2\/media?parent=2072"}],"curies":[{"name":"wp","href":"https:\/\/api.w.org\/{rel}","templated":true}]}}