{"id":2058,"date":"2009-11-29T00:03:43","date_gmt":"2009-11-28T22:03:43","guid":{"rendered":"http:\/\/jean.crespel.me\/?page_id=2058"},"modified":"2009-11-29T00:03:43","modified_gmt":"2009-11-28T22:03:43","slug":"le-train-du-gc","status":"publish","type":"page","link":"https:\/\/blogs.crespel.me\/usa2009\/annexes\/randonnees-et-visites\/le-train-du-gc\/","title":{"rendered":"Le Train du GC"},"content":{"rendered":"<h3>Description<\/h3>\n<ul>\n<li>Le Train du Grand Canyon parcourt la ligne de Williams \u00e0 Grand Canyon Village.<\/li>\n<li>Le premier trajet \u00e0 \u00e9t\u00e9 effectu\u00e9 le 17 septembre 1901.<\/li>\n<li>En 1996 la r\u00e9novation de la locomotive N\u00b04960 \u00e0 demand\u00e9 80.000 heures de travail.<\/li>\n<\/ul>\n<h3>Photos<\/h3>\n<p style=\"text-align: center;\"><a href=\"\/usa2009\/files\/2009\/11\/DSCF8757.JPG\"><img loading=\"lazy\" decoding=\"async\" class=\"alignnone size-thumbnail wp-image-2059\" title=\"Ancien Train\" src=\"\/usa2009\/files\/2009\/11\/DSCF8757-150x150.jpg\" alt=\"Ancien Train\" width=\"150\" height=\"150\" \/><\/a> <a href=\"\/usa2009\/files\/2009\/11\/DSCF8755.JPG\"><img loading=\"lazy\" decoding=\"async\" class=\"alignnone size-thumbnail wp-image-2060\" title=\"Ancien Wagon\" src=\"\/usa2009\/files\/2009\/11\/DSCF8755-150x150.jpg\" alt=\"Ancien Wagon\" width=\"150\" height=\"150\" \/><\/a> <a href=\"\/usa2009\/files\/2009\/11\/DSCF8756.JPG\"><img loading=\"lazy\" decoding=\"async\" class=\"alignnone size-thumbnail wp-image-2061\" title=\"Motrice actuelle\" src=\"\/usa2009\/files\/2009\/11\/DSCF8756-150x150.jpg\" alt=\"Motrice actuelle\" width=\"150\" height=\"150\" \/><\/a><\/p>\n","protected":false},"excerpt":{"rendered":"<p>Description Le Train du Grand Canyon parcourt la ligne de Williams \u00e0 Grand Canyon Village. Le premier trajet \u00e0 \u00e9t\u00e9 effectu\u00e9 le 17 septembre 1901. En 1996 la r\u00e9novation de la locomotive N\u00b04960 \u00e0 demand\u00e9 80.000 heures de travail. Photos<\/p>\n","protected":false},"author":2,"featured_media":0,"parent":569,"menu_order":0,"comment_status":"open","ping_status":"open","template":"","meta":{"footnotes":""},"class_list":["post-2058","page","type-page","status-publish","hentry"],"_links":{"self":[{"href":"https:\/\/blogs.crespel.me\/usa2009\/wp-json\/wp\/v2\/pages\/2058","targetHints":{"allow":["GET"]}}],"collection":[{"href":"https:\/\/blogs.crespel.me\/usa2009\/wp-json\/wp\/v2\/pages"}],"about":[{"href":"https:\/\/blogs.crespel.me\/usa2009\/wp-json\/wp\/v2\/types\/page"}],"author":[{"embeddable":true,"href":"https:\/\/blogs.crespel.me\/usa2009\/wp-json\/wp\/v2\/users\/2"}],"replies":[{"embeddable":true,"href":"https:\/\/blogs.crespel.me\/usa2009\/wp-json\/wp\/v2\/comments?post=2058"}],"version-history":[{"count":3,"href":"https:\/\/blogs.crespel.me\/usa2009\/wp-json\/wp\/v2\/pages\/2058\/revisions"}],"predecessor-version":[{"id":2065,"href":"https:\/\/blogs.crespel.me\/usa2009\/wp-json\/wp\/v2\/pages\/2058\/revisions\/2065"}],"up":[{"embeddable":true,"href":"https:\/\/blogs.crespel.me\/usa2009\/wp-json\/wp\/v2\/pages\/569"}],"wp:attachment":[{"href":"https:\/\/blogs.crespel.me\/usa2009\/wp-json\/wp\/v2\/media?parent=2058"}],"curies":[{"name":"wp","href":"https:\/\/api.w.org\/{rel}","templated":true}]}}