{"id":2043,"date":"2009-11-29T00:06:33","date_gmt":"2009-11-28T22:06:33","guid":{"rendered":"http:\/\/jean.crespel.me\/?page_id=2043"},"modified":"2009-11-29T00:06:33","modified_gmt":"2009-11-28T22:06:33","slug":"museum-club","status":"publish","type":"page","link":"https:\/\/blogs.crespel.me\/usa2009\/annexes\/randonnees-et-visites\/museum-club\/","title":{"rendered":"Museum Club"},"content":{"rendered":"<h3>Description<\/h3>\n<ul>\n<li>Le Museum Club est situ\u00e9 \u00e0 Flagstaff sur la route 66 pr\u00e8s d&rsquo;un centre commercial.<\/li>\n<li>Prendre la sortie 201 sur la I.40 puis \u00e0 1 km vers l&rsquo;Ouest.<\/li>\n<li>Depuis 1931 c&rsquo;est un haut lieu de la Country Music, en saison des groupes s&rsquo;y produisent tous les soirs.<\/li>\n<li>Les Clients sont en g\u00e9n\u00e9ral tr\u00e8s \u00ab\u00a0color\u00e9s\u00a0\u00bb (bikers et cow-boys sympathiques).<\/li>\n<\/ul>\n<h3>Photos<\/h3>\n<p style=\"text-align: center;\"><a href=\"\/usa2009\/files\/2009\/11\/DSCF8737.JPG\"><img loading=\"lazy\" decoding=\"async\" class=\"alignnone size-thumbnail wp-image-2044\" title=\"Museum Club\" src=\"\/usa2009\/files\/2009\/11\/DSCF8737-150x150.jpg\" alt=\"Museum Club\" width=\"150\" height=\"150\" \/><\/a> <a href=\"\/usa2009\/files\/2009\/11\/DSCF8738.JPG\"><img loading=\"lazy\" decoding=\"async\" class=\"alignnone size-thumbnail wp-image-2045\" title=\"Int\u00e9rieur du Museum Club\" src=\"\/usa2009\/files\/2009\/11\/DSCF8738-150x150.jpg\" alt=\"Int\u00e9rieur du Museum Club\" width=\"150\" height=\"150\" \/><\/a> <a href=\"\/usa2009\/files\/2009\/11\/DSCF8739.JPG\"><img loading=\"lazy\" decoding=\"async\" class=\"alignnone size-thumbnail wp-image-2046\" title=\"Int\u00e9rieur du Museum Club\" src=\"\/usa2009\/files\/2009\/11\/DSCF8739-150x150.jpg\" alt=\"Int\u00e9rieur du Museum Club\" width=\"150\" height=\"150\" \/><\/a><\/p>\n","protected":false},"excerpt":{"rendered":"<p>Description Le Museum Club est situ\u00e9 \u00e0 Flagstaff sur la route 66 pr\u00e8s d&rsquo;un centre commercial. Prendre la sortie 201 sur la I.40 puis \u00e0 1 km vers l&rsquo;Ouest. Depuis 1931 c&rsquo;est un haut lieu de la Country Music, en saison des groupes s&rsquo;y produisent tous les soirs. Les Clients sont en g\u00e9n\u00e9ral tr\u00e8s \u00ab\u00a0color\u00e9s\u00a0\u00bb [&hellip;]<\/p>\n","protected":false},"author":2,"featured_media":0,"parent":569,"menu_order":0,"comment_status":"open","ping_status":"open","template":"","meta":{"footnotes":""},"class_list":["post-2043","page","type-page","status-publish","hentry"],"_links":{"self":[{"href":"https:\/\/blogs.crespel.me\/usa2009\/wp-json\/wp\/v2\/pages\/2043","targetHints":{"allow":["GET"]}}],"collection":[{"href":"https:\/\/blogs.crespel.me\/usa2009\/wp-json\/wp\/v2\/pages"}],"about":[{"href":"https:\/\/blogs.crespel.me\/usa2009\/wp-json\/wp\/v2\/types\/page"}],"author":[{"embeddable":true,"href":"https:\/\/blogs.crespel.me\/usa2009\/wp-json\/wp\/v2\/users\/2"}],"replies":[{"embeddable":true,"href":"https:\/\/blogs.crespel.me\/usa2009\/wp-json\/wp\/v2\/comments?post=2043"}],"version-history":[{"count":3,"href":"https:\/\/blogs.crespel.me\/usa2009\/wp-json\/wp\/v2\/pages\/2043\/revisions"}],"predecessor-version":[{"id":2067,"href":"https:\/\/blogs.crespel.me\/usa2009\/wp-json\/wp\/v2\/pages\/2043\/revisions\/2067"}],"up":[{"embeddable":true,"href":"https:\/\/blogs.crespel.me\/usa2009\/wp-json\/wp\/v2\/pages\/569"}],"wp:attachment":[{"href":"https:\/\/blogs.crespel.me\/usa2009\/wp-json\/wp\/v2\/media?parent=2043"}],"curies":[{"name":"wp","href":"https:\/\/api.w.org\/{rel}","templated":true}]}}