{"id":2037,"date":"2009-11-29T00:13:25","date_gmt":"2009-11-28T22:13:25","guid":{"rendered":"http:\/\/jean.crespel.me\/?page_id=2037"},"modified":"2009-11-29T00:13:25","modified_gmt":"2009-11-28T22:13:25","slug":"winslow","status":"publish","type":"page","link":"https:\/\/blogs.crespel.me\/usa2009\/annexes\/randonnees-et-visites\/winslow\/","title":{"rendered":"Winslow"},"content":{"rendered":"<h3>Description<\/h3>\n<ul>\n<li>Winslow est une des villes typiques de la Route 66 en Arizona.<\/li>\n<li>Winslow est situ\u00e9e entre Flagstaff (55 miles \u00e0 l&rsquo;Ouest) et Holbrook (34 miles \u00e0 l&rsquo;Est).<\/li>\n<li>C&rsquo;\u00e9tait une halte renomm\u00e9e entre Chicago et Los Angeles, l&rsquo;h\u00f4tel \u00ab\u00a0La Posada\u00a0\u00bb et le Old Trails historical museum sont l\u00e0 pour le rappeler.<\/li>\n<li>Nous y avons m\u00eame trouv\u00e9 une \u00e9glise en briques, comme chez nous !<\/li>\n<\/ul>\n<h3>Photos<\/h3>\n<p style=\"text-align: center;\"><a href=\"\/usa2009\/files\/2009\/11\/IMG_9816.JPG\"><img loading=\"lazy\" decoding=\"async\" class=\"alignnone size-thumbnail wp-image-2039\" title=\"Une \u00e9glise comme chez nous\" src=\"\/usa2009\/files\/2009\/11\/IMG_9816-150x150.jpg\" alt=\"Une \u00e9glise comme chez nous\" width=\"150\" height=\"150\" \/><\/a><\/p>\n","protected":false},"excerpt":{"rendered":"<p>Description Winslow est une des villes typiques de la Route 66 en Arizona. Winslow est situ\u00e9e entre Flagstaff (55 miles \u00e0 l&rsquo;Ouest) et Holbrook (34 miles \u00e0 l&rsquo;Est). C&rsquo;\u00e9tait une halte renomm\u00e9e entre Chicago et Los Angeles, l&rsquo;h\u00f4tel \u00ab\u00a0La Posada\u00a0\u00bb et le Old Trails historical museum sont l\u00e0 pour le rappeler. Nous y avons m\u00eame [&hellip;]<\/p>\n","protected":false},"author":2,"featured_media":0,"parent":569,"menu_order":0,"comment_status":"open","ping_status":"open","template":"","meta":{"footnotes":""},"class_list":["post-2037","page","type-page","status-publish","hentry"],"_links":{"self":[{"href":"https:\/\/blogs.crespel.me\/usa2009\/wp-json\/wp\/v2\/pages\/2037","targetHints":{"allow":["GET"]}}],"collection":[{"href":"https:\/\/blogs.crespel.me\/usa2009\/wp-json\/wp\/v2\/pages"}],"about":[{"href":"https:\/\/blogs.crespel.me\/usa2009\/wp-json\/wp\/v2\/types\/page"}],"author":[{"embeddable":true,"href":"https:\/\/blogs.crespel.me\/usa2009\/wp-json\/wp\/v2\/users\/2"}],"replies":[{"embeddable":true,"href":"https:\/\/blogs.crespel.me\/usa2009\/wp-json\/wp\/v2\/comments?post=2037"}],"version-history":[{"count":4,"href":"https:\/\/blogs.crespel.me\/usa2009\/wp-json\/wp\/v2\/pages\/2037\/revisions"}],"predecessor-version":[{"id":2070,"href":"https:\/\/blogs.crespel.me\/usa2009\/wp-json\/wp\/v2\/pages\/2037\/revisions\/2070"}],"up":[{"embeddable":true,"href":"https:\/\/blogs.crespel.me\/usa2009\/wp-json\/wp\/v2\/pages\/569"}],"wp:attachment":[{"href":"https:\/\/blogs.crespel.me\/usa2009\/wp-json\/wp\/v2\/media?parent=2037"}],"curies":[{"name":"wp","href":"https:\/\/api.w.org\/{rel}","templated":true}]}}