{"id":2008,"date":"2009-11-23T20:40:03","date_gmt":"2009-11-23T18:40:03","guid":{"rendered":"http:\/\/jean.crespel.me\/?page_id=2008"},"modified":"2009-11-23T20:40:03","modified_gmt":"2009-11-23T18:40:03","slug":"wupatki","status":"publish","type":"page","link":"https:\/\/blogs.crespel.me\/usa2009\/annexes\/randonnees-et-visites\/wupatki\/","title":{"rendered":"Wupatki"},"content":{"rendered":"<h3>Description<\/h3>\n<ul>\n<li>Wupatki NM est situ\u00e9 pr\u00e8s de la route 89 entre Flagstaff et Cameron.<\/li>\n<li>Les entr\u00e9es de la  Loop Road sont \u00e0 12 et 26 miles au nord de Flagstaff.<\/li>\n<li>La Loop Road de 35 miles dessert Sunset Crater NM et Wupatki NM.<\/li>\n<li>On y trouve des vestiges de constructions Pueblo aux points Citadel, Wupatki et Wukoki.<\/li>\n<li>Int\u00e9ressantes visites culturelles pour un minime d\u00e9tour.<\/li>\n<\/ul>\n<h3>Photos<\/h3>\n<p style=\"text-align: center;\"><a href=\"\/usa2009\/files\/2009\/11\/DSCF8645.JPG\"><img loading=\"lazy\" decoding=\"async\" class=\"alignnone size-thumbnail wp-image-2010\" title=\"Citadel Pueblo\" src=\"\/usa2009\/files\/2009\/11\/DSCF8645-150x150.jpg\" alt=\"Citadel Pueblo\" width=\"150\" height=\"150\" \/><\/a> <a href=\"\/usa2009\/files\/2009\/11\/IMG_9778.JPG\"><img loading=\"lazy\" decoding=\"async\" class=\"alignnone size-thumbnail wp-image-2011\" title=\"Wupatki Pueblo\" src=\"\/usa2009\/files\/2009\/11\/IMG_9778-150x150.jpg\" alt=\"Wupatki Pueblo\" width=\"150\" height=\"150\" \/><\/a> <a href=\"\/usa2009\/files\/2009\/11\/IMG_9789.JPG\"><img loading=\"lazy\" decoding=\"async\" class=\"alignnone size-thumbnail wp-image-2012\" title=\"Wukoki Pueblo\" src=\"\/usa2009\/files\/2009\/11\/IMG_9789-150x150.jpg\" alt=\"Wukoki Pueblo\" width=\"150\" height=\"150\" \/><\/a><\/p>\n","protected":false},"excerpt":{"rendered":"<p>Description Wupatki NM est situ\u00e9 pr\u00e8s de la route 89 entre Flagstaff et Cameron. Les entr\u00e9es de la Loop Road sont \u00e0 12 et 26 miles au nord de Flagstaff. La Loop Road de 35 miles dessert Sunset Crater NM et Wupatki NM. On y trouve des vestiges de constructions Pueblo aux points Citadel, Wupatki [&hellip;]<\/p>\n","protected":false},"author":2,"featured_media":0,"parent":569,"menu_order":0,"comment_status":"open","ping_status":"open","template":"","meta":{"footnotes":""},"class_list":["post-2008","page","type-page","status-publish","hentry"],"_links":{"self":[{"href":"https:\/\/blogs.crespel.me\/usa2009\/wp-json\/wp\/v2\/pages\/2008","targetHints":{"allow":["GET"]}}],"collection":[{"href":"https:\/\/blogs.crespel.me\/usa2009\/wp-json\/wp\/v2\/pages"}],"about":[{"href":"https:\/\/blogs.crespel.me\/usa2009\/wp-json\/wp\/v2\/types\/page"}],"author":[{"embeddable":true,"href":"https:\/\/blogs.crespel.me\/usa2009\/wp-json\/wp\/v2\/users\/2"}],"replies":[{"embeddable":true,"href":"https:\/\/blogs.crespel.me\/usa2009\/wp-json\/wp\/v2\/comments?post=2008"}],"version-history":[{"count":4,"href":"https:\/\/blogs.crespel.me\/usa2009\/wp-json\/wp\/v2\/pages\/2008\/revisions"}],"predecessor-version":[{"id":2021,"href":"https:\/\/blogs.crespel.me\/usa2009\/wp-json\/wp\/v2\/pages\/2008\/revisions\/2021"}],"up":[{"embeddable":true,"href":"https:\/\/blogs.crespel.me\/usa2009\/wp-json\/wp\/v2\/pages\/569"}],"wp:attachment":[{"href":"https:\/\/blogs.crespel.me\/usa2009\/wp-json\/wp\/v2\/media?parent=2008"}],"curies":[{"name":"wp","href":"https:\/\/api.w.org\/{rel}","templated":true}]}}