{"id":1973,"date":"2009-11-23T20:28:46","date_gmt":"2009-11-23T18:28:46","guid":{"rendered":"http:\/\/jean.crespel.me\/?page_id=1973"},"modified":"2009-11-23T20:28:46","modified_gmt":"2009-11-23T18:28:46","slug":"hermits-rest-route","status":"publish","type":"page","link":"https:\/\/blogs.crespel.me\/usa2009\/annexes\/randonnees-et-visites\/hermits-rest-route\/","title":{"rendered":"Hermits Rest Route"},"content":{"rendered":"<h3>Description<\/h3>\n<ul>\n<li>La Hermits Rest Route (12km aller) est la partie situ\u00e9e la plus \u00e0 l&rsquo;Ouest de Grand Canyon Village.<\/li>\n<li>Acc\u00e8s possible uniquement par la navette \u00ab\u00a0Rouge\u00a0\u00bb dont le d\u00e9part est juste apr\u00e8s Bright Angel Lodge.<\/li>\n<li>La navette dessert les points de vue de Maricopa &#8211; Powell &#8211; Hopi &#8211; Mohave &#8211; Abyss &#8211; Pima et Hermit Rest en extr\u00e9mit\u00e9.<\/li>\n<li>Il est recommand\u00e9 de faire la partie Hopi\/Mohave \u00e0 pieds en suivant le chemin pr\u00e8s de la corniche. Faire attention mais la vue est superbe.<\/li>\n<\/ul>\n<h3>Photos<\/h3>\n<p style=\"text-align: center;\"><a href=\"\/usa2009\/files\/2009\/11\/DSCF8608.JPG\"><img loading=\"lazy\" decoding=\"async\" class=\"alignnone size-thumbnail wp-image-1975\" title=\"Hopi \u00e0 Mohave\" src=\"\/usa2009\/files\/2009\/11\/DSCF8608-150x150.jpg\" alt=\"Hopi \u00e0 Mohave\" width=\"150\" height=\"150\" \/><\/a> <a href=\"\/usa2009\/files\/2009\/11\/DSCF8612.JPG\"><img loading=\"lazy\" decoding=\"async\" class=\"alignnone size-thumbnail wp-image-1976\" title=\"Hermits Rest Route\" src=\"\/usa2009\/files\/2009\/11\/DSCF8612-150x150.jpg\" alt=\"Hermits Rest Route\" width=\"150\" height=\"150\" \/><\/a> <a href=\"\/usa2009\/files\/2009\/11\/DSCF8613.JPG\"><img loading=\"lazy\" decoding=\"async\" class=\"alignnone size-thumbnail wp-image-1977\" title=\"Hopi \u00e0 Mohave\" src=\"\/usa2009\/files\/2009\/11\/DSCF8613-150x150.jpg\" alt=\"Hopi \u00e0 Mohave\" width=\"150\" height=\"150\" \/><\/a><\/p>\n","protected":false},"excerpt":{"rendered":"<p>Description La Hermits Rest Route (12km aller) est la partie situ\u00e9e la plus \u00e0 l&rsquo;Ouest de Grand Canyon Village. Acc\u00e8s possible uniquement par la navette \u00ab\u00a0Rouge\u00a0\u00bb dont le d\u00e9part est juste apr\u00e8s Bright Angel Lodge. La navette dessert les points de vue de Maricopa &#8211; Powell &#8211; Hopi &#8211; Mohave &#8211; Abyss &#8211; Pima et [&hellip;]<\/p>\n","protected":false},"author":2,"featured_media":0,"parent":569,"menu_order":0,"comment_status":"open","ping_status":"open","template":"","meta":{"footnotes":""},"class_list":["post-1973","page","type-page","status-publish","hentry"],"_links":{"self":[{"href":"https:\/\/blogs.crespel.me\/usa2009\/wp-json\/wp\/v2\/pages\/1973","targetHints":{"allow":["GET"]}}],"collection":[{"href":"https:\/\/blogs.crespel.me\/usa2009\/wp-json\/wp\/v2\/pages"}],"about":[{"href":"https:\/\/blogs.crespel.me\/usa2009\/wp-json\/wp\/v2\/types\/page"}],"author":[{"embeddable":true,"href":"https:\/\/blogs.crespel.me\/usa2009\/wp-json\/wp\/v2\/users\/2"}],"replies":[{"embeddable":true,"href":"https:\/\/blogs.crespel.me\/usa2009\/wp-json\/wp\/v2\/comments?post=1973"}],"version-history":[{"count":6,"href":"https:\/\/blogs.crespel.me\/usa2009\/wp-json\/wp\/v2\/pages\/1973\/revisions"}],"predecessor-version":[{"id":2018,"href":"https:\/\/blogs.crespel.me\/usa2009\/wp-json\/wp\/v2\/pages\/1973\/revisions\/2018"}],"up":[{"embeddable":true,"href":"https:\/\/blogs.crespel.me\/usa2009\/wp-json\/wp\/v2\/pages\/569"}],"wp:attachment":[{"href":"https:\/\/blogs.crespel.me\/usa2009\/wp-json\/wp\/v2\/media?parent=1973"}],"curies":[{"name":"wp","href":"https:\/\/api.w.org\/{rel}","templated":true}]}}