{"id":1962,"date":"2009-11-21T15:34:15","date_gmt":"2009-11-21T13:34:15","guid":{"rendered":"http:\/\/jean.crespel.me\/?page_id=1962"},"modified":"2009-11-23T20:30:35","modified_gmt":"2009-11-23T18:30:35","slug":"south-kaibab-trail","status":"publish","type":"page","link":"https:\/\/blogs.crespel.me\/usa2009\/annexes\/randonnees-et-visites\/south-kaibab-trail\/","title":{"rendered":"South Kaibab Trail"},"content":{"rendered":"<h3>Description<\/h3>\n<ul>\n<li>Le South Kaibab Trail est une randonn\u00e9e qui permet de descendre dans le Grand Canyon.<\/li>\n<li>Le point de d\u00e9part est situ\u00e9 pr\u00e8s de Yaki Point et accessible uniquement par la navette \u00ab\u00a0Verte\u00a0\u00bb en provenance de Information Plazza (Visitor Center). La navette \u00ab\u00a0Bleue\u00a0\u00bb (dite Village Route) assure une correspondance depuis GC Village.<\/li>\n<li>Le premier palier m\u00e8ne \u00e0 Ooh Aah Point soit 1,8 mile \/ 2,9 km AR (1h30 environ) pour 183m de d\u00e9nivel\u00e9.<\/li>\n<li>Le second palier m\u00e8ne \u00e0 Cedar Ridge (toilettes) soit 3 miles \/ 4,8 km (3h00 environ) pour 347m de d\u00e9nivel\u00e9.<\/li>\n<li>Le troisi\u00e8me palier m\u00e8ne \u00e0 Skeleton Point (vue sur le Colorado) soit 6 miles \/ 9,7 km (5h00 environ) pour 622m de d\u00e9nivel\u00e9.<\/li>\n<li>Attention : pas de points d&rsquo;eau, et temp\u00e9rature \u00e9lev\u00e9e en bas.<\/li>\n<li>Le premier palier est tout \u00e0 fait accessible au marcheur de base (nous l&rsquo;avons fait&#8230;). C&rsquo;est une d\u00e9couverte int\u00e9ressante du Grand Canyon par l&rsquo;int\u00e9rieur.<\/li>\n<\/ul>\n<h3>Photos<\/h3>\n<p style=\"text-align: center;\"><a href=\"\/usa2009\/files\/2009\/11\/DSCF8569.JPG\"><img loading=\"lazy\" decoding=\"async\" class=\"alignnone size-thumbnail wp-image-1963\" title=\"D\u00e9but du South Kaibab\" src=\"\/usa2009\/files\/2009\/11\/DSCF8569-150x150.jpg\" alt=\"D\u00e9but du South Kaibab\" width=\"150\" height=\"150\" \/><\/a> <a href=\"\/usa2009\/files\/2009\/11\/DSCF8571.JPG\"><img loading=\"lazy\" decoding=\"async\" class=\"alignnone size-thumbnail wp-image-1964\" title=\"D\u00e9tail du Trail\" src=\"\/usa2009\/files\/2009\/11\/DSCF8571-150x150.jpg\" alt=\"D\u00e9tail du Trail\" width=\"150\" height=\"150\" \/><\/a> <a href=\"\/usa2009\/files\/2009\/11\/DSCF8573.JPG\"><\/a><a href=\"\/usa2009\/files\/2009\/11\/DSCF8589.JPG\"><img loading=\"lazy\" decoding=\"async\" class=\"alignnone size-thumbnail wp-image-1966\" title=\"Ooh Aah Point\" src=\"\/usa2009\/files\/2009\/11\/DSCF8589-150x150.jpg\" alt=\"Ooh Aah Point\" width=\"150\" height=\"150\" \/><\/a><br \/>\n<a href=\"\/usa2009\/files\/2009\/11\/DSCF8580.JPG\"><img loading=\"lazy\" decoding=\"async\" class=\"alignnone size-thumbnail wp-image-1967\" title=\"Vers Ooh Aah Point\" src=\"\/usa2009\/files\/2009\/11\/DSCF8580-150x150.jpg\" alt=\"Vers Ooh Aah Point\" width=\"150\" height=\"150\" \/><\/a> <a href=\"\/usa2009\/files\/2009\/11\/DSCF8591.JPG\"><img loading=\"lazy\" decoding=\"async\" class=\"alignnone size-thumbnail wp-image-1968\" title=\"D\u00e9tail Trail\" src=\"\/usa2009\/files\/2009\/11\/DSCF8591-150x150.jpg\" alt=\"D\u00e9tail Trail\" width=\"150\" height=\"150\" \/><\/a> <a href=\"\/usa2009\/files\/2009\/11\/STA_9678.JPG\"><img loading=\"lazy\" decoding=\"async\" class=\"alignnone size-thumbnail wp-image-1969\" title=\"Ooh Aah Point\" src=\"\/usa2009\/files\/2009\/11\/STA_9678-150x150.jpg\" alt=\"Ooh Aah Point\" width=\"150\" height=\"150\" \/><\/a><\/p>\n<p style=\"text-align: center;\">\n","protected":false},"excerpt":{"rendered":"<p>Description Le South Kaibab Trail est une randonn\u00e9e qui permet de descendre dans le Grand Canyon. Le point de d\u00e9part est situ\u00e9 pr\u00e8s de Yaki Point et accessible uniquement par la navette \u00ab\u00a0Verte\u00a0\u00bb en provenance de Information Plazza (Visitor Center). La navette \u00ab\u00a0Bleue\u00a0\u00bb (dite Village Route) assure une correspondance depuis GC Village. Le premier palier [&hellip;]<\/p>\n","protected":false},"author":2,"featured_media":0,"parent":569,"menu_order":0,"comment_status":"open","ping_status":"open","template":"","meta":{"footnotes":""},"class_list":["post-1962","page","type-page","status-publish","hentry"],"_links":{"self":[{"href":"https:\/\/blogs.crespel.me\/usa2009\/wp-json\/wp\/v2\/pages\/1962","targetHints":{"allow":["GET"]}}],"collection":[{"href":"https:\/\/blogs.crespel.me\/usa2009\/wp-json\/wp\/v2\/pages"}],"about":[{"href":"https:\/\/blogs.crespel.me\/usa2009\/wp-json\/wp\/v2\/types\/page"}],"author":[{"embeddable":true,"href":"https:\/\/blogs.crespel.me\/usa2009\/wp-json\/wp\/v2\/users\/2"}],"replies":[{"embeddable":true,"href":"https:\/\/blogs.crespel.me\/usa2009\/wp-json\/wp\/v2\/comments?post=1962"}],"version-history":[{"count":4,"href":"https:\/\/blogs.crespel.me\/usa2009\/wp-json\/wp\/v2\/pages\/1962\/revisions"}],"predecessor-version":[{"id":2019,"href":"https:\/\/blogs.crespel.me\/usa2009\/wp-json\/wp\/v2\/pages\/1962\/revisions\/2019"}],"up":[{"embeddable":true,"href":"https:\/\/blogs.crespel.me\/usa2009\/wp-json\/wp\/v2\/pages\/569"}],"wp:attachment":[{"href":"https:\/\/blogs.crespel.me\/usa2009\/wp-json\/wp\/v2\/media?parent=1962"}],"curies":[{"name":"wp","href":"https:\/\/api.w.org\/{rel}","templated":true}]}}