{"id":1948,"date":"2009-11-09T20:58:15","date_gmt":"2009-11-09T18:58:15","guid":{"rendered":"http:\/\/jean.crespel.me\/?page_id=1948"},"modified":"2009-11-09T20:58:15","modified_gmt":"2009-11-09T18:58:15","slug":"bateau-sur-le-lac-powell","status":"publish","type":"page","link":"https:\/\/blogs.crespel.me\/usa2009\/annexes\/randonnees-et-visites\/bateau-sur-le-lac-powell\/","title":{"rendered":"Bateau sur le lac Powell"},"content":{"rendered":"<h3>Description<\/h3>\n<ul>\n<li>Wahweap Marina est le principal d\u00e9part pour les promenades en bateau sur le lac Powell.<\/li>\n<li>La marina est situ\u00e9e \u00e0 5 miles au Nord de Page. Acc\u00e8s par le p\u00e9age (annual pass accept\u00e9).<\/li>\n<li>Balade de 1h30 vers Antelope Canyon et le barrage. D\u00e9part \u00e0 16h15 pour 28$ par personne.<\/li>\n<li>Se placer \u00e0 la proue du bateau (l&rsquo;avant) car sur le pont sup\u00e9rieur c&rsquo;est en plein soleil.<\/li>\n<li>Le bateau se faufile jusqu&rsquo;au fond du canyon et c&rsquo;est magnifique. Ne pas rater ce moment.<\/li>\n<\/ul>\n<h3>Photos<\/h3>\n<p style=\"text-align: center;\"><a href=\"\/usa2009\/files\/2009\/11\/IMG_9376.JPG\"><img loading=\"lazy\" decoding=\"async\" class=\"alignnone size-thumbnail wp-image-1949\" title=\"Bateau de 16h15\" src=\"\/usa2009\/files\/2009\/11\/IMG_9376-150x150.jpg\" alt=\"Bateau de 16h15\" width=\"150\" height=\"150\" \/><\/a> <a href=\"\/usa2009\/files\/2009\/11\/IMG_9351.JPG\"><img loading=\"lazy\" decoding=\"async\" class=\"alignnone size-thumbnail wp-image-1950\" title=\"Antelope Canyon\" src=\"\/usa2009\/files\/2009\/11\/IMG_9351-150x150.jpg\" alt=\"Antelope Canyon\" width=\"150\" height=\"150\" \/><\/a> <a href=\"\/usa2009\/files\/2009\/11\/IMG_9362.JPG\"><img loading=\"lazy\" decoding=\"async\" class=\"alignnone size-thumbnail wp-image-1951\" title=\"Antelope Canyon\" src=\"\/usa2009\/files\/2009\/11\/IMG_9362-150x150.jpg\" alt=\"Antelope Canyon\" width=\"150\" height=\"150\" \/><\/a><\/p>\n","protected":false},"excerpt":{"rendered":"<p>Description Wahweap Marina est le principal d\u00e9part pour les promenades en bateau sur le lac Powell. La marina est situ\u00e9e \u00e0 5 miles au Nord de Page. Acc\u00e8s par le p\u00e9age (annual pass accept\u00e9). Balade de 1h30 vers Antelope Canyon et le barrage. D\u00e9part \u00e0 16h15 pour 28$ par personne. Se placer \u00e0 la proue [&hellip;]<\/p>\n","protected":false},"author":2,"featured_media":0,"parent":569,"menu_order":0,"comment_status":"open","ping_status":"open","template":"","meta":{"footnotes":""},"class_list":["post-1948","page","type-page","status-publish","hentry"],"_links":{"self":[{"href":"https:\/\/blogs.crespel.me\/usa2009\/wp-json\/wp\/v2\/pages\/1948","targetHints":{"allow":["GET"]}}],"collection":[{"href":"https:\/\/blogs.crespel.me\/usa2009\/wp-json\/wp\/v2\/pages"}],"about":[{"href":"https:\/\/blogs.crespel.me\/usa2009\/wp-json\/wp\/v2\/types\/page"}],"author":[{"embeddable":true,"href":"https:\/\/blogs.crespel.me\/usa2009\/wp-json\/wp\/v2\/users\/2"}],"replies":[{"embeddable":true,"href":"https:\/\/blogs.crespel.me\/usa2009\/wp-json\/wp\/v2\/comments?post=1948"}],"version-history":[{"count":4,"href":"https:\/\/blogs.crespel.me\/usa2009\/wp-json\/wp\/v2\/pages\/1948\/revisions"}],"predecessor-version":[{"id":1959,"href":"https:\/\/blogs.crespel.me\/usa2009\/wp-json\/wp\/v2\/pages\/1948\/revisions\/1959"}],"up":[{"embeddable":true,"href":"https:\/\/blogs.crespel.me\/usa2009\/wp-json\/wp\/v2\/pages\/569"}],"wp:attachment":[{"href":"https:\/\/blogs.crespel.me\/usa2009\/wp-json\/wp\/v2\/media?parent=1948"}],"curies":[{"name":"wp","href":"https:\/\/api.w.org\/{rel}","templated":true}]}}