{"id":1915,"date":"2009-11-06T18:41:50","date_gmt":"2009-11-06T16:41:50","guid":{"rendered":"http:\/\/jean.crespel.me\/?page_id=1915"},"modified":"2009-11-06T18:44:17","modified_gmt":"2009-11-06T16:44:17","slug":"sandal-trail","status":"publish","type":"page","link":"https:\/\/blogs.crespel.me\/usa2009\/annexes\/randonnees-et-visites\/sandal-trail\/","title":{"rendered":"Sandal Trail"},"content":{"rendered":"<h3>Description<\/h3>\n<ul>\n<li>Sandal Trail \u00e0 Navajo NM commence juste derri\u00e8re le Visitor Center.<\/li>\n<li>C&rsquo;est une balade courte (1 mile AR) et facile qui m\u00e8ne \u00e0 Betatakin Overlook.<\/li>\n<li>Betatakin Overlook permet de voir les ruines situ\u00e9es de l&rsquo;autre c\u00f4t\u00e9 du canyon.<\/li>\n<li>Navajo NM est un endroit tr\u00e8s peu fr\u00e9quent\u00e9 alors qu&rsquo;un petit d\u00e9tour (route 564 sur 9 miles depuis la 160 venant de Kayenta) permet de mieux conna\u00eetre la culture Pueblo.<\/li>\n<\/ul>\n<h3>Photos<\/h3>\n<p style=\"text-align: center;\"><a href=\"\/usa2009\/files\/2009\/08\/DSCF8377.JPG\"><img loading=\"lazy\" decoding=\"async\" class=\"alignnone size-thumbnail wp-image-897\" title=\"Betatakin\" src=\"\/usa2009\/files\/2009\/08\/DSCF8377-150x150.jpg\" alt=\"Betatakin\" width=\"150\" height=\"150\" \/><\/a> <a href=\"\/usa2009\/files\/2009\/11\/DSCF8376.JPG\"><img loading=\"lazy\" decoding=\"async\" class=\"alignnone size-thumbnail wp-image-1917\" title=\"D\u00e9part de Sandal Trail\" src=\"\/usa2009\/files\/2009\/11\/DSCF8376-150x150.jpg\" alt=\"D\u00e9part de Sandal Trail\" width=\"150\" height=\"150\" \/><\/a> <a href=\"\/usa2009\/files\/2009\/08\/DSCF8379.JPG\"><img loading=\"lazy\" decoding=\"async\" class=\"alignnone size-thumbnail wp-image-896\" title=\"Betatakin\" src=\"\/usa2009\/files\/2009\/08\/DSCF8379-150x150.jpg\" alt=\"Betatakin\" width=\"150\" height=\"150\" \/><\/a><\/p>\n","protected":false},"excerpt":{"rendered":"<p>Description Sandal Trail \u00e0 Navajo NM commence juste derri\u00e8re le Visitor Center. C&rsquo;est une balade courte (1 mile AR) et facile qui m\u00e8ne \u00e0 Betatakin Overlook. Betatakin Overlook permet de voir les ruines situ\u00e9es de l&rsquo;autre c\u00f4t\u00e9 du canyon. Navajo NM est un endroit tr\u00e8s peu fr\u00e9quent\u00e9 alors qu&rsquo;un petit d\u00e9tour (route 564 sur 9 [&hellip;]<\/p>\n","protected":false},"author":2,"featured_media":0,"parent":569,"menu_order":0,"comment_status":"open","ping_status":"open","template":"","meta":{"footnotes":""},"class_list":["post-1915","page","type-page","status-publish","hentry"],"_links":{"self":[{"href":"https:\/\/blogs.crespel.me\/usa2009\/wp-json\/wp\/v2\/pages\/1915","targetHints":{"allow":["GET"]}}],"collection":[{"href":"https:\/\/blogs.crespel.me\/usa2009\/wp-json\/wp\/v2\/pages"}],"about":[{"href":"https:\/\/blogs.crespel.me\/usa2009\/wp-json\/wp\/v2\/types\/page"}],"author":[{"embeddable":true,"href":"https:\/\/blogs.crespel.me\/usa2009\/wp-json\/wp\/v2\/users\/2"}],"replies":[{"embeddable":true,"href":"https:\/\/blogs.crespel.me\/usa2009\/wp-json\/wp\/v2\/comments?post=1915"}],"version-history":[{"count":4,"href":"https:\/\/blogs.crespel.me\/usa2009\/wp-json\/wp\/v2\/pages\/1915\/revisions"}],"predecessor-version":[{"id":1945,"href":"https:\/\/blogs.crespel.me\/usa2009\/wp-json\/wp\/v2\/pages\/1915\/revisions\/1945"}],"up":[{"embeddable":true,"href":"https:\/\/blogs.crespel.me\/usa2009\/wp-json\/wp\/v2\/pages\/569"}],"wp:attachment":[{"href":"https:\/\/blogs.crespel.me\/usa2009\/wp-json\/wp\/v2\/media?parent=1915"}],"curies":[{"name":"wp","href":"https:\/\/api.w.org\/{rel}","templated":true}]}}