{"id":1880,"date":"2009-11-06T14:19:12","date_gmt":"2009-11-06T12:19:12","guid":{"rendered":"http:\/\/jean.crespel.me\/?page_id=1880"},"modified":"2009-11-06T14:19:12","modified_gmt":"2009-11-06T12:19:12","slug":"white-house","status":"publish","type":"page","link":"https:\/\/blogs.crespel.me\/usa2009\/annexes\/randonnees-et-visites\/white-house\/","title":{"rendered":"White House"},"content":{"rendered":"<h3>Description<\/h3>\n<ul>\n<li>White House, au Canyon de Chelly, est un ensemble de constructions situ\u00e9 au fond du canyon.<\/li>\n<li>C&rsquo;est le seul endroit accessible sans guide (voir White House Trail).<\/li>\n<li>Un grillage ne permet pas de s&rsquo;approcher des ruines qui ne sont pas tr\u00e8s \u00e9tendues.<\/li>\n<li>La balade pour y arriver est beaucoup plus int\u00e9ressante que le site.<\/li>\n<\/ul>\n<h3>Photos<\/h3>\n<p style=\"text-align: center;\"><a href=\"\/usa2009\/files\/2009\/11\/IMG_9072.JPG\"><img loading=\"lazy\" decoding=\"async\" class=\"alignnone size-thumbnail wp-image-1881\" title=\"White House\" src=\"\/usa2009\/files\/2009\/11\/IMG_9072-150x150.jpg\" alt=\"White House\" width=\"150\" height=\"150\" \/><\/a> <a href=\"\/usa2009\/files\/2009\/08\/IMG_9071.JPG\"><img loading=\"lazy\" decoding=\"async\" class=\"alignnone size-thumbnail wp-image-875\" title=\"White House\" src=\"\/usa2009\/files\/2009\/08\/IMG_9071-150x150.jpg\" alt=\"White House\" width=\"150\" height=\"150\" \/><\/a> <a href=\"\/usa2009\/files\/2009\/11\/DSCF8219.JPG\"><img loading=\"lazy\" decoding=\"async\" class=\"alignnone size-thumbnail wp-image-1883\" title=\"White House\" src=\"\/usa2009\/files\/2009\/11\/DSCF8219-150x150.jpg\" alt=\"White House\" width=\"150\" height=\"150\" \/><\/a><\/p>\n","protected":false},"excerpt":{"rendered":"<p>Description White House, au Canyon de Chelly, est un ensemble de constructions situ\u00e9 au fond du canyon. C&rsquo;est le seul endroit accessible sans guide (voir White House Trail). Un grillage ne permet pas de s&rsquo;approcher des ruines qui ne sont pas tr\u00e8s \u00e9tendues. La balade pour y arriver est beaucoup plus int\u00e9ressante que le site. [&hellip;]<\/p>\n","protected":false},"author":2,"featured_media":0,"parent":569,"menu_order":0,"comment_status":"open","ping_status":"open","template":"","meta":{"footnotes":""},"class_list":["post-1880","page","type-page","status-publish","hentry"],"_links":{"self":[{"href":"https:\/\/blogs.crespel.me\/usa2009\/wp-json\/wp\/v2\/pages\/1880","targetHints":{"allow":["GET"]}}],"collection":[{"href":"https:\/\/blogs.crespel.me\/usa2009\/wp-json\/wp\/v2\/pages"}],"about":[{"href":"https:\/\/blogs.crespel.me\/usa2009\/wp-json\/wp\/v2\/types\/page"}],"author":[{"embeddable":true,"href":"https:\/\/blogs.crespel.me\/usa2009\/wp-json\/wp\/v2\/users\/2"}],"replies":[{"embeddable":true,"href":"https:\/\/blogs.crespel.me\/usa2009\/wp-json\/wp\/v2\/comments?post=1880"}],"version-history":[{"count":3,"href":"https:\/\/blogs.crespel.me\/usa2009\/wp-json\/wp\/v2\/pages\/1880\/revisions"}],"predecessor-version":[{"id":1907,"href":"https:\/\/blogs.crespel.me\/usa2009\/wp-json\/wp\/v2\/pages\/1880\/revisions\/1907"}],"up":[{"embeddable":true,"href":"https:\/\/blogs.crespel.me\/usa2009\/wp-json\/wp\/v2\/pages\/569"}],"wp:attachment":[{"href":"https:\/\/blogs.crespel.me\/usa2009\/wp-json\/wp\/v2\/media?parent=1880"}],"curies":[{"name":"wp","href":"https:\/\/api.w.org\/{rel}","templated":true}]}}