{"id":1873,"date":"2009-11-06T14:16:44","date_gmt":"2009-11-06T12:16:44","guid":{"rendered":"http:\/\/jean.crespel.me\/?page_id=1873"},"modified":"2009-11-06T14:16:44","modified_gmt":"2009-11-06T12:16:44","slug":"white-house-trail","status":"publish","type":"page","link":"https:\/\/blogs.crespel.me\/usa2009\/annexes\/randonnees-et-visites\/white-house-trail\/","title":{"rendered":"White House Trail"},"content":{"rendered":"<h3>Description<\/h3>\n<ul>\n<li>Au Canyon de Chelly, White House Overlook est situ\u00e9 \u00e0 5 miles apr\u00e8s le Visitor Center sur la South Rim Drive.<\/li>\n<li>White House Trail est le seul acc\u00e8s libre au bas du canyon.<\/li>\n<li>Le d\u00e9nivel\u00e9 est de 150m qu&rsquo;il faudra remonter, pour un aller retour de 2,5 miles, un peu escarp\u00e9 et chaud. C&rsquo;est une balade agr\u00e9able avec de tr\u00e8s beaux points de vue.<\/li>\n<\/ul>\n<h3>Photos<\/h3>\n<h3 style=\"text-align: center;\"><a href=\"\/usa2009\/files\/2009\/11\/DSCF8241.JPG\"><img loading=\"lazy\" decoding=\"async\" class=\"alignnone size-thumbnail wp-image-1874\" title=\"White House Trail\" src=\"\/usa2009\/files\/2009\/11\/DSCF8241-150x150.jpg\" alt=\"White House Trail\" width=\"150\" height=\"150\" \/><\/a> <a href=\"\/usa2009\/files\/2009\/11\/DSCF8242.JPG\"><img loading=\"lazy\" decoding=\"async\" class=\"alignnone size-thumbnail wp-image-1875\" title=\"Canyon de Chelly\" src=\"\/usa2009\/files\/2009\/11\/DSCF8242-150x150.jpg\" alt=\"Canyon de Chelly\" width=\"150\" height=\"150\" \/><\/a> <a href=\"\/usa2009\/files\/2009\/11\/IMG_9061.JPG\"><img loading=\"lazy\" decoding=\"async\" class=\"alignnone size-thumbnail wp-image-1876\" title=\"White House Trail\" src=\"\/usa2009\/files\/2009\/11\/IMG_9061-150x150.jpg\" alt=\"White House Trail\" width=\"150\" height=\"150\" \/><\/a><\/h3>\n","protected":false},"excerpt":{"rendered":"<p>Description Au Canyon de Chelly, White House Overlook est situ\u00e9 \u00e0 5 miles apr\u00e8s le Visitor Center sur la South Rim Drive. White House Trail est le seul acc\u00e8s libre au bas du canyon. Le d\u00e9nivel\u00e9 est de 150m qu&rsquo;il faudra remonter, pour un aller retour de 2,5 miles, un peu escarp\u00e9 et chaud. C&rsquo;est [&hellip;]<\/p>\n","protected":false},"author":2,"featured_media":0,"parent":569,"menu_order":0,"comment_status":"open","ping_status":"open","template":"","meta":{"footnotes":""},"class_list":["post-1873","page","type-page","status-publish","hentry"],"_links":{"self":[{"href":"https:\/\/blogs.crespel.me\/usa2009\/wp-json\/wp\/v2\/pages\/1873","targetHints":{"allow":["GET"]}}],"collection":[{"href":"https:\/\/blogs.crespel.me\/usa2009\/wp-json\/wp\/v2\/pages"}],"about":[{"href":"https:\/\/blogs.crespel.me\/usa2009\/wp-json\/wp\/v2\/types\/page"}],"author":[{"embeddable":true,"href":"https:\/\/blogs.crespel.me\/usa2009\/wp-json\/wp\/v2\/users\/2"}],"replies":[{"embeddable":true,"href":"https:\/\/blogs.crespel.me\/usa2009\/wp-json\/wp\/v2\/comments?post=1873"}],"version-history":[{"count":3,"href":"https:\/\/blogs.crespel.me\/usa2009\/wp-json\/wp\/v2\/pages\/1873\/revisions"}],"predecessor-version":[{"id":1905,"href":"https:\/\/blogs.crespel.me\/usa2009\/wp-json\/wp\/v2\/pages\/1873\/revisions\/1905"}],"up":[{"embeddable":true,"href":"https:\/\/blogs.crespel.me\/usa2009\/wp-json\/wp\/v2\/pages\/569"}],"wp:attachment":[{"href":"https:\/\/blogs.crespel.me\/usa2009\/wp-json\/wp\/v2\/media?parent=1873"}],"curies":[{"name":"wp","href":"https:\/\/api.w.org\/{rel}","templated":true}]}}