{"id":1866,"date":"2009-11-06T14:21:44","date_gmt":"2009-11-06T12:21:44","guid":{"rendered":"http:\/\/jean.crespel.me\/?page_id=1866"},"modified":"2009-11-06T14:23:42","modified_gmt":"2009-11-06T12:23:42","slug":"spruce-tree-house","status":"publish","type":"page","link":"https:\/\/blogs.crespel.me\/usa2009\/annexes\/randonnees-et-visites\/spruce-tree-house\/","title":{"rendered":"Spruce Tree House"},"content":{"rendered":"<h3>Description<\/h3>\n<ul>\n<li>Spruce Tree House \u00e0 Mesa Verde NP est situ\u00e9e \u00e0 Chapin Mesa soit \u00e0 5 miles apr\u00e8s le Visitor Center de Far View.<\/li>\n<li>Descendre (30m de d\u00e9nivel\u00e9 et 1 mile AR), dans le canyon juste \u00e0 c\u00f4t\u00e9 du Museum Archeological.<\/li>\n<li>Brochure en libre service et tr\u00e8s d\u00e9taill\u00e9e contre 0,5$.<\/li>\n<li>La visite est libre de 8h30 \u00e0 18h30 (c&rsquo;est la seule !) mais y venir le matin t\u00f4t, nous \u00e9tions pratiquement seuls vers 9h00 le 14 ao\u00fbt.<\/li>\n<li>Cet ensemble de constructions Anasazi date de 1200 \u00e0 1276 et comprend 114 salles et 8 kivas r\u00e9parties sur 66m de long et 27m de profondeur sous l&rsquo;alc\u00f4ve de la paroi.<\/li>\n<li>Environ 100 personnes y habitaient.<\/li>\n<li>Commencer par ce site et continuer par le Museum pour souffler apr\u00e8s la remont\u00e9e. Endroits \u00e0 voir imp\u00e9rativement.<\/li>\n<\/ul>\n<h3>Photos<\/h3>\n<p style=\"text-align: center;\"><a href=\"\/usa2009\/files\/2009\/11\/DSCF8186.JPG\"><img loading=\"lazy\" decoding=\"async\" class=\"alignnone size-thumbnail wp-image-1867\" title=\"Spruce Tree House\" src=\"\/usa2009\/files\/2009\/11\/DSCF8186-150x150.jpg\" alt=\"Spruce Tree House\" width=\"150\" height=\"150\" \/><\/a> <a href=\"\/usa2009\/files\/2009\/11\/DSCF8180.JPG\"><img loading=\"lazy\" decoding=\"async\" class=\"alignnone size-thumbnail wp-image-1868\" title=\"Spruce Tree House\" src=\"\/usa2009\/files\/2009\/11\/DSCF8180-150x150.jpg\" alt=\"Spruce Tree House\" width=\"150\" height=\"150\" \/><\/a> <a href=\"\/usa2009\/files\/2009\/11\/IMG_8990.JPG\"><img loading=\"lazy\" decoding=\"async\" class=\"alignnone size-thumbnail wp-image-1869\" title=\"Spruce Tree House\" src=\"\/usa2009\/files\/2009\/11\/IMG_8990-150x150.jpg\" alt=\"Spruce Tree House\" width=\"150\" height=\"150\" \/><\/a><\/p>\n","protected":false},"excerpt":{"rendered":"<p>Description Spruce Tree House \u00e0 Mesa Verde NP est situ\u00e9e \u00e0 Chapin Mesa soit \u00e0 5 miles apr\u00e8s le Visitor Center de Far View. Descendre (30m de d\u00e9nivel\u00e9 et 1 mile AR), dans le canyon juste \u00e0 c\u00f4t\u00e9 du Museum Archeological. Brochure en libre service et tr\u00e8s d\u00e9taill\u00e9e contre 0,5$. La visite est libre de [&hellip;]<\/p>\n","protected":false},"author":2,"featured_media":0,"parent":569,"menu_order":0,"comment_status":"open","ping_status":"open","template":"","meta":{"footnotes":""},"class_list":["post-1866","page","type-page","status-publish","hentry"],"_links":{"self":[{"href":"https:\/\/blogs.crespel.me\/usa2009\/wp-json\/wp\/v2\/pages\/1866","targetHints":{"allow":["GET"]}}],"collection":[{"href":"https:\/\/blogs.crespel.me\/usa2009\/wp-json\/wp\/v2\/pages"}],"about":[{"href":"https:\/\/blogs.crespel.me\/usa2009\/wp-json\/wp\/v2\/types\/page"}],"author":[{"embeddable":true,"href":"https:\/\/blogs.crespel.me\/usa2009\/wp-json\/wp\/v2\/users\/2"}],"replies":[{"embeddable":true,"href":"https:\/\/blogs.crespel.me\/usa2009\/wp-json\/wp\/v2\/comments?post=1866"}],"version-history":[{"count":4,"href":"https:\/\/blogs.crespel.me\/usa2009\/wp-json\/wp\/v2\/pages\/1866\/revisions"}],"predecessor-version":[{"id":1911,"href":"https:\/\/blogs.crespel.me\/usa2009\/wp-json\/wp\/v2\/pages\/1866\/revisions\/1911"}],"up":[{"embeddable":true,"href":"https:\/\/blogs.crespel.me\/usa2009\/wp-json\/wp\/v2\/pages\/569"}],"wp:attachment":[{"href":"https:\/\/blogs.crespel.me\/usa2009\/wp-json\/wp\/v2\/media?parent=1866"}],"curies":[{"name":"wp","href":"https:\/\/api.w.org\/{rel}","templated":true}]}}