{"id":1846,"date":"2009-11-06T14:12:18","date_gmt":"2009-11-06T12:12:18","guid":{"rendered":"http:\/\/jean.crespel.me\/?page_id=1846"},"modified":"2009-11-06T14:12:18","modified_gmt":"2009-11-06T12:12:18","slug":"pothole-trail","status":"publish","type":"page","link":"https:\/\/blogs.crespel.me\/usa2009\/annexes\/randonnees-et-visites\/pothole-trail\/","title":{"rendered":"Pothole Trail"},"content":{"rendered":"<h3>Description<\/h3>\n<ul>\n<li>Pothole Point Trail est situ\u00e9 5 miles apr\u00e8s le Visitor Center de Canyonlands The Needles, sur la Scenic Drive menant \u00e0 Big Spring Canyon Overlook.<\/li>\n<li>C&rsquo;est une balade de 0,6 mile \/ 1 km \u00e0 travers les potholes, qui sont des cuvettes creus\u00e9es naturellement  dans la roche.<\/li>\n<li>Beaux points de vues sur les Needles.<\/li>\n<li>Balade int\u00e9ressante et facile.<\/li>\n<\/ul>\n<h3>Photos<\/h3>\n<p style=\"text-align: center;\"><a href=\"\/usa2009\/files\/2009\/08\/IMG_8975.JPG\"><img loading=\"lazy\" decoding=\"async\" class=\"alignnone size-thumbnail wp-image-759\" title=\"Pothole\" src=\"\/usa2009\/files\/2009\/08\/IMG_8975-150x150.jpg\" alt=\"Pothole Trail\" width=\"150\" height=\"150\" \/><\/a> <a href=\"\/usa2009\/files\/2009\/11\/DSCF8150.JPG\"><img loading=\"lazy\" decoding=\"async\" class=\"alignnone size-thumbnail wp-image-1848\" title=\"Pr\u00e8s des Potholes\" src=\"\/usa2009\/files\/2009\/11\/DSCF8150-150x150.jpg\" alt=\"Pr\u00e8s des Potholes\" width=\"150\" height=\"150\" \/><\/a> <a href=\"\/usa2009\/files\/2009\/11\/DSCF8151.JPG\"><img loading=\"lazy\" decoding=\"async\" class=\"alignnone size-thumbnail wp-image-1849\" title=\"Vue des Needles depuis Pothole\" src=\"\/usa2009\/files\/2009\/11\/DSCF8151-150x150.jpg\" alt=\"Vue des Needles depuis Pothole\" width=\"150\" height=\"150\" \/><\/a><\/p>\n","protected":false},"excerpt":{"rendered":"<p>Description Pothole Point Trail est situ\u00e9 5 miles apr\u00e8s le Visitor Center de Canyonlands The Needles, sur la Scenic Drive menant \u00e0 Big Spring Canyon Overlook. C&rsquo;est une balade de 0,6 mile \/ 1 km \u00e0 travers les potholes, qui sont des cuvettes creus\u00e9es naturellement dans la roche. Beaux points de vues sur les Needles. [&hellip;]<\/p>\n","protected":false},"author":2,"featured_media":0,"parent":569,"menu_order":0,"comment_status":"open","ping_status":"open","template":"","meta":{"footnotes":""},"class_list":["post-1846","page","type-page","status-publish","hentry"],"_links":{"self":[{"href":"https:\/\/blogs.crespel.me\/usa2009\/wp-json\/wp\/v2\/pages\/1846","targetHints":{"allow":["GET"]}}],"collection":[{"href":"https:\/\/blogs.crespel.me\/usa2009\/wp-json\/wp\/v2\/pages"}],"about":[{"href":"https:\/\/blogs.crespel.me\/usa2009\/wp-json\/wp\/v2\/types\/page"}],"author":[{"embeddable":true,"href":"https:\/\/blogs.crespel.me\/usa2009\/wp-json\/wp\/v2\/users\/2"}],"replies":[{"embeddable":true,"href":"https:\/\/blogs.crespel.me\/usa2009\/wp-json\/wp\/v2\/comments?post=1846"}],"version-history":[{"count":3,"href":"https:\/\/blogs.crespel.me\/usa2009\/wp-json\/wp\/v2\/pages\/1846\/revisions"}],"predecessor-version":[{"id":1902,"href":"https:\/\/blogs.crespel.me\/usa2009\/wp-json\/wp\/v2\/pages\/1846\/revisions\/1902"}],"up":[{"embeddable":true,"href":"https:\/\/blogs.crespel.me\/usa2009\/wp-json\/wp\/v2\/pages\/569"}],"wp:attachment":[{"href":"https:\/\/blogs.crespel.me\/usa2009\/wp-json\/wp\/v2\/media?parent=1846"}],"curies":[{"name":"wp","href":"https:\/\/api.w.org\/{rel}","templated":true}]}}