{"id":1839,"date":"2009-11-06T13:35:03","date_gmt":"2009-11-06T11:35:03","guid":{"rendered":"http:\/\/jean.crespel.me\/?page_id=1839"},"modified":"2009-11-06T13:35:03","modified_gmt":"2009-11-06T11:35:03","slug":"cave-spring","status":"publish","type":"page","link":"https:\/\/blogs.crespel.me\/usa2009\/annexes\/randonnees-et-visites\/cave-spring\/","title":{"rendered":"Cave Spring"},"content":{"rendered":"<h3>Description<\/h3>\n<ul>\n<li>Cave Spring est situ\u00e9e \u00e0 environ 2,4 miles apr\u00e8s le Visitor Center de Canyonland Needles.<\/li>\n<li>Prendre la premi\u00e8re \u00e0 gauche, puis le chemin \u00e0 gauche, le parking est au bout.<\/li>\n<li>Le chemin de 0,6 mile \/ 1 km, serpente dans la v\u00e9g\u00e9tation, passe sous 2 alc\u00f4ves ayant servi de refuge aux cowboys, emprunte 2 \u00e9chelles (sans difficult\u00e9s&#8230;), et surmonte le site.<\/li>\n<li>C&rsquo;est une amusante et int\u00e9ressante balade d&rsquo;environ 45 mn \u00e0 faire en famille.<\/li>\n<\/ul>\n<h3>Photos<\/h3>\n<p style=\"text-align: center;\"><a href=\"\/usa2009\/files\/2009\/11\/DSCF8142.JPG\"><img loading=\"lazy\" decoding=\"async\" class=\"alignnone size-thumbnail wp-image-1840\" title=\"D\u00e9part de Cave Spring\" src=\"\/usa2009\/files\/2009\/11\/DSCF8142-150x150.jpg\" alt=\"D\u00e9part de Cave Spring\" width=\"150\" height=\"150\" \/><\/a> <a href=\"\/usa2009\/files\/2009\/11\/DSCF8135.JPG\"><img loading=\"lazy\" decoding=\"async\" class=\"alignnone size-thumbnail wp-image-1841\" title=\"Cave Spring\" src=\"\/usa2009\/files\/2009\/11\/DSCF8135-150x150.jpg\" alt=\"Cave Spring\" width=\"150\" height=\"150\" \/><\/a> <a href=\"\/usa2009\/files\/2009\/11\/IMG_8953.JPG\"><img loading=\"lazy\" decoding=\"async\" class=\"alignnone size-thumbnail wp-image-1842\" title=\"Cave Spring\" src=\"\/usa2009\/files\/2009\/11\/IMG_8953-150x150.jpg\" alt=\"Cave Spring\" width=\"150\" height=\"150\" \/><\/a><\/p>\n","protected":false},"excerpt":{"rendered":"<p>Description Cave Spring est situ\u00e9e \u00e0 environ 2,4 miles apr\u00e8s le Visitor Center de Canyonland Needles. Prendre la premi\u00e8re \u00e0 gauche, puis le chemin \u00e0 gauche, le parking est au bout. Le chemin de 0,6 mile \/ 1 km, serpente dans la v\u00e9g\u00e9tation, passe sous 2 alc\u00f4ves ayant servi de refuge aux cowboys, emprunte 2 [&hellip;]<\/p>\n","protected":false},"author":2,"featured_media":0,"parent":569,"menu_order":0,"comment_status":"open","ping_status":"open","template":"","meta":{"footnotes":""},"class_list":["post-1839","page","type-page","status-publish","hentry"],"_links":{"self":[{"href":"https:\/\/blogs.crespel.me\/usa2009\/wp-json\/wp\/v2\/pages\/1839","targetHints":{"allow":["GET"]}}],"collection":[{"href":"https:\/\/blogs.crespel.me\/usa2009\/wp-json\/wp\/v2\/pages"}],"about":[{"href":"https:\/\/blogs.crespel.me\/usa2009\/wp-json\/wp\/v2\/types\/page"}],"author":[{"embeddable":true,"href":"https:\/\/blogs.crespel.me\/usa2009\/wp-json\/wp\/v2\/users\/2"}],"replies":[{"embeddable":true,"href":"https:\/\/blogs.crespel.me\/usa2009\/wp-json\/wp\/v2\/comments?post=1839"}],"version-history":[{"count":4,"href":"https:\/\/blogs.crespel.me\/usa2009\/wp-json\/wp\/v2\/pages\/1839\/revisions"}],"predecessor-version":[{"id":1889,"href":"https:\/\/blogs.crespel.me\/usa2009\/wp-json\/wp\/v2\/pages\/1839\/revisions\/1889"}],"up":[{"embeddable":true,"href":"https:\/\/blogs.crespel.me\/usa2009\/wp-json\/wp\/v2\/pages\/569"}],"wp:attachment":[{"href":"https:\/\/blogs.crespel.me\/usa2009\/wp-json\/wp\/v2\/media?parent=1839"}],"curies":[{"name":"wp","href":"https:\/\/api.w.org\/{rel}","templated":true}]}}