{"id":1824,"date":"2009-11-06T13:54:07","date_gmt":"2009-11-06T11:54:07","guid":{"rendered":"http:\/\/jean.crespel.me\/?page_id=1824"},"modified":"2009-11-06T13:54:07","modified_gmt":"2009-11-06T11:54:07","slug":"grand-view-point","status":"publish","type":"page","link":"https:\/\/blogs.crespel.me\/usa2009\/annexes\/randonnees-et-visites\/grand-view-point\/","title":{"rendered":"Grand View Point"},"content":{"rendered":"<h3>Description<\/h3>\n<ul>\n<li>Grand View Point Overlook est situ\u00e9 \u00e0 l&rsquo;extr\u00e9mit\u00e9 Sud de la Scenic Drive de Canyonlands Island in the Sky, soit \u00e0 13 miles du Visitor Center.<\/li>\n<li>Le trail de 2 miles \/ 3 km AR, longe la falaise et offre des points de vue vertigineux.<\/li>\n<li>C&rsquo;est une balade facile \u00e0 condition de la faire le matin t\u00f4t, car il fait ensuite tr\u00e8s chaud.<\/li>\n<\/ul>\n<h3>Photos<\/h3>\n<p style=\"text-align: center;\"><a href=\"\/usa2009\/files\/2009\/10\/DSCF8030.JPG\"><img loading=\"lazy\" decoding=\"async\" class=\"alignnone size-thumbnail wp-image-1825\" title=\"Grand View Point\" src=\"\/usa2009\/files\/2009\/10\/DSCF8030-150x150.jpg\" alt=\"Grand View Point\" width=\"150\" height=\"150\" \/><\/a> <a href=\"\/usa2009\/files\/2009\/10\/DSCF8029.JPG\"><img loading=\"lazy\" decoding=\"async\" class=\"alignnone size-thumbnail wp-image-1826\" title=\"Pr\u00e8s de Grand View Point\" src=\"\/usa2009\/files\/2009\/10\/DSCF8029-150x150.jpg\" alt=\"Pr\u00e8s de Grand View Point\" width=\"150\" height=\"150\" \/><\/a> <a href=\"\/usa2009\/files\/2009\/10\/DSCF8020.JPG\"><img loading=\"lazy\" decoding=\"async\" class=\"alignnone size-thumbnail wp-image-1827\" title=\"Grand View Point Overlook\" src=\"\/usa2009\/files\/2009\/10\/DSCF8020-150x150.jpg\" alt=\"Grand View Point Overlook\" width=\"150\" height=\"150\" \/><\/a><\/p>\n","protected":false},"excerpt":{"rendered":"<p>Description Grand View Point Overlook est situ\u00e9 \u00e0 l&rsquo;extr\u00e9mit\u00e9 Sud de la Scenic Drive de Canyonlands Island in the Sky, soit \u00e0 13 miles du Visitor Center. Le trail de 2 miles \/ 3 km AR, longe la falaise et offre des points de vue vertigineux. C&rsquo;est une balade facile \u00e0 condition de la faire [&hellip;]<\/p>\n","protected":false},"author":2,"featured_media":0,"parent":569,"menu_order":0,"comment_status":"open","ping_status":"open","template":"","meta":{"footnotes":""},"class_list":["post-1824","page","type-page","status-publish","hentry"],"_links":{"self":[{"href":"https:\/\/blogs.crespel.me\/usa2009\/wp-json\/wp\/v2\/pages\/1824","targetHints":{"allow":["GET"]}}],"collection":[{"href":"https:\/\/blogs.crespel.me\/usa2009\/wp-json\/wp\/v2\/pages"}],"about":[{"href":"https:\/\/blogs.crespel.me\/usa2009\/wp-json\/wp\/v2\/types\/page"}],"author":[{"embeddable":true,"href":"https:\/\/blogs.crespel.me\/usa2009\/wp-json\/wp\/v2\/users\/2"}],"replies":[{"embeddable":true,"href":"https:\/\/blogs.crespel.me\/usa2009\/wp-json\/wp\/v2\/comments?post=1824"}],"version-history":[{"count":4,"href":"https:\/\/blogs.crespel.me\/usa2009\/wp-json\/wp\/v2\/pages\/1824\/revisions"}],"predecessor-version":[{"id":1895,"href":"https:\/\/blogs.crespel.me\/usa2009\/wp-json\/wp\/v2\/pages\/1824\/revisions\/1895"}],"up":[{"embeddable":true,"href":"https:\/\/blogs.crespel.me\/usa2009\/wp-json\/wp\/v2\/pages\/569"}],"wp:attachment":[{"href":"https:\/\/blogs.crespel.me\/usa2009\/wp-json\/wp\/v2\/media?parent=1824"}],"curies":[{"name":"wp","href":"https:\/\/api.w.org\/{rel}","templated":true}]}}