{"id":1818,"date":"2009-11-06T13:59:16","date_gmt":"2009-11-06T11:59:16","guid":{"rendered":"http:\/\/jean.crespel.me\/?page_id=1818"},"modified":"2009-11-06T13:59:16","modified_gmt":"2009-11-06T11:59:16","slug":"mesa-arch","status":"publish","type":"page","link":"https:\/\/blogs.crespel.me\/usa2009\/annexes\/randonnees-et-visites\/mesa-arch\/","title":{"rendered":"Mesa Arch"},"content":{"rendered":"<h3>Description<\/h3>\n<ul>\n<li>Mesa Arch est situ\u00e9 6 miles \/ 10 km apr\u00e8s le Visitor Center de Canyonlands Island in the Sky.<\/li>\n<li>La balade vers Mesa Arch est courte et facile, 0,5 miles AR.<\/li>\n<li>Le point de vue est \u00e0 faire au lever du soleil, nous n&rsquo;y \u00e9tions que vers 11h30 et c&rsquo;est encore tr\u00e8s beau.<\/li>\n<li>C&rsquo;est un endroit \u00e0 ne pas rater.<\/li>\n<\/ul>\n<h3>Photos<\/h3>\n<p style=\"text-align: center;\"><a href=\"\/usa2009\/files\/2009\/10\/DSCF8031.JPG\"><img loading=\"lazy\" decoding=\"async\" class=\"alignnone size-thumbnail wp-image-1819\" title=\"D\u00e9part vers Mesa Arch\" src=\"\/usa2009\/files\/2009\/10\/DSCF8031-150x150.jpg\" alt=\"D\u00e9part vers Mesa Arch\" width=\"150\" height=\"150\" \/><\/a> <a href=\"\/usa2009\/files\/2009\/08\/DSCF8035.JPG\"><img loading=\"lazy\" decoding=\"async\" class=\"alignnone size-thumbnail wp-image-730\" title=\"Mesa Arch\" src=\"\/usa2009\/files\/2009\/08\/DSCF8035-150x150.jpg\" alt=\"Mesa Arch\" width=\"150\" height=\"150\" \/><\/a> <a href=\"\/usa2009\/files\/2009\/10\/DSCF8040.JPG\"><img loading=\"lazy\" decoding=\"async\" class=\"alignnone size-thumbnail wp-image-1821\" title=\"Mesa Arch\" src=\"\/usa2009\/files\/2009\/10\/DSCF8040-150x150.jpg\" alt=\"Mesa Arch\" width=\"150\" height=\"150\" \/><\/a><\/p>\n","protected":false},"excerpt":{"rendered":"<p>Description Mesa Arch est situ\u00e9 6 miles \/ 10 km apr\u00e8s le Visitor Center de Canyonlands Island in the Sky. La balade vers Mesa Arch est courte et facile, 0,5 miles AR. Le point de vue est \u00e0 faire au lever du soleil, nous n&rsquo;y \u00e9tions que vers 11h30 et c&rsquo;est encore tr\u00e8s beau. C&rsquo;est [&hellip;]<\/p>\n","protected":false},"author":2,"featured_media":0,"parent":569,"menu_order":0,"comment_status":"open","ping_status":"open","template":"","meta":{"footnotes":""},"class_list":["post-1818","page","type-page","status-publish","hentry"],"_links":{"self":[{"href":"https:\/\/blogs.crespel.me\/usa2009\/wp-json\/wp\/v2\/pages\/1818","targetHints":{"allow":["GET"]}}],"collection":[{"href":"https:\/\/blogs.crespel.me\/usa2009\/wp-json\/wp\/v2\/pages"}],"about":[{"href":"https:\/\/blogs.crespel.me\/usa2009\/wp-json\/wp\/v2\/types\/page"}],"author":[{"embeddable":true,"href":"https:\/\/blogs.crespel.me\/usa2009\/wp-json\/wp\/v2\/users\/2"}],"replies":[{"embeddable":true,"href":"https:\/\/blogs.crespel.me\/usa2009\/wp-json\/wp\/v2\/comments?post=1818"}],"version-history":[{"count":2,"href":"https:\/\/blogs.crespel.me\/usa2009\/wp-json\/wp\/v2\/pages\/1818\/revisions"}],"predecessor-version":[{"id":1897,"href":"https:\/\/blogs.crespel.me\/usa2009\/wp-json\/wp\/v2\/pages\/1818\/revisions\/1897"}],"up":[{"embeddable":true,"href":"https:\/\/blogs.crespel.me\/usa2009\/wp-json\/wp\/v2\/pages\/569"}],"wp:attachment":[{"href":"https:\/\/blogs.crespel.me\/usa2009\/wp-json\/wp\/v2\/media?parent=1818"}],"curies":[{"name":"wp","href":"https:\/\/api.w.org\/{rel}","templated":true}]}}