{"id":1803,"date":"2009-11-06T14:02:08","date_gmt":"2009-11-06T12:02:08","guid":{"rendered":"http:\/\/jean.crespel.me\/?page_id=1803"},"modified":"2009-11-06T14:02:08","modified_gmt":"2009-11-06T12:02:08","slug":"museum-archeological","status":"publish","type":"page","link":"https:\/\/blogs.crespel.me\/usa2009\/annexes\/randonnees-et-visites\/museum-archeological\/","title":{"rendered":"Museum Archeological"},"content":{"rendered":"<h3>Description<\/h3>\n<ul>\n<li>Le Museum Archeological de Mesa Verde est situ\u00e9 \u00e0 Chapin Mesa, soit 5 miles\/8 km apr\u00e8s le Visitor Center de Far View.<\/li>\n<li>Il est r\u00e9alis\u00e9 en style Pueblo, et situ\u00e9 au bord du canyon menant \u00e0 Spruce Tree House.<\/li>\n<li>Acc\u00e8s gratuit de 8h00 \u00e0 18h30, projection tr\u00e8s int\u00e9ressante de 20mn, toutes les 1\/2 heures.<\/li>\n<li>Ce Museum est tr\u00e8s important par ses diff\u00e9rents th\u00e8mes abord\u00e9s, il demande un certain investissement en temps \u00e0 y consacrer !<\/li>\n<li>Passage oblig\u00e9 pour les amateurs de culture Pueblo.<\/li>\n<\/ul>\n<h3>Photos<\/h3>\n<p style=\"text-align: center;\"><a href=\"\/usa2009\/files\/2009\/10\/DSCF8194.JPG\"><img loading=\"lazy\" decoding=\"async\" class=\"alignnone size-thumbnail wp-image-1804\" title=\"Entr\u00e9e du Museum\" src=\"\/usa2009\/files\/2009\/10\/DSCF8194-150x150.jpg\" alt=\"Entr\u00e9e du Museum\" width=\"150\" height=\"150\" \/><\/a> <a href=\"\/usa2009\/files\/2009\/10\/DSCF8175.JPG\"><img loading=\"lazy\" decoding=\"async\" class=\"alignnone size-thumbnail wp-image-1805\" title=\"Ext\u00e9rieur du Museum\" src=\"\/usa2009\/files\/2009\/10\/DSCF8175-150x150.jpg\" alt=\"Ext\u00e9rieur du Museum\" width=\"150\" height=\"150\" \/><\/a> <a href=\"\/usa2009\/files\/2009\/10\/DSCF8193.JPG\"><img loading=\"lazy\" decoding=\"async\" class=\"alignnone size-thumbnail wp-image-1806\" title=\"Vitrine au Museum\" src=\"\/usa2009\/files\/2009\/10\/DSCF8193-150x150.jpg\" alt=\"Vitrine au Museum\" width=\"150\" height=\"150\" \/><\/a><\/p>\n","protected":false},"excerpt":{"rendered":"<p>Description Le Museum Archeological de Mesa Verde est situ\u00e9 \u00e0 Chapin Mesa, soit 5 miles\/8 km apr\u00e8s le Visitor Center de Far View. Il est r\u00e9alis\u00e9 en style Pueblo, et situ\u00e9 au bord du canyon menant \u00e0 Spruce Tree House. Acc\u00e8s gratuit de 8h00 \u00e0 18h30, projection tr\u00e8s int\u00e9ressante de 20mn, toutes les 1\/2 heures. [&hellip;]<\/p>\n","protected":false},"author":2,"featured_media":0,"parent":569,"menu_order":0,"comment_status":"open","ping_status":"open","template":"","meta":{"footnotes":""},"class_list":["post-1803","page","type-page","status-publish","hentry"],"_links":{"self":[{"href":"https:\/\/blogs.crespel.me\/usa2009\/wp-json\/wp\/v2\/pages\/1803","targetHints":{"allow":["GET"]}}],"collection":[{"href":"https:\/\/blogs.crespel.me\/usa2009\/wp-json\/wp\/v2\/pages"}],"about":[{"href":"https:\/\/blogs.crespel.me\/usa2009\/wp-json\/wp\/v2\/types\/page"}],"author":[{"embeddable":true,"href":"https:\/\/blogs.crespel.me\/usa2009\/wp-json\/wp\/v2\/users\/2"}],"replies":[{"embeddable":true,"href":"https:\/\/blogs.crespel.me\/usa2009\/wp-json\/wp\/v2\/comments?post=1803"}],"version-history":[{"count":3,"href":"https:\/\/blogs.crespel.me\/usa2009\/wp-json\/wp\/v2\/pages\/1803\/revisions"}],"predecessor-version":[{"id":1898,"href":"https:\/\/blogs.crespel.me\/usa2009\/wp-json\/wp\/v2\/pages\/1803\/revisions\/1898"}],"up":[{"embeddable":true,"href":"https:\/\/blogs.crespel.me\/usa2009\/wp-json\/wp\/v2\/pages\/569"}],"wp:attachment":[{"href":"https:\/\/blogs.crespel.me\/usa2009\/wp-json\/wp\/v2\/media?parent=1803"}],"curies":[{"name":"wp","href":"https:\/\/api.w.org\/{rel}","templated":true}]}}