{"id":1779,"date":"2009-11-06T13:32:55","date_gmt":"2009-11-06T11:32:55","guid":{"rendered":"http:\/\/jean.crespel.me\/?page_id=1779"},"modified":"2009-11-06T13:35:25","modified_gmt":"2009-11-06T11:35:25","slug":"balanced-rock","status":"publish","type":"page","link":"https:\/\/blogs.crespel.me\/usa2009\/annexes\/randonnees-et-visites\/balanced-rock\/","title":{"rendered":"Balanced Rock"},"content":{"rendered":"<h3>Description<\/h3>\n<ul>\n<li>Balanced Rock est situ\u00e9 \u00e0 9,2 miles du Visitor Center de Arches NP, juste avant la route (\u00e0 droite) menant \u00e0 Windows Section.<\/li>\n<li>C&rsquo;est un rocher port\u00e9 en \u00e9quilibre (stable pour le moment).<\/li>\n<li>Un chemin de 0,2 mile en fait le tour.<\/li>\n<li>C&rsquo;est une c\u00e9l\u00e9brit\u00e9 locale, pas de remarque particuli\u00e8re.<\/li>\n<\/ul>\n<h3>Photos<\/h3>\n<p style=\"text-align: center;\"><a href=\"\/usa2009\/files\/2009\/10\/IMG_8911.JPG\"><img loading=\"lazy\" decoding=\"async\" class=\"alignnone size-thumbnail wp-image-1780\" title=\"Balanced Rock\" src=\"\/usa2009\/files\/2009\/10\/IMG_8911-150x150.jpg\" alt=\"Balanced Rock\" width=\"150\" height=\"150\" \/><\/a> <a href=\"\/usa2009\/files\/2009\/10\/IMG_8869.JPG\"><img loading=\"lazy\" decoding=\"async\" class=\"alignnone size-thumbnail wp-image-1781\" title=\"Balanced Rock\" src=\"\/usa2009\/files\/2009\/10\/IMG_8869-150x150.jpg\" alt=\"Balanced Rock\" width=\"150\" height=\"150\" \/><\/a> <a href=\"\/usa2009\/files\/2009\/10\/IMG_8906.JPG\"><img loading=\"lazy\" decoding=\"async\" class=\"alignnone size-thumbnail wp-image-1782\" title=\"Balanced Rock\" src=\"\/usa2009\/files\/2009\/10\/IMG_8906-150x150.jpg\" alt=\"Balanced Rock\" width=\"150\" height=\"150\" \/><\/a><\/p>\n","protected":false},"excerpt":{"rendered":"<p>Description Balanced Rock est situ\u00e9 \u00e0 9,2 miles du Visitor Center de Arches NP, juste avant la route (\u00e0 droite) menant \u00e0 Windows Section. C&rsquo;est un rocher port\u00e9 en \u00e9quilibre (stable pour le moment). Un chemin de 0,2 mile en fait le tour. C&rsquo;est une c\u00e9l\u00e9brit\u00e9 locale, pas de remarque particuli\u00e8re. Photos<\/p>\n","protected":false},"author":2,"featured_media":0,"parent":569,"menu_order":0,"comment_status":"open","ping_status":"open","template":"","meta":{"footnotes":""},"class_list":["post-1779","page","type-page","status-publish","hentry"],"_links":{"self":[{"href":"https:\/\/blogs.crespel.me\/usa2009\/wp-json\/wp\/v2\/pages\/1779","targetHints":{"allow":["GET"]}}],"collection":[{"href":"https:\/\/blogs.crespel.me\/usa2009\/wp-json\/wp\/v2\/pages"}],"about":[{"href":"https:\/\/blogs.crespel.me\/usa2009\/wp-json\/wp\/v2\/types\/page"}],"author":[{"embeddable":true,"href":"https:\/\/blogs.crespel.me\/usa2009\/wp-json\/wp\/v2\/users\/2"}],"replies":[{"embeddable":true,"href":"https:\/\/blogs.crespel.me\/usa2009\/wp-json\/wp\/v2\/comments?post=1779"}],"version-history":[{"count":4,"href":"https:\/\/blogs.crespel.me\/usa2009\/wp-json\/wp\/v2\/pages\/1779\/revisions"}],"predecessor-version":[{"id":1890,"href":"https:\/\/blogs.crespel.me\/usa2009\/wp-json\/wp\/v2\/pages\/1779\/revisions\/1890"}],"up":[{"embeddable":true,"href":"https:\/\/blogs.crespel.me\/usa2009\/wp-json\/wp\/v2\/pages\/569"}],"wp:attachment":[{"href":"https:\/\/blogs.crespel.me\/usa2009\/wp-json\/wp\/v2\/media?parent=1779"}],"curies":[{"name":"wp","href":"https:\/\/api.w.org\/{rel}","templated":true}]}}