{"id":1722,"date":"2009-09-28T15:40:49","date_gmt":"2009-09-28T13:40:49","guid":{"rendered":"http:\/\/jean.crespel.me\/?page_id=1722"},"modified":"2009-09-29T19:12:38","modified_gmt":"2009-09-29T17:12:38","slug":"devils-garden","status":"publish","type":"page","link":"https:\/\/blogs.crespel.me\/usa2009\/annexes\/randonnees-et-visites\/devils-garden\/","title":{"rendered":"Devils Garden"},"content":{"rendered":"<h3>Description<\/h3>\n<ul>\n<li>Devils Garden Trailhead est situ\u00e9 \u00e0 l&rsquo;extr\u00e9mit\u00e9 de la Scenic Road soit \u00e0 18 miles de l&rsquo;entr\u00e9e du parc.<\/li>\n<li>Double O Arch est le point le plus \u00e9loign\u00e9 \u00e0 2,1 miles vers le Nord-Ouest.<\/li>\n<li>Nous n&rsquo;avons fait que l&rsquo;aller\/retour vers Landscape Arch (la plus longue port\u00e9e au monde = 89 m) en passant par Tunnel Arch et Pine Tree Arch soit 1,6 mile AR.<\/li>\n<li>Un peu de vallonnement et de sable mais pas de grande difficult\u00e9&#8230; mais il n&rsquo;\u00e9tait que 9h30 ce matin l\u00e0.<\/li>\n<li>C&rsquo;est l&rsquo;endroit o\u00f9 il faut d\u00e9marrer sa journ\u00e9e \u00e0 Arches NP : une balade classique et de beaux points de vue.<\/li>\n<\/ul>\n<h3>Photos<\/h3>\n<p style=\"text-align: center;\"><a href=\"\/usa2009\/files\/2009\/09\/IMG_8836.JPG\"><img loading=\"lazy\" decoding=\"async\" class=\"alignnone size-thumbnail wp-image-1724\" title=\"Landscape Arch\" src=\"\/usa2009\/files\/2009\/09\/IMG_8836-150x150.jpg\" alt=\"Landscape Arch\" width=\"150\" height=\"150\" \/><\/a> <a href=\"\/usa2009\/files\/2009\/09\/IMG_8848.JPG\"><img loading=\"lazy\" decoding=\"async\" class=\"alignnone size-thumbnail wp-image-1725\" title=\"Tunnel Arch\" src=\"\/usa2009\/files\/2009\/09\/IMG_8848-150x150.jpg\" alt=\"Tunnel Arch\" width=\"150\" height=\"150\" \/><\/a> <a href=\"\/usa2009\/files\/2009\/09\/DSCF8090.JPG\"><img loading=\"lazy\" decoding=\"async\" class=\"alignnone size-thumbnail wp-image-1726\" title=\"Pine Tree Arch\" src=\"\/usa2009\/files\/2009\/09\/DSCF8090-150x150.jpg\" alt=\"Pine Tree Arch\" width=\"150\" height=\"150\" \/><\/a><\/p>\n","protected":false},"excerpt":{"rendered":"<p>Description Devils Garden Trailhead est situ\u00e9 \u00e0 l&rsquo;extr\u00e9mit\u00e9 de la Scenic Road soit \u00e0 18 miles de l&rsquo;entr\u00e9e du parc. Double O Arch est le point le plus \u00e9loign\u00e9 \u00e0 2,1 miles vers le Nord-Ouest. Nous n&rsquo;avons fait que l&rsquo;aller\/retour vers Landscape Arch (la plus longue port\u00e9e au monde = 89 m) en passant par [&hellip;]<\/p>\n","protected":false},"author":2,"featured_media":0,"parent":569,"menu_order":0,"comment_status":"open","ping_status":"open","template":"","meta":{"footnotes":""},"class_list":["post-1722","page","type-page","status-publish","hentry"],"_links":{"self":[{"href":"https:\/\/blogs.crespel.me\/usa2009\/wp-json\/wp\/v2\/pages\/1722","targetHints":{"allow":["GET"]}}],"collection":[{"href":"https:\/\/blogs.crespel.me\/usa2009\/wp-json\/wp\/v2\/pages"}],"about":[{"href":"https:\/\/blogs.crespel.me\/usa2009\/wp-json\/wp\/v2\/types\/page"}],"author":[{"embeddable":true,"href":"https:\/\/blogs.crespel.me\/usa2009\/wp-json\/wp\/v2\/users\/2"}],"replies":[{"embeddable":true,"href":"https:\/\/blogs.crespel.me\/usa2009\/wp-json\/wp\/v2\/comments?post=1722"}],"version-history":[{"count":6,"href":"https:\/\/blogs.crespel.me\/usa2009\/wp-json\/wp\/v2\/pages\/1722\/revisions"}],"predecessor-version":[{"id":1737,"href":"https:\/\/blogs.crespel.me\/usa2009\/wp-json\/wp\/v2\/pages\/1722\/revisions\/1737"}],"up":[{"embeddable":true,"href":"https:\/\/blogs.crespel.me\/usa2009\/wp-json\/wp\/v2\/pages\/569"}],"wp:attachment":[{"href":"https:\/\/blogs.crespel.me\/usa2009\/wp-json\/wp\/v2\/media?parent=1722"}],"curies":[{"name":"wp","href":"https:\/\/api.w.org\/{rel}","templated":true}]}}