{"id":1713,"date":"2009-09-28T15:43:48","date_gmt":"2009-09-28T13:43:48","guid":{"rendered":"http:\/\/jean.crespel.me\/?page_id=1713"},"modified":"2009-09-29T19:14:42","modified_gmt":"2009-09-29T17:14:42","slug":"delicate-arch","status":"publish","type":"page","link":"https:\/\/blogs.crespel.me\/usa2009\/annexes\/randonnees-et-visites\/delicate-arch\/","title":{"rendered":"Delicate Arch"},"content":{"rendered":"<h3>Description<\/h3>\n<ul>\n<li>L&#8217;embranchement sur la Scenic Road vers Delicate Arch est \u00e0 12 miles de l&rsquo;entr\u00e9e du parc.<\/li>\n<li>Wolfe Ranch,  le point de d\u00e9part du trail (3 miles AR et 146 m de d\u00e9nivel\u00e9) vers Delicate Arch, est \u00e0 1,2 miles apr\u00e8s l&#8217;embranchement.<\/li>\n<li>Les View Points se situent encore 1 mile plus loin vers l&rsquo;Est (parking).<\/li>\n<li>Nous n&rsquo;avons fait \u00ab\u00a0que\u00a0\u00bb la version Upper de Delicate Arch View Point.<\/li>\n<li>Vers 12h00 le soleil \u00e9tait bien pr\u00e9sent et les 400 m de mont\u00e9e aussi !<\/li>\n<\/ul>\n<h3>Photos<\/h3>\n<p style=\"text-align: center;\"><a href=\"\/usa2009\/files\/2009\/09\/DSCF8101.JPG\"><img loading=\"lazy\" decoding=\"async\" class=\"alignnone size-thumbnail wp-image-1716\" title=\"Delicate Arch\" src=\"\/usa2009\/files\/2009\/09\/DSCF8101-150x150.jpg\" alt=\"Delicate Arch\" width=\"150\" height=\"150\" \/><\/a> <a href=\"\/usa2009\/files\/2009\/09\/IMG_8867.JPG\"><img loading=\"lazy\" decoding=\"async\" class=\"alignnone size-thumbnail wp-image-1717\" title=\"Delicate Arch zoom\" src=\"\/usa2009\/files\/2009\/09\/IMG_8867-150x150.jpg\" alt=\"Delicate Arch\" width=\"150\" height=\"150\" \/><\/a><\/p>\n","protected":false},"excerpt":{"rendered":"<p>Description L&#8217;embranchement sur la Scenic Road vers Delicate Arch est \u00e0 12 miles de l&rsquo;entr\u00e9e du parc. Wolfe Ranch, le point de d\u00e9part du trail (3 miles AR et 146 m de d\u00e9nivel\u00e9) vers Delicate Arch, est \u00e0 1,2 miles apr\u00e8s l&#8217;embranchement. Les View Points se situent encore 1 mile plus loin vers l&rsquo;Est (parking). [&hellip;]<\/p>\n","protected":false},"author":2,"featured_media":0,"parent":569,"menu_order":0,"comment_status":"open","ping_status":"open","template":"","meta":{"footnotes":""},"class_list":["post-1713","page","type-page","status-publish","hentry"],"_links":{"self":[{"href":"https:\/\/blogs.crespel.me\/usa2009\/wp-json\/wp\/v2\/pages\/1713","targetHints":{"allow":["GET"]}}],"collection":[{"href":"https:\/\/blogs.crespel.me\/usa2009\/wp-json\/wp\/v2\/pages"}],"about":[{"href":"https:\/\/blogs.crespel.me\/usa2009\/wp-json\/wp\/v2\/types\/page"}],"author":[{"embeddable":true,"href":"https:\/\/blogs.crespel.me\/usa2009\/wp-json\/wp\/v2\/users\/2"}],"replies":[{"embeddable":true,"href":"https:\/\/blogs.crespel.me\/usa2009\/wp-json\/wp\/v2\/comments?post=1713"}],"version-history":[{"count":9,"href":"https:\/\/blogs.crespel.me\/usa2009\/wp-json\/wp\/v2\/pages\/1713\/revisions"}],"predecessor-version":[{"id":1738,"href":"https:\/\/blogs.crespel.me\/usa2009\/wp-json\/wp\/v2\/pages\/1713\/revisions\/1738"}],"up":[{"embeddable":true,"href":"https:\/\/blogs.crespel.me\/usa2009\/wp-json\/wp\/v2\/pages\/569"}],"wp:attachment":[{"href":"https:\/\/blogs.crespel.me\/usa2009\/wp-json\/wp\/v2\/media?parent=1713"}],"curies":[{"name":"wp","href":"https:\/\/api.w.org\/{rel}","templated":true}]}}