{"id":1672,"date":"2009-09-25T18:57:34","date_gmt":"2009-09-25T16:57:34","guid":{"rendered":"http:\/\/jean.crespel.me\/?page_id=1672"},"modified":"2009-09-25T18:57:34","modified_gmt":"2009-09-25T16:57:34","slug":"pionner-trail","status":"publish","type":"page","link":"https:\/\/blogs.crespel.me\/usa2009\/annexes\/randonnees-et-visites\/pionner-trail\/","title":{"rendered":"Pionner trail"},"content":{"rendered":"<h3>Description<\/h3>\n<ul>\n<li>Au bout de la partie goudronn\u00e9e de la Scenic Drive de Capitol Reef, soit apr\u00e8s 8 miles depuis le VC, il y a un parking.<\/li>\n<li>Pleasant Creek est le chemin de droite, Capitol Gorge est le chemin de gauche, ce dernier est \u00e0 prendre <strong>en voiture<\/strong>, ne faites pas comme nous qui avons d\u00e9marr\u00e9 la balade \u00e0 pied \u00e0 cet endroit (sous 35\u00b0C \u00e0 10h30 du matin).<\/li>\n<li>Nous avons fait demi-tour apr\u00e8s 2 miles, dommage car au bout d\u00e9marre Pionner Trail (2 miles 1\/2 AR).<\/li>\n<li>Le chemin encaiss\u00e9 entre les falaises est superbe, c&rsquo;est une des randonn\u00e9es \u00e0 faire \u00e0 Capitol Reef.<\/li>\n<\/ul>\n<h3>Photos<\/h3>\n<p style=\"text-align: center;\"><a href=\"\/usa2009\/files\/2009\/09\/IMG_8660.JPG\"><a href=\"\/usa2009\/files\/2009\/08\/IMG_8660.JPG\"><img loading=\"lazy\" decoding=\"async\" class=\"alignnone size-thumbnail wp-image-715\" title=\"Chemin de croix \u00e0 Capitol Gorge\" src=\"\/usa2009\/files\/2009\/08\/IMG_8660-150x150.jpg\" alt=\"Chemin de croix \u00e0 Capitol Gorge\" width=\"150\" height=\"150\" \/><\/a><\/a> <a href=\"\/usa2009\/files\/2009\/09\/IMG_8675.JPG\"><img loading=\"lazy\" decoding=\"async\" class=\"alignnone size-thumbnail wp-image-1675\" title=\"Capitol Gorge\" src=\"\/usa2009\/files\/2009\/09\/IMG_8675-150x150.jpg\" alt=\"Capitol Gorge\" width=\"150\" height=\"150\" \/><\/a> <a href=\"\/usa2009\/files\/2009\/09\/DSCF7984.JPG\"><img loading=\"lazy\" decoding=\"async\" class=\"alignnone size-thumbnail wp-image-1676\" title=\"Capitol Gorge\" src=\"\/usa2009\/files\/2009\/09\/DSCF7984-150x150.jpg\" alt=\"Capitol Gorge\" width=\"150\" height=\"150\" \/><\/a><\/p>\n","protected":false},"excerpt":{"rendered":"<p>Description Au bout de la partie goudronn\u00e9e de la Scenic Drive de Capitol Reef, soit apr\u00e8s 8 miles depuis le VC, il y a un parking. Pleasant Creek est le chemin de droite, Capitol Gorge est le chemin de gauche, ce dernier est \u00e0 prendre en voiture, ne faites pas comme nous qui avons d\u00e9marr\u00e9 [&hellip;]<\/p>\n","protected":false},"author":2,"featured_media":0,"parent":569,"menu_order":0,"comment_status":"open","ping_status":"open","template":"","meta":{"footnotes":""},"class_list":["post-1672","page","type-page","status-publish","hentry"],"_links":{"self":[{"href":"https:\/\/blogs.crespel.me\/usa2009\/wp-json\/wp\/v2\/pages\/1672","targetHints":{"allow":["GET"]}}],"collection":[{"href":"https:\/\/blogs.crespel.me\/usa2009\/wp-json\/wp\/v2\/pages"}],"about":[{"href":"https:\/\/blogs.crespel.me\/usa2009\/wp-json\/wp\/v2\/types\/page"}],"author":[{"embeddable":true,"href":"https:\/\/blogs.crespel.me\/usa2009\/wp-json\/wp\/v2\/users\/2"}],"replies":[{"embeddable":true,"href":"https:\/\/blogs.crespel.me\/usa2009\/wp-json\/wp\/v2\/comments?post=1672"}],"version-history":[{"count":4,"href":"https:\/\/blogs.crespel.me\/usa2009\/wp-json\/wp\/v2\/pages\/1672\/revisions"}],"predecessor-version":[{"id":1690,"href":"https:\/\/blogs.crespel.me\/usa2009\/wp-json\/wp\/v2\/pages\/1672\/revisions\/1690"}],"up":[{"embeddable":true,"href":"https:\/\/blogs.crespel.me\/usa2009\/wp-json\/wp\/v2\/pages\/569"}],"wp:attachment":[{"href":"https:\/\/blogs.crespel.me\/usa2009\/wp-json\/wp\/v2\/media?parent=1672"}],"curies":[{"name":"wp","href":"https:\/\/api.w.org\/{rel}","templated":true}]}}