{"id":1655,"date":"2009-09-25T18:55:30","date_gmt":"2009-09-25T16:55:30","guid":{"rendered":"http:\/\/jean.crespel.me\/?page_id=1655"},"modified":"2009-09-25T18:55:30","modified_gmt":"2009-09-25T16:55:30","slug":"oasis-de-fruita","status":"publish","type":"page","link":"https:\/\/blogs.crespel.me\/usa2009\/annexes\/randonnees-et-visites\/oasis-de-fruita\/","title":{"rendered":"Oasis de Fruita"},"content":{"rendered":"<h3>Description<\/h3>\n<ul>\n<li>Le Fruita Historic District est situ\u00e9 sur l&rsquo;UT24 entre Torrey et Caineville, proche du Visitor Center de Capitol Reef.<\/li>\n<li>La petite \u00e9cole et les p\u00e9troglyphes sont sur l&rsquo;UT24 vers l&rsquo;Est.<\/li>\n<li>La Gifford Farmhouse (int\u00e9rieur d&rsquo;\u00e9poque et vente de confitures et g\u00e2teaux) et le campground sont sur la Scenic Drive menant au Sud vers Capitol Gorge.<\/li>\n<li>La cueillette de fruits est autoris\u00e9e dans certaines parcelles.<\/li>\n<li>Cette agr\u00e9able pause\/d\u00e9tente\/visite ne doit pas \u00eatre n\u00e9glig\u00e9e sur le parcours de l&rsquo;UT24.<\/li>\n<\/ul>\n<h3>Photos<\/h3>\n<p style=\"text-align: center;\"><a href=\"\/usa2009\/files\/2009\/09\/DSCF7987.JPG\"><\/a><a href=\"\/usa2009\/files\/2009\/08\/DSCF7987.JPG\"><img loading=\"lazy\" decoding=\"async\" class=\"alignnone size-thumbnail wp-image-717\" title=\"Du c\u00f4t\u00e9 de Fruita\" src=\"\/usa2009\/files\/2009\/08\/DSCF7987-150x150.jpg\" alt=\"Du c\u00f4t\u00e9 de Fruita\" width=\"150\" height=\"150\" \/><\/a> <a href=\"\/usa2009\/files\/2009\/09\/DSCF7989.JPG\"><img loading=\"lazy\" decoding=\"async\" class=\"alignnone size-thumbnail wp-image-1658\" title=\"Gifford Farmhouse\" src=\"\/usa2009\/files\/2009\/09\/DSCF7989-150x150.jpg\" alt=\"Gifford Farmhouse\" width=\"150\" height=\"150\" \/><\/a> <a href=\"\/usa2009\/files\/2009\/09\/DSCF7992.JPG\"><img loading=\"lazy\" decoding=\"async\" class=\"alignnone size-thumbnail wp-image-1659\" title=\"L'\u00e9cole de Fruita\" src=\"\/usa2009\/files\/2009\/09\/DSCF7992-150x150.jpg\" alt=\"L'\u00e9cole de Fruita\" width=\"150\" height=\"150\" \/><\/a><\/p>\n","protected":false},"excerpt":{"rendered":"<p>Description Le Fruita Historic District est situ\u00e9 sur l&rsquo;UT24 entre Torrey et Caineville, proche du Visitor Center de Capitol Reef. La petite \u00e9cole et les p\u00e9troglyphes sont sur l&rsquo;UT24 vers l&rsquo;Est. La Gifford Farmhouse (int\u00e9rieur d&rsquo;\u00e9poque et vente de confitures et g\u00e2teaux) et le campground sont sur la Scenic Drive menant au Sud vers Capitol [&hellip;]<\/p>\n","protected":false},"author":2,"featured_media":0,"parent":569,"menu_order":0,"comment_status":"open","ping_status":"open","template":"","meta":{"footnotes":""},"class_list":["post-1655","page","type-page","status-publish","hentry"],"_links":{"self":[{"href":"https:\/\/blogs.crespel.me\/usa2009\/wp-json\/wp\/v2\/pages\/1655","targetHints":{"allow":["GET"]}}],"collection":[{"href":"https:\/\/blogs.crespel.me\/usa2009\/wp-json\/wp\/v2\/pages"}],"about":[{"href":"https:\/\/blogs.crespel.me\/usa2009\/wp-json\/wp\/v2\/types\/page"}],"author":[{"embeddable":true,"href":"https:\/\/blogs.crespel.me\/usa2009\/wp-json\/wp\/v2\/users\/2"}],"replies":[{"embeddable":true,"href":"https:\/\/blogs.crespel.me\/usa2009\/wp-json\/wp\/v2\/comments?post=1655"}],"version-history":[{"count":5,"href":"https:\/\/blogs.crespel.me\/usa2009\/wp-json\/wp\/v2\/pages\/1655\/revisions"}],"predecessor-version":[{"id":1689,"href":"https:\/\/blogs.crespel.me\/usa2009\/wp-json\/wp\/v2\/pages\/1655\/revisions\/1689"}],"up":[{"embeddable":true,"href":"https:\/\/blogs.crespel.me\/usa2009\/wp-json\/wp\/v2\/pages\/569"}],"wp:attachment":[{"href":"https:\/\/blogs.crespel.me\/usa2009\/wp-json\/wp\/v2\/media?parent=1655"}],"curies":[{"name":"wp","href":"https:\/\/api.w.org\/{rel}","templated":true}]}}