{"id":1636,"date":"2009-09-25T18:42:57","date_gmt":"2009-09-25T16:42:57","guid":{"rendered":"http:\/\/jean.crespel.me\/?page_id=1636"},"modified":"2009-10-06T18:25:48","modified_gmt":"2009-10-06T16:25:48","slug":"anasazi-sp","status":"publish","type":"page","link":"https:\/\/blogs.crespel.me\/usa2009\/annexes\/randonnees-et-visites\/anasazi-sp\/","title":{"rendered":"Anasazi SP"},"content":{"rendered":"<h3>Description<\/h3>\n<ul>\n<li>Le Anasazi State Park n&rsquo;est pas un \u00ab\u00a0parc\u00a0\u00bb, mais un Mus\u00e9e sur la culture indienne Anasazi-Navajo-Pueblo.<\/li>\n<li>Il est situ\u00e9 sur la Hwy 12 \u00e0 Boulder, pr\u00e8s de l&rsquo;entr\u00e9e du Burr Trail.<\/li>\n<li>Il est ouvert de 8h00 \u00e0 18h00. Entr\u00e9e payante 4$\/personne.<\/li>\n<li>Sur l&rsquo;arri\u00e8re du b\u00e2timent principal, un habitat Pueblo a \u00e9t\u00e9 reconstitu\u00e9, et un circuit m\u00e8ne \u00e0 une zone de fouilles.<\/li>\n<li>Si vous passez sur la route 12 entre Bryce Canyon et Capitol Reef, pr\u00e9voyez cette pause culturelle, vous ferez alors partie des 35000 visiteurs annuels (5% de ceux qui visitent Capitol Reef !).<\/li>\n<\/ul>\n<h3>Photos<\/h3>\n<p style=\"text-align: center;\"><a href=\"\/usa2009\/files\/2009\/09\/DSCF7939.JPG\"><img loading=\"lazy\" decoding=\"async\" class=\"alignnone size-thumbnail wp-image-1640\" title=\"Anasazi Museum\" src=\"\/usa2009\/files\/2009\/09\/DSCF7939-150x150.jpg\" alt=\"Anasazi Museum\" width=\"150\" height=\"150\" \/><\/a> <a href=\"\/usa2009\/files\/2009\/09\/DSCF7941.JPG\"><img loading=\"lazy\" decoding=\"async\" class=\"alignnone size-thumbnail wp-image-1641\" title=\"Int\u00e9rieur Museum\" src=\"\/usa2009\/files\/2009\/09\/DSCF7941-150x150.jpg\" alt=\"Int\u00e9rieur Museum\" width=\"150\" height=\"150\" \/><\/a> <a href=\"\/usa2009\/files\/2009\/09\/DSCF7945.JPG\"><img loading=\"lazy\" decoding=\"async\" class=\"alignnone size-thumbnail wp-image-1642\" title=\"Le Pueblo\" src=\"\/usa2009\/files\/2009\/09\/DSCF7945-150x150.jpg\" alt=\"Le Pueblo\" width=\"150\" height=\"150\" \/><\/a><\/p>\n","protected":false},"excerpt":{"rendered":"<p>Description Le Anasazi State Park n&rsquo;est pas un \u00ab\u00a0parc\u00a0\u00bb, mais un Mus\u00e9e sur la culture indienne Anasazi-Navajo-Pueblo. Il est situ\u00e9 sur la Hwy 12 \u00e0 Boulder, pr\u00e8s de l&rsquo;entr\u00e9e du Burr Trail. Il est ouvert de 8h00 \u00e0 18h00. Entr\u00e9e payante 4$\/personne. Sur l&rsquo;arri\u00e8re du b\u00e2timent principal, un habitat Pueblo a \u00e9t\u00e9 reconstitu\u00e9, et un [&hellip;]<\/p>\n","protected":false},"author":2,"featured_media":0,"parent":569,"menu_order":0,"comment_status":"open","ping_status":"open","template":"","meta":{"footnotes":""},"class_list":["post-1636","page","type-page","status-publish","hentry"],"_links":{"self":[{"href":"https:\/\/blogs.crespel.me\/usa2009\/wp-json\/wp\/v2\/pages\/1636","targetHints":{"allow":["GET"]}}],"collection":[{"href":"https:\/\/blogs.crespel.me\/usa2009\/wp-json\/wp\/v2\/pages"}],"about":[{"href":"https:\/\/blogs.crespel.me\/usa2009\/wp-json\/wp\/v2\/types\/page"}],"author":[{"embeddable":true,"href":"https:\/\/blogs.crespel.me\/usa2009\/wp-json\/wp\/v2\/users\/2"}],"replies":[{"embeddable":true,"href":"https:\/\/blogs.crespel.me\/usa2009\/wp-json\/wp\/v2\/comments?post=1636"}],"version-history":[{"count":8,"href":"https:\/\/blogs.crespel.me\/usa2009\/wp-json\/wp\/v2\/pages\/1636\/revisions"}],"predecessor-version":[{"id":1777,"href":"https:\/\/blogs.crespel.me\/usa2009\/wp-json\/wp\/v2\/pages\/1636\/revisions\/1777"}],"up":[{"embeddable":true,"href":"https:\/\/blogs.crespel.me\/usa2009\/wp-json\/wp\/v2\/pages\/569"}],"wp:attachment":[{"href":"https:\/\/blogs.crespel.me\/usa2009\/wp-json\/wp\/v2\/media?parent=1636"}],"curies":[{"name":"wp","href":"https:\/\/api.w.org\/{rel}","templated":true}]}}