{"id":1626,"date":"2009-09-25T18:53:19","date_gmt":"2009-09-25T16:53:19","guid":{"rendered":"http:\/\/jean.crespel.me\/?page_id=1626"},"modified":"2009-09-25T18:53:19","modified_gmt":"2009-09-25T16:53:19","slug":"nature-trail","status":"publish","type":"page","link":"https:\/\/blogs.crespel.me\/usa2009\/annexes\/randonnees-et-visites\/nature-trail\/","title":{"rendered":"Nature Trail"},"content":{"rendered":"<h3>Description<\/h3>\n<ul>\n<li>La balade Nature Trail est situ\u00e9e le long de la Scenic Drive de Kodachrome Basin montant vers le Nord, peu avant le campground.<\/li>\n<li>Le d\u00e9part est \u00e0 gauche derri\u00e8re le parking, boucle de 0,8 km.<\/li>\n<li>De l&rsquo;autre c\u00f4t\u00e9 de la route se situe le d\u00e9part de Angels Palace Trail.<\/li>\n<li>Un d\u00e9pliant est disponible, et comporte la description des zones num\u00e9rot\u00e9es.<\/li>\n<li>Terrain plat b\u00e9tonn\u00e9, mais circuit p\u00e9dagogique int\u00e9ressant.<\/li>\n<\/ul>\n<h3>Photos<\/h3>\n<p style=\"text-align: center;\"><a href=\"\/usa2009\/files\/2009\/09\/IMG_8476.JPG\"><\/a><a href=\"\/usa2009\/files\/2009\/08\/IMG_8476.JPG\"><img loading=\"lazy\" decoding=\"async\" class=\"alignnone size-thumbnail wp-image-699\" title=\"Nature Trail\" src=\"\/usa2009\/files\/2009\/08\/IMG_8476-150x150.jpg\" alt=\"Nature Trail\" width=\"150\" height=\"150\" \/><\/a> <a href=\"\/usa2009\/files\/2009\/09\/DSCF7912.JPG\"><img loading=\"lazy\" decoding=\"async\" class=\"alignnone size-thumbnail wp-image-1647\" title=\"Nature Trail\" src=\"\/usa2009\/files\/2009\/09\/DSCF7912-150x150.jpg\" alt=\"Nature Trail\" width=\"150\" height=\"150\" \/><\/a> <a href=\"\/usa2009\/files\/2009\/09\/DSCF7917.JPG\"><img loading=\"lazy\" decoding=\"async\" class=\"alignnone size-thumbnail wp-image-1648\" title=\"Nature Trail\" src=\"\/usa2009\/files\/2009\/09\/DSCF7917-150x150.jpg\" alt=\"Nature Trail\" width=\"150\" height=\"150\" \/><\/a><\/p>\n","protected":false},"excerpt":{"rendered":"<p>Description La balade Nature Trail est situ\u00e9e le long de la Scenic Drive de Kodachrome Basin montant vers le Nord, peu avant le campground. Le d\u00e9part est \u00e0 gauche derri\u00e8re le parking, boucle de 0,8 km. De l&rsquo;autre c\u00f4t\u00e9 de la route se situe le d\u00e9part de Angels Palace Trail. Un d\u00e9pliant est disponible, et [&hellip;]<\/p>\n","protected":false},"author":2,"featured_media":0,"parent":569,"menu_order":0,"comment_status":"open","ping_status":"open","template":"","meta":{"footnotes":""},"class_list":["post-1626","page","type-page","status-publish","hentry"],"_links":{"self":[{"href":"https:\/\/blogs.crespel.me\/usa2009\/wp-json\/wp\/v2\/pages\/1626","targetHints":{"allow":["GET"]}}],"collection":[{"href":"https:\/\/blogs.crespel.me\/usa2009\/wp-json\/wp\/v2\/pages"}],"about":[{"href":"https:\/\/blogs.crespel.me\/usa2009\/wp-json\/wp\/v2\/types\/page"}],"author":[{"embeddable":true,"href":"https:\/\/blogs.crespel.me\/usa2009\/wp-json\/wp\/v2\/users\/2"}],"replies":[{"embeddable":true,"href":"https:\/\/blogs.crespel.me\/usa2009\/wp-json\/wp\/v2\/comments?post=1626"}],"version-history":[{"count":5,"href":"https:\/\/blogs.crespel.me\/usa2009\/wp-json\/wp\/v2\/pages\/1626\/revisions"}],"predecessor-version":[{"id":1687,"href":"https:\/\/blogs.crespel.me\/usa2009\/wp-json\/wp\/v2\/pages\/1626\/revisions\/1687"}],"up":[{"embeddable":true,"href":"https:\/\/blogs.crespel.me\/usa2009\/wp-json\/wp\/v2\/pages\/569"}],"wp:attachment":[{"href":"https:\/\/blogs.crespel.me\/usa2009\/wp-json\/wp\/v2\/media?parent=1626"}],"curies":[{"name":"wp","href":"https:\/\/api.w.org\/{rel}","templated":true}]}}