{"id":1613,"date":"2009-09-25T19:01:54","date_gmt":"2009-09-25T17:01:54","guid":{"rendered":"http:\/\/jean.crespel.me\/?page_id=1613"},"modified":"2009-09-25T19:04:40","modified_gmt":"2009-09-25T17:04:40","slug":"queens-garden-trail","status":"publish","type":"page","link":"https:\/\/blogs.crespel.me\/usa2009\/annexes\/randonnees-et-visites\/queens-garden-trail\/","title":{"rendered":"Queens Garden Trail"},"content":{"rendered":"<h3>Description<\/h3>\n<ul>\n<li>Acc\u00e8s depuis le Visitor Center par la navette Rouge (9h00\/18h00 toutes les 12mn) jusque Sunset Point.<\/li>\n<li>Les Rangers du parc pr\u00e9conisent le circuit suivant (mais selon ouestusa, le sens contraire est plus facile sur la fin) :\n<ul>\n<li>depuis Sunset Point parcourir le chemin de cr\u00eate jusque Sunrise Point (belle vue d&rsquo;ensemble)<\/li>\n<li>puis descendre le chemin facile (qui d\u00e9marre \u00e0 Sunrise) vers le pied des Hoodoos<\/li>\n<li>en fin de boucle, remonter par la branche de gauche, Navajo Loop Trail, assez escarp\u00e9e mais avec des perspectives de toute beaut\u00e9.<\/li>\n<\/ul>\n<\/li>\n<li>Queens Garden Trail est LA balade \u00e0 faire imp\u00e9rativement dans l&rsquo;amphith\u00e9\u00e2tre de Bryce Canyon.<\/li>\n<li>Total 4,6 km, compter 2h30.<\/li>\n<\/ul>\n<h3>Photos<\/h3>\n<p style=\"text-align: center;\"><a href=\"\/usa2009\/files\/2009\/09\/IMG_8213.JPG\"><\/a><a href=\"\/usa2009\/files\/2009\/08\/IMG_8213.JPG\"><img loading=\"lazy\" decoding=\"async\" class=\"alignnone size-thumbnail wp-image-672\" title=\"Sunset Point\" src=\"\/usa2009\/files\/2009\/08\/IMG_8213-150x150.jpg\" alt=\"Sunset Point\" width=\"150\" height=\"150\" \/><\/a> <a href=\"\/usa2009\/files\/2009\/09\/IMG_8273.JPG\"><img loading=\"lazy\" decoding=\"async\" class=\"alignnone size-thumbnail wp-image-1616\" title=\"Entre Queens Garden et Navajo\" src=\"\/usa2009\/files\/2009\/09\/IMG_8273-150x150.jpg\" alt=\"Entre Queens Garden et Navajo\" width=\"150\" height=\"150\" \/><\/a> <a href=\"\/usa2009\/files\/2009\/09\/IMG_8374.JPG\"><img loading=\"lazy\" decoding=\"async\" class=\"alignnone size-thumbnail wp-image-1617\" title=\"Remont\u00e9e vers Sunset\" src=\"\/usa2009\/files\/2009\/09\/IMG_8374-150x150.jpg\" alt=\"Remont\u00e9e vers Sunset\" width=\"150\" height=\"150\" \/><\/a><\/p>\n","protected":false},"excerpt":{"rendered":"<p>Description Acc\u00e8s depuis le Visitor Center par la navette Rouge (9h00\/18h00 toutes les 12mn) jusque Sunset Point. Les Rangers du parc pr\u00e9conisent le circuit suivant (mais selon ouestusa, le sens contraire est plus facile sur la fin) : depuis Sunset Point parcourir le chemin de cr\u00eate jusque Sunrise Point (belle vue d&rsquo;ensemble) puis descendre le [&hellip;]<\/p>\n","protected":false},"author":2,"featured_media":0,"parent":569,"menu_order":0,"comment_status":"open","ping_status":"open","template":"","meta":{"footnotes":""},"class_list":["post-1613","page","type-page","status-publish","hentry"],"_links":{"self":[{"href":"https:\/\/blogs.crespel.me\/usa2009\/wp-json\/wp\/v2\/pages\/1613","targetHints":{"allow":["GET"]}}],"collection":[{"href":"https:\/\/blogs.crespel.me\/usa2009\/wp-json\/wp\/v2\/pages"}],"about":[{"href":"https:\/\/blogs.crespel.me\/usa2009\/wp-json\/wp\/v2\/types\/page"}],"author":[{"embeddable":true,"href":"https:\/\/blogs.crespel.me\/usa2009\/wp-json\/wp\/v2\/users\/2"}],"replies":[{"embeddable":true,"href":"https:\/\/blogs.crespel.me\/usa2009\/wp-json\/wp\/v2\/comments?post=1613"}],"version-history":[{"count":7,"href":"https:\/\/blogs.crespel.me\/usa2009\/wp-json\/wp\/v2\/pages\/1613\/revisions"}],"predecessor-version":[{"id":1695,"href":"https:\/\/blogs.crespel.me\/usa2009\/wp-json\/wp\/v2\/pages\/1613\/revisions\/1695"}],"up":[{"embeddable":true,"href":"https:\/\/blogs.crespel.me\/usa2009\/wp-json\/wp\/v2\/pages\/569"}],"wp:attachment":[{"href":"https:\/\/blogs.crespel.me\/usa2009\/wp-json\/wp\/v2\/media?parent=1613"}],"curies":[{"name":"wp","href":"https:\/\/api.w.org\/{rel}","templated":true}]}}