{"id":1606,"date":"2009-09-25T19:02:47","date_gmt":"2009-09-25T17:02:47","guid":{"rendered":"http:\/\/jean.crespel.me\/?page_id=1606"},"modified":"2009-09-25T19:04:13","modified_gmt":"2009-09-25T17:04:13","slug":"zion-museum","status":"publish","type":"page","link":"https:\/\/blogs.crespel.me\/usa2009\/annexes\/randonnees-et-visites\/zion-museum\/","title":{"rendered":"Zion Museum"},"content":{"rendered":"<h3>Description<\/h3>\n<ul>\n<li>Acc\u00e8s par la navette du Scenic Drive (1er arr\u00eat).<\/li>\n<li>Le Zion Human History Museum est ouvert de 9h00 \u00e0 18h00 (gratuit).<\/li>\n<li>Diff\u00e9rentes expositions sur le Canyon de Zion, g\u00e9ologie, faune et flore.<\/li>\n<li>Int\u00e9ressant film de 20 mn, \u00e0 heures fixes (affich\u00e9es).<\/li>\n<\/ul>\n<p>C&rsquo;est une visite \u00e0 faire au retour des balades pour d\u00e9compresser au frais.<\/p>\n<h3>Photos<\/h3>\n<h3 style=\"text-align: center;\"><a href=\"\/usa2009\/files\/2009\/09\/DSCF7750.JPG\"><img loading=\"lazy\" decoding=\"async\" class=\"alignnone size-thumbnail wp-image-1607\" title=\"Zion Museum\" src=\"\/usa2009\/files\/2009\/09\/DSCF7750-150x150.jpg\" alt=\"Zion Museum\" width=\"150\" height=\"150\" \/><\/a> <a href=\"\/usa2009\/files\/2009\/09\/DSCF7752.JPG\"><img loading=\"lazy\" decoding=\"async\" class=\"alignnone size-thumbnail wp-image-1608\" title=\"Int\u00e9rieur Zion Museum\" src=\"\/usa2009\/files\/2009\/09\/DSCF7752-150x150.jpg\" alt=\"Int\u00e9rieur Zion Museum\" width=\"150\" height=\"150\" \/><\/a><\/h3>\n","protected":false},"excerpt":{"rendered":"<p>Description Acc\u00e8s par la navette du Scenic Drive (1er arr\u00eat). Le Zion Human History Museum est ouvert de 9h00 \u00e0 18h00 (gratuit). Diff\u00e9rentes expositions sur le Canyon de Zion, g\u00e9ologie, faune et flore. Int\u00e9ressant film de 20 mn, \u00e0 heures fixes (affich\u00e9es). C&rsquo;est une visite \u00e0 faire au retour des balades pour d\u00e9compresser au frais. [&hellip;]<\/p>\n","protected":false},"author":2,"featured_media":0,"parent":569,"menu_order":0,"comment_status":"open","ping_status":"open","template":"","meta":{"footnotes":""},"class_list":["post-1606","page","type-page","status-publish","hentry"],"_links":{"self":[{"href":"https:\/\/blogs.crespel.me\/usa2009\/wp-json\/wp\/v2\/pages\/1606","targetHints":{"allow":["GET"]}}],"collection":[{"href":"https:\/\/blogs.crespel.me\/usa2009\/wp-json\/wp\/v2\/pages"}],"about":[{"href":"https:\/\/blogs.crespel.me\/usa2009\/wp-json\/wp\/v2\/types\/page"}],"author":[{"embeddable":true,"href":"https:\/\/blogs.crespel.me\/usa2009\/wp-json\/wp\/v2\/users\/2"}],"replies":[{"embeddable":true,"href":"https:\/\/blogs.crespel.me\/usa2009\/wp-json\/wp\/v2\/comments?post=1606"}],"version-history":[{"count":5,"href":"https:\/\/blogs.crespel.me\/usa2009\/wp-json\/wp\/v2\/pages\/1606\/revisions"}],"predecessor-version":[{"id":1694,"href":"https:\/\/blogs.crespel.me\/usa2009\/wp-json\/wp\/v2\/pages\/1606\/revisions\/1694"}],"up":[{"embeddable":true,"href":"https:\/\/blogs.crespel.me\/usa2009\/wp-json\/wp\/v2\/pages\/569"}],"wp:attachment":[{"href":"https:\/\/blogs.crespel.me\/usa2009\/wp-json\/wp\/v2\/media?parent=1606"}],"curies":[{"name":"wp","href":"https:\/\/api.w.org\/{rel}","templated":true}]}}