{"id":1583,"date":"2009-09-17T21:42:23","date_gmt":"2009-09-17T19:42:23","guid":{"rendered":"http:\/\/jean.crespel.me\/?page_id=1583"},"modified":"2009-09-17T21:42:23","modified_gmt":"2009-09-17T19:42:23","slug":"visitor-center-death-valley","status":"publish","type":"page","link":"https:\/\/blogs.crespel.me\/usa2009\/annexes\/visitor-center\/visitor-center-death-valley\/","title":{"rendered":"Visitor Center &#8211; Death Valley"},"content":{"rendered":"<h3>Description<\/h3>\n<ul>\n<li>Le Visitor Center est ouvert de 8h00 \u00e0 17h00.<\/li>\n<li>Il est situ\u00e9 sur la 190, \u00e0 200m du Furnace Creek Ranch.<\/li>\n<li>Il comporte une int\u00e9ressante exposition sur la g\u00e9ologie, la faune et la flore de la Death Valley.<\/li>\n<li>La Death Valley doit se visiter tr\u00e8s t\u00f4t le matin (lever de soleil \u00e0 Zabriskie Point) et en fin d&rsquo;apr\u00e8s midi (circuit de Artists Palette) puis le soir (coucher de soleil \u00e0 Dantes View), pour appr\u00e9cier les couleurs remarquables et les surprenants reliefs.<\/li>\n<li>C&rsquo;est un endroit \u00e0 ne pas rater, et qui n&rsquo;est pas si \u00ab\u00a0D\u00e9sert\u00a0\u00bb que \u00e7a !<\/li>\n<\/ul>\n<h3>Photos<\/h3>\n<p style=\"text-align: center;\"><a href=\"\/usa2009\/files\/2009\/09\/DSCF8898.JPG\"><img loading=\"lazy\" decoding=\"async\" class=\"alignnone size-thumbnail wp-image-1584\" title=\"Le VC \u00e0 Furnace Creek\" src=\"\/usa2009\/files\/2009\/09\/DSCF8898-150x150.jpg\" alt=\"Le VC \u00e0 Furnace Creek\" width=\"150\" height=\"150\" \/><\/a> <a href=\"\/usa2009\/files\/2009\/09\/DSCF8899.JPG\"><img loading=\"lazy\" decoding=\"async\" class=\"alignnone size-thumbnail wp-image-1585\" title=\"Vue int\u00e9rieure du VC\" src=\"\/usa2009\/files\/2009\/09\/DSCF8899-150x150.jpg\" alt=\"Vue int\u00e9rieure du VC\" width=\"150\" height=\"150\" \/><\/a> <a href=\"\/usa2009\/files\/2009\/09\/DSCF8901.JPG\"><img loading=\"lazy\" decoding=\"async\" class=\"alignnone size-thumbnail wp-image-1586\" title=\"G\u00e9ologie du Devils Golf Course\" src=\"\/usa2009\/files\/2009\/09\/DSCF8901-150x150.jpg\" alt=\"G\u00e9ologie du Devils Golf Course\" width=\"150\" height=\"150\" \/><\/a><\/p>\n","protected":false},"excerpt":{"rendered":"<p>Description Le Visitor Center est ouvert de 8h00 \u00e0 17h00. Il est situ\u00e9 sur la 190, \u00e0 200m du Furnace Creek Ranch. Il comporte une int\u00e9ressante exposition sur la g\u00e9ologie, la faune et la flore de la Death Valley. La Death Valley doit se visiter tr\u00e8s t\u00f4t le matin (lever de soleil \u00e0 Zabriskie Point) [&hellip;]<\/p>\n","protected":false},"author":2,"featured_media":0,"parent":572,"menu_order":0,"comment_status":"open","ping_status":"open","template":"","meta":{"footnotes":""},"class_list":["post-1583","page","type-page","status-publish","hentry"],"_links":{"self":[{"href":"https:\/\/blogs.crespel.me\/usa2009\/wp-json\/wp\/v2\/pages\/1583","targetHints":{"allow":["GET"]}}],"collection":[{"href":"https:\/\/blogs.crespel.me\/usa2009\/wp-json\/wp\/v2\/pages"}],"about":[{"href":"https:\/\/blogs.crespel.me\/usa2009\/wp-json\/wp\/v2\/types\/page"}],"author":[{"embeddable":true,"href":"https:\/\/blogs.crespel.me\/usa2009\/wp-json\/wp\/v2\/users\/2"}],"replies":[{"embeddable":true,"href":"https:\/\/blogs.crespel.me\/usa2009\/wp-json\/wp\/v2\/comments?post=1583"}],"version-history":[{"count":3,"href":"https:\/\/blogs.crespel.me\/usa2009\/wp-json\/wp\/v2\/pages\/1583\/revisions"}],"predecessor-version":[{"id":1590,"href":"https:\/\/blogs.crespel.me\/usa2009\/wp-json\/wp\/v2\/pages\/1583\/revisions\/1590"}],"up":[{"embeddable":true,"href":"https:\/\/blogs.crespel.me\/usa2009\/wp-json\/wp\/v2\/pages\/572"}],"wp:attachment":[{"href":"https:\/\/blogs.crespel.me\/usa2009\/wp-json\/wp\/v2\/media?parent=1583"}],"curies":[{"name":"wp","href":"https:\/\/api.w.org\/{rel}","templated":true}]}}