{"id":1574,"date":"2009-09-17T21:46:03","date_gmt":"2009-09-17T19:46:03","guid":{"rendered":"http:\/\/jean.crespel.me\/?page_id=1574"},"modified":"2009-09-17T21:46:03","modified_gmt":"2009-09-17T19:46:03","slug":"visitor-center-painted-desert","status":"publish","type":"page","link":"https:\/\/blogs.crespel.me\/usa2009\/annexes\/visitor-center\/visitor-center-painted-desert\/","title":{"rendered":"Visitor Center &#8211; Painted Desert"},"content":{"rendered":"<h3>Description<\/h3>\n<ul>\n<li>Le Visitor Center est ouvert de 7h00 \u00e0 18h00.<\/li>\n<li>Il est situ\u00e9 juste apr\u00e8s la sortie 311 de la I.40 venant de Holbrook.<\/li>\n<li>La Scenic Drive de 10 km comporte 9 points de vue, puis recoupe la I.40 pour descendre au Sud vers la Petrified Forest.<\/li>\n<li>Le Painted Desert Inn (ancien h\u00f4tel situ\u00e9 \u00e0 Kachina Point) est devenu un centre d&rsquo;exposition de peintures Hopi.<\/li>\n<li>La For\u00eat P\u00e9trifi\u00e9e et le Desert Peint peuvent \u00eatre combin\u00e9s sur une journ\u00e9e (en y ajoutant quelques balades).<\/li>\n<\/ul>\n<h3>Photos<\/h3>\n<p style=\"text-align: center;\"><a href=\"\/usa2009\/files\/2009\/09\/DSCF8683.JPG\"><img loading=\"lazy\" decoding=\"async\" class=\"alignnone size-thumbnail wp-image-1576\" title=\"Painted Desert\" src=\"\/usa2009\/files\/2009\/09\/DSCF8683-150x150.jpg\" alt=\"Painted Desert\" width=\"150\" height=\"150\" \/><\/a> <a href=\"\/usa2009\/files\/2009\/09\/DSCF8693.JPG\"><img loading=\"lazy\" decoding=\"async\" class=\"alignnone size-thumbnail wp-image-1577\" title=\"Mus\u00e9e \u00e0 Kachina Point\" src=\"\/usa2009\/files\/2009\/09\/DSCF8693-150x150.jpg\" alt=\"Mus\u00e9e \u00e0 Kachina Point\" width=\"150\" height=\"150\" \/><\/a> <a href=\"\/usa2009\/files\/2009\/09\/IMG_9827.JPG\"><img loading=\"lazy\" decoding=\"async\" class=\"alignnone size-thumbnail wp-image-1578\" title=\"Painted Desert\" src=\"\/usa2009\/files\/2009\/09\/IMG_9827-150x150.jpg\" alt=\"Painted Desert\" width=\"150\" height=\"150\" \/><\/a><\/p>\n","protected":false},"excerpt":{"rendered":"<p>Description Le Visitor Center est ouvert de 7h00 \u00e0 18h00. Il est situ\u00e9 juste apr\u00e8s la sortie 311 de la I.40 venant de Holbrook. La Scenic Drive de 10 km comporte 9 points de vue, puis recoupe la I.40 pour descendre au Sud vers la Petrified Forest. Le Painted Desert Inn (ancien h\u00f4tel situ\u00e9 \u00e0 [&hellip;]<\/p>\n","protected":false},"author":2,"featured_media":0,"parent":572,"menu_order":0,"comment_status":"open","ping_status":"open","template":"","meta":{"footnotes":""},"class_list":["post-1574","page","type-page","status-publish","hentry"],"_links":{"self":[{"href":"https:\/\/blogs.crespel.me\/usa2009\/wp-json\/wp\/v2\/pages\/1574","targetHints":{"allow":["GET"]}}],"collection":[{"href":"https:\/\/blogs.crespel.me\/usa2009\/wp-json\/wp\/v2\/pages"}],"about":[{"href":"https:\/\/blogs.crespel.me\/usa2009\/wp-json\/wp\/v2\/types\/page"}],"author":[{"embeddable":true,"href":"https:\/\/blogs.crespel.me\/usa2009\/wp-json\/wp\/v2\/users\/2"}],"replies":[{"embeddable":true,"href":"https:\/\/blogs.crespel.me\/usa2009\/wp-json\/wp\/v2\/comments?post=1574"}],"version-history":[{"count":5,"href":"https:\/\/blogs.crespel.me\/usa2009\/wp-json\/wp\/v2\/pages\/1574\/revisions"}],"predecessor-version":[{"id":1591,"href":"https:\/\/blogs.crespel.me\/usa2009\/wp-json\/wp\/v2\/pages\/1574\/revisions\/1591"}],"up":[{"embeddable":true,"href":"https:\/\/blogs.crespel.me\/usa2009\/wp-json\/wp\/v2\/pages\/572"}],"wp:attachment":[{"href":"https:\/\/blogs.crespel.me\/usa2009\/wp-json\/wp\/v2\/media?parent=1574"}],"curies":[{"name":"wp","href":"https:\/\/api.w.org\/{rel}","templated":true}]}}