{"id":1564,"date":"2009-09-17T21:49:22","date_gmt":"2009-09-17T19:49:22","guid":{"rendered":"http:\/\/jean.crespel.me\/?page_id=1564"},"modified":"2009-09-17T21:49:22","modified_gmt":"2009-09-17T19:49:22","slug":"visitor-center-walnut-canyon","status":"publish","type":"page","link":"https:\/\/blogs.crespel.me\/usa2009\/annexes\/visitor-center\/visitor-center-walnut-canyon\/","title":{"rendered":"Visitor Center &#8211; Walnut Canyon"},"content":{"rendered":"<h3>Description<\/h3>\n<ul>\n<li>Le Visitor Center est ouvert de 8h00 \u00e0 17h00.<\/li>\n<li>Il est situ\u00e9 3 miles apr\u00e8s la sortie 204 sur I.40 (et \u00e0 10 miles de Flagstaff).<\/li>\n<li>Ce sont les indiens Sinagua, vers 1250, qui ont am\u00e9nag\u00e9 les alc\u00f4ves de la paroi du canyon.<\/li>\n<li>2 sentiers partent du Visitor Center:\n<ul>\n<li>Rim Trail : 1,1 km, le long de la corniche (facile) avec vues sur les ruines.<\/li>\n<li>Island Trail : 1,6 km vers le canyon, mais 240 marches \u00e0 descendre (et remonter&#8230; ).<\/li>\n<\/ul>\n<\/li>\n<\/ul>\n<p>Situ\u00e9 \u00e0 peu de distance de Flagstaff, Walnut Canyon permet d&rsquo;en conna\u00eetre un peu plus sur cet autre peuple indien.<\/p>\n<h3>Photos<\/h3>\n<p style=\"text-align: center;\"><a href=\"\/usa2009\/files\/2009\/09\/DSCF8731.JPG\"><img loading=\"lazy\" decoding=\"async\" class=\"alignnone size-thumbnail wp-image-1567\" title=\"Walnut Canyon\" src=\"\/usa2009\/files\/2009\/09\/DSCF8731-150x150.jpg\" alt=\"Walnut Canyon\" width=\"150\" height=\"150\" \/><\/a> <a href=\"\/usa2009\/files\/2009\/09\/IMG_0007.JPG\"><img loading=\"lazy\" decoding=\"async\" class=\"alignnone size-thumbnail wp-image-1568\" title=\"Entr\u00e9e de Walnut Canyon\" src=\"\/usa2009\/files\/2009\/09\/IMG_0007-150x150.jpg\" alt=\"Entr\u00e9e de Walnut Canyon\" width=\"150\" height=\"150\" \/><\/a> <a href=\"\/usa2009\/files\/2009\/09\/IMG_0008.JPG\"><img loading=\"lazy\" decoding=\"async\" class=\"alignnone size-thumbnail wp-image-1569\" title=\"Voir en plein milieu\" src=\"\/usa2009\/files\/2009\/09\/IMG_0008-150x150.jpg\" alt=\"Voir en plein milieu\" width=\"150\" height=\"150\" \/><\/a><\/p>\n","protected":false},"excerpt":{"rendered":"<p>Description Le Visitor Center est ouvert de 8h00 \u00e0 17h00. Il est situ\u00e9 3 miles apr\u00e8s la sortie 204 sur I.40 (et \u00e0 10 miles de Flagstaff). Ce sont les indiens Sinagua, vers 1250, qui ont am\u00e9nag\u00e9 les alc\u00f4ves de la paroi du canyon. 2 sentiers partent du Visitor Center: Rim Trail : 1,1 km, [&hellip;]<\/p>\n","protected":false},"author":2,"featured_media":0,"parent":572,"menu_order":0,"comment_status":"open","ping_status":"open","template":"","meta":{"footnotes":""},"class_list":["post-1564","page","type-page","status-publish","hentry"],"_links":{"self":[{"href":"https:\/\/blogs.crespel.me\/usa2009\/wp-json\/wp\/v2\/pages\/1564","targetHints":{"allow":["GET"]}}],"collection":[{"href":"https:\/\/blogs.crespel.me\/usa2009\/wp-json\/wp\/v2\/pages"}],"about":[{"href":"https:\/\/blogs.crespel.me\/usa2009\/wp-json\/wp\/v2\/types\/page"}],"author":[{"embeddable":true,"href":"https:\/\/blogs.crespel.me\/usa2009\/wp-json\/wp\/v2\/users\/2"}],"replies":[{"embeddable":true,"href":"https:\/\/blogs.crespel.me\/usa2009\/wp-json\/wp\/v2\/comments?post=1564"}],"version-history":[{"count":6,"href":"https:\/\/blogs.crespel.me\/usa2009\/wp-json\/wp\/v2\/pages\/1564\/revisions"}],"predecessor-version":[{"id":1592,"href":"https:\/\/blogs.crespel.me\/usa2009\/wp-json\/wp\/v2\/pages\/1564\/revisions\/1592"}],"up":[{"embeddable":true,"href":"https:\/\/blogs.crespel.me\/usa2009\/wp-json\/wp\/v2\/pages\/572"}],"wp:attachment":[{"href":"https:\/\/blogs.crespel.me\/usa2009\/wp-json\/wp\/v2\/media?parent=1564"}],"curies":[{"name":"wp","href":"https:\/\/api.w.org\/{rel}","templated":true}]}}