{"id":1536,"date":"2009-09-14T20:07:05","date_gmt":"2009-09-14T18:07:05","guid":{"rendered":"http:\/\/jean.crespel.me\/?page_id=1536"},"modified":"2009-09-14T20:07:05","modified_gmt":"2009-09-14T18:07:05","slug":"visitor-center-red-rock-canyon","status":"publish","type":"page","link":"https:\/\/blogs.crespel.me\/usa2009\/annexes\/visitor-center\/visitor-center-red-rock-canyon\/","title":{"rendered":"Visitor Center &#8211; Red Rock Canyon"},"content":{"rendered":"<h3>Description<\/h3>\n<ul>\n<li>Le Visitor Center est en travaux (en 08\/2009). Normalement ouvert de 8h00 \u00e0 16h30.<\/li>\n<li>Panneaux explicatifs \u00e0 l&rsquo;ext\u00e9rieur.<\/li>\n<li>Il est situ\u00e9 juste apr\u00e8s la jonction avec la 159 menant \u00e0 Las Vegas (distante de 20 km).<\/li>\n<li>Une Scenic Drive de 13 miles (\u00e0 sens unique) parcourt le parc (7 points de vues).<\/li>\n<li>Lors d&rsquo;un s\u00e9jour ou passage \u00e0 Las Vegas, ce petit parc m\u00e9rite une escapade en tout d\u00e9but ou fin de journ\u00e9e pour pouvoir faire une ou deux balades sans trop souffrir de la chaleur.<\/li>\n<\/ul>\n<h3>Photos<\/h3>\n<p style=\"text-align: center;\"><a href=\"\/usa2009\/files\/2009\/09\/DSCF8984.JPG\"><img loading=\"lazy\" decoding=\"async\" class=\"alignnone size-thumbnail wp-image-1539\" title=\"Entr\u00e9e de Red Rock Canyon\" src=\"\/usa2009\/files\/2009\/09\/DSCF8984-150x150.jpg\" alt=\"Entr\u00e9e de Red Rock Canyon\" width=\"150\" height=\"150\" \/><\/a> <a href=\"\/usa2009\/files\/2009\/09\/DSCF8989.JPG\"><img loading=\"lazy\" decoding=\"async\" class=\"alignnone size-thumbnail wp-image-1540\" title=\"Red Rock Canyon\" src=\"\/usa2009\/files\/2009\/09\/DSCF8989-150x150.jpg\" alt=\"Red Rock Canyon\" width=\"150\" height=\"150\" \/><\/a> <a href=\"\/usa2009\/files\/2009\/09\/IMG_0287.JPG\"><img loading=\"lazy\" decoding=\"async\" class=\"alignnone size-thumbnail wp-image-1541\" title=\"Red Rock Canyon\" src=\"\/usa2009\/files\/2009\/09\/IMG_0287-150x150.jpg\" alt=\"Red Rock Canyon\" width=\"150\" height=\"150\" \/><\/a><\/p>\n","protected":false},"excerpt":{"rendered":"<p>Description Le Visitor Center est en travaux (en 08\/2009). Normalement ouvert de 8h00 \u00e0 16h30. Panneaux explicatifs \u00e0 l&rsquo;ext\u00e9rieur. Il est situ\u00e9 juste apr\u00e8s la jonction avec la 159 menant \u00e0 Las Vegas (distante de 20 km). Une Scenic Drive de 13 miles (\u00e0 sens unique) parcourt le parc (7 points de vues). Lors d&rsquo;un [&hellip;]<\/p>\n","protected":false},"author":2,"featured_media":0,"parent":572,"menu_order":0,"comment_status":"open","ping_status":"open","template":"","meta":{"footnotes":""},"class_list":["post-1536","page","type-page","status-publish","hentry"],"_links":{"self":[{"href":"https:\/\/blogs.crespel.me\/usa2009\/wp-json\/wp\/v2\/pages\/1536","targetHints":{"allow":["GET"]}}],"collection":[{"href":"https:\/\/blogs.crespel.me\/usa2009\/wp-json\/wp\/v2\/pages"}],"about":[{"href":"https:\/\/blogs.crespel.me\/usa2009\/wp-json\/wp\/v2\/types\/page"}],"author":[{"embeddable":true,"href":"https:\/\/blogs.crespel.me\/usa2009\/wp-json\/wp\/v2\/users\/2"}],"replies":[{"embeddable":true,"href":"https:\/\/blogs.crespel.me\/usa2009\/wp-json\/wp\/v2\/comments?post=1536"}],"version-history":[{"count":6,"href":"https:\/\/blogs.crespel.me\/usa2009\/wp-json\/wp\/v2\/pages\/1536\/revisions"}],"predecessor-version":[{"id":1561,"href":"https:\/\/blogs.crespel.me\/usa2009\/wp-json\/wp\/v2\/pages\/1536\/revisions\/1561"}],"up":[{"embeddable":true,"href":"https:\/\/blogs.crespel.me\/usa2009\/wp-json\/wp\/v2\/pages\/572"}],"wp:attachment":[{"href":"https:\/\/blogs.crespel.me\/usa2009\/wp-json\/wp\/v2\/media?parent=1536"}],"curies":[{"name":"wp","href":"https:\/\/api.w.org\/{rel}","templated":true}]}}