{"id":1523,"date":"2009-09-14T20:08:15","date_gmt":"2009-09-14T18:08:15","guid":{"rendered":"http:\/\/jean.crespel.me\/?page_id=1523"},"modified":"2009-09-14T20:08:15","modified_gmt":"2009-09-14T18:08:15","slug":"visitor-center-sunset-crater","status":"publish","type":"page","link":"https:\/\/blogs.crespel.me\/usa2009\/annexes\/visitor-center\/visitor-center-sunset-crater\/","title":{"rendered":"Visitor Center &#8211; Sunset Crater"},"content":{"rendered":"<h3>Description<\/h3>\n<ul>\n<li>Le Visitor Center est ouvert de 7h00 \u00e0 19h00.<\/li>\n<li>Il est situ\u00e9 \u00e0 2 miles de la jonction sur la 89 menant \u00e0 Flagstaff.<\/li>\n<li>Surprenantes zones de lave \u00e0 l&rsquo;Est du VC de Sunset Crater, puis paysages fleuris de montagne vers l&rsquo;Ouest.<\/li>\n<li>Le d\u00e9tour par Wupatki et Sunset Crater c&rsquo;est 32 km (20 miles) en plus que la route directe 89 de Cameron \u00e0 Flagstaff. Ce sont 2 <strong><em>tr\u00e8s int\u00e9ressants <\/em><\/strong>parcs \u00e0 d\u00e9couvrir.<\/li>\n<\/ul>\n<h3>Photos<\/h3>\n<p style=\"text-align: center;\"><a href=\"\/usa2009\/files\/2009\/09\/DSCF8665.JPG\"><img loading=\"lazy\" decoding=\"async\" class=\"alignnone size-thumbnail wp-image-1528\" title=\"VC de Sunset Crater\" src=\"\/usa2009\/files\/2009\/09\/DSCF8665-150x150.jpg\" alt=\"VC de Sunset Crater\" width=\"150\" height=\"150\" \/><\/a> <a href=\"\/usa2009\/files\/2009\/09\/DSCF8666.JPG\"><img loading=\"lazy\" decoding=\"async\" class=\"alignnone size-thumbnail wp-image-1529\" title=\"Int\u00e9rieur du VC \u00e0 Sunset Crater\" src=\"\/usa2009\/files\/2009\/09\/DSCF8666-150x150.jpg\" alt=\"Int\u00e9rieur du VC \u00e0 Sunset Crater\" width=\"150\" height=\"150\" \/><\/a> <a href=\"\/usa2009\/files\/2009\/09\/IMG_9803.JPG\"><img loading=\"lazy\" decoding=\"async\" class=\"alignnone size-thumbnail wp-image-1530\" title=\"Lave du volcan\" src=\"\/usa2009\/files\/2009\/09\/IMG_9803-150x150.jpg\" alt=\"Lave du volcan\" width=\"150\" height=\"150\" \/><\/a><\/p>\n","protected":false},"excerpt":{"rendered":"<p>Description Le Visitor Center est ouvert de 7h00 \u00e0 19h00. Il est situ\u00e9 \u00e0 2 miles de la jonction sur la 89 menant \u00e0 Flagstaff. Surprenantes zones de lave \u00e0 l&rsquo;Est du VC de Sunset Crater, puis paysages fleuris de montagne vers l&rsquo;Ouest. Le d\u00e9tour par Wupatki et Sunset Crater c&rsquo;est 32 km (20 miles) [&hellip;]<\/p>\n","protected":false},"author":2,"featured_media":0,"parent":572,"menu_order":0,"comment_status":"open","ping_status":"open","template":"","meta":{"footnotes":""},"class_list":["post-1523","page","type-page","status-publish","hentry"],"_links":{"self":[{"href":"https:\/\/blogs.crespel.me\/usa2009\/wp-json\/wp\/v2\/pages\/1523","targetHints":{"allow":["GET"]}}],"collection":[{"href":"https:\/\/blogs.crespel.me\/usa2009\/wp-json\/wp\/v2\/pages"}],"about":[{"href":"https:\/\/blogs.crespel.me\/usa2009\/wp-json\/wp\/v2\/types\/page"}],"author":[{"embeddable":true,"href":"https:\/\/blogs.crespel.me\/usa2009\/wp-json\/wp\/v2\/users\/2"}],"replies":[{"embeddable":true,"href":"https:\/\/blogs.crespel.me\/usa2009\/wp-json\/wp\/v2\/comments?post=1523"}],"version-history":[{"count":8,"href":"https:\/\/blogs.crespel.me\/usa2009\/wp-json\/wp\/v2\/pages\/1523\/revisions"}],"predecessor-version":[{"id":1562,"href":"https:\/\/blogs.crespel.me\/usa2009\/wp-json\/wp\/v2\/pages\/1523\/revisions\/1562"}],"up":[{"embeddable":true,"href":"https:\/\/blogs.crespel.me\/usa2009\/wp-json\/wp\/v2\/pages\/572"}],"wp:attachment":[{"href":"https:\/\/blogs.crespel.me\/usa2009\/wp-json\/wp\/v2\/media?parent=1523"}],"curies":[{"name":"wp","href":"https:\/\/api.w.org\/{rel}","templated":true}]}}