{"id":1515,"date":"2009-09-14T15:06:58","date_gmt":"2009-09-14T13:06:58","guid":{"rendered":"http:\/\/jean.crespel.me\/?page_id=1515"},"modified":"2009-09-14T20:09:04","modified_gmt":"2009-09-14T18:09:04","slug":"visitor-center-wupatki","status":"publish","type":"page","link":"https:\/\/blogs.crespel.me\/usa2009\/annexes\/visitor-center\/visitor-center-wupatki\/","title":{"rendered":"Visitor Center &#8211; Wupatki"},"content":{"rendered":"<h3>Description<\/h3>\n<ul>\n<li>Le Visitor Center est ouvert de 7h00 \u00e0 19h00.<\/li>\n<li>Il est situ\u00e9 sur la Loop Road, 14 miles apr\u00e8s la jonction sur la 89 venant de Cameron.<\/li>\n<li>Plusieurs ruines Pueblo visibles depuis la route : Citadel (au d\u00e9but) et Wukoki (\u00e0 gauche apr\u00e8s le VC).<\/li>\n<li>Wupatki Pueblo est accessible (brochure et rep\u00e9rages) en traversant le VC.<\/li>\n<li>Le d\u00e9tour par Wupatki et Sunset Crater c&rsquo;est 32 km (20 miles) en plus que la route directe 89 de Cameron \u00e0 Flagstaff. Ce sont 2 <strong><em>tr\u00e8s int\u00e9ressants <\/em><\/strong>parcs \u00e0 d\u00e9couvrir.<\/li>\n<\/ul>\n<h3>Photos<\/h3>\n<p style=\"text-align: center;\"><a href=\"\/usa2009\/files\/2009\/09\/DSCF8647.JPG\"><img loading=\"lazy\" decoding=\"async\" class=\"alignnone size-thumbnail wp-image-1518\" title=\"Wupatki NM\" src=\"\/usa2009\/files\/2009\/09\/DSCF8647-150x150.jpg\" alt=\"Wupatki NM\" width=\"150\" height=\"150\" \/><\/a> <a href=\"\/usa2009\/files\/2009\/09\/DSCF8648.JPG\"><img loading=\"lazy\" decoding=\"async\" class=\"alignnone size-thumbnail wp-image-1519\" title=\"Int\u00e9rieur VC de Wupatki\" src=\"\/usa2009\/files\/2009\/09\/DSCF8648-150x150.jpg\" alt=\"Int\u00e9rieur VC de Wupatki\" width=\"150\" height=\"150\" \/><\/a> <a href=\"\/usa2009\/files\/2009\/09\/DSCF8649.JPG\"><img loading=\"lazy\" decoding=\"async\" class=\"alignnone size-thumbnail wp-image-1520\" title=\"Wupatki Pueblo\" src=\"\/usa2009\/files\/2009\/09\/DSCF8649-150x150.jpg\" alt=\"Wupatki Pueblo\" width=\"150\" height=\"150\" \/><\/a><\/p>\n","protected":false},"excerpt":{"rendered":"<p>Description Le Visitor Center est ouvert de 7h00 \u00e0 19h00. Il est situ\u00e9 sur la Loop Road, 14 miles apr\u00e8s la jonction sur la 89 venant de Cameron. Plusieurs ruines Pueblo visibles depuis la route : Citadel (au d\u00e9but) et Wukoki (\u00e0 gauche apr\u00e8s le VC). Wupatki Pueblo est accessible (brochure et rep\u00e9rages) en traversant [&hellip;]<\/p>\n","protected":false},"author":2,"featured_media":0,"parent":572,"menu_order":0,"comment_status":"open","ping_status":"open","template":"","meta":{"footnotes":""},"class_list":["post-1515","page","type-page","status-publish","hentry"],"_links":{"self":[{"href":"https:\/\/blogs.crespel.me\/usa2009\/wp-json\/wp\/v2\/pages\/1515","targetHints":{"allow":["GET"]}}],"collection":[{"href":"https:\/\/blogs.crespel.me\/usa2009\/wp-json\/wp\/v2\/pages"}],"about":[{"href":"https:\/\/blogs.crespel.me\/usa2009\/wp-json\/wp\/v2\/types\/page"}],"author":[{"embeddable":true,"href":"https:\/\/blogs.crespel.me\/usa2009\/wp-json\/wp\/v2\/users\/2"}],"replies":[{"embeddable":true,"href":"https:\/\/blogs.crespel.me\/usa2009\/wp-json\/wp\/v2\/comments?post=1515"}],"version-history":[{"count":6,"href":"https:\/\/blogs.crespel.me\/usa2009\/wp-json\/wp\/v2\/pages\/1515\/revisions"}],"predecessor-version":[{"id":1563,"href":"https:\/\/blogs.crespel.me\/usa2009\/wp-json\/wp\/v2\/pages\/1515\/revisions\/1563"}],"up":[{"embeddable":true,"href":"https:\/\/blogs.crespel.me\/usa2009\/wp-json\/wp\/v2\/pages\/572"}],"wp:attachment":[{"href":"https:\/\/blogs.crespel.me\/usa2009\/wp-json\/wp\/v2\/media?parent=1515"}],"curies":[{"name":"wp","href":"https:\/\/api.w.org\/{rel}","templated":true}]}}