{"id":1507,"date":"2009-09-14T14:24:35","date_gmt":"2009-09-14T12:24:35","guid":{"rendered":"http:\/\/jean.crespel.me\/?page_id=1507"},"modified":"2009-09-14T20:04:00","modified_gmt":"2009-09-14T18:04:00","slug":"visitor-center-grand-canyon","status":"publish","type":"page","link":"https:\/\/blogs.crespel.me\/usa2009\/annexes\/visitor-center\/visitor-center-grand-canyon\/","title":{"rendered":"Visitor Center &#8211; Grand Canyon"},"content":{"rendered":"<h3>Description<\/h3>\n<ul>\n<li>Le Visitor Center est ouvert de 8h00 \u00e0 18h00.<\/li>\n<li>Il est situ\u00e9, sur South Rim, pr\u00e8s de Mather Point, soit apr\u00e8s la jonction : entr\u00e9e Sud\/Desert View Drive.<\/li>\n<li>C&rsquo;est le point de jonction des navettes Bleues (Village route) et Vertes (Kaibab Trail Route).<\/li>\n<li>Le Bookstore est de l&rsquo;autre c\u00f4t\u00e9 de la place.<\/li>\n<li>La partie South Rim du Grand Canyon comprend 3 zones principales :\n<ul>\n<li>\u00e0 l&rsquo;Est, de Desert View \u00e0 Yaki Point (30km).<\/li>\n<li>\u00e0 l&rsquo;Ouest, de Bright Angel \u00e0 Hermits Rest (12km), accessible par la navette Rouge.<\/li>\n<li>au centre, Grand Canyon village.<\/li>\n<\/ul>\n<\/li>\n<\/ul>\n<h3>Photos<\/h3>\n<p style=\"text-align: center;\"><a href=\"\/usa2009\/files\/2009\/09\/DSCF8594.JPG\"><img loading=\"lazy\" decoding=\"async\" class=\"alignnone size-thumbnail wp-image-1510\" title=\"VC de South Rim\" src=\"\/usa2009\/files\/2009\/09\/DSCF8594-150x150.jpg\" alt=\"VC de South Rim\" width=\"150\" height=\"150\" \/><\/a> <a href=\"\/usa2009\/files\/2009\/09\/DSCF8595.JPG\"><img loading=\"lazy\" decoding=\"async\" class=\"alignnone size-thumbnail wp-image-1511\" title=\"Int\u00e9rieur du VC Grand Canyon\" src=\"\/usa2009\/files\/2009\/09\/DSCF8595-150x150.jpg\" alt=\"Int\u00e9rieur du VC Grand Canyon\" width=\"150\" height=\"150\" \/><\/a> <a href=\"\/usa2009\/files\/2009\/09\/DSCF8596.JPG\"><img loading=\"lazy\" decoding=\"async\" class=\"alignnone size-thumbnail wp-image-1512\" title=\"Coupe g\u00e9ologique\" src=\"\/usa2009\/files\/2009\/09\/DSCF8596-150x150.jpg\" alt=\"Coupe g\u00e9ologique\" width=\"150\" height=\"150\" \/><\/a><\/p>\n","protected":false},"excerpt":{"rendered":"<p>Description Le Visitor Center est ouvert de 8h00 \u00e0 18h00. Il est situ\u00e9, sur South Rim, pr\u00e8s de Mather Point, soit apr\u00e8s la jonction : entr\u00e9e Sud\/Desert View Drive. C&rsquo;est le point de jonction des navettes Bleues (Village route) et Vertes (Kaibab Trail Route). Le Bookstore est de l&rsquo;autre c\u00f4t\u00e9 de la place. La partie [&hellip;]<\/p>\n","protected":false},"author":2,"featured_media":0,"parent":572,"menu_order":0,"comment_status":"open","ping_status":"open","template":"","meta":{"footnotes":""},"class_list":["post-1507","page","type-page","status-publish","hentry"],"_links":{"self":[{"href":"https:\/\/blogs.crespel.me\/usa2009\/wp-json\/wp\/v2\/pages\/1507","targetHints":{"allow":["GET"]}}],"collection":[{"href":"https:\/\/blogs.crespel.me\/usa2009\/wp-json\/wp\/v2\/pages"}],"about":[{"href":"https:\/\/blogs.crespel.me\/usa2009\/wp-json\/wp\/v2\/types\/page"}],"author":[{"embeddable":true,"href":"https:\/\/blogs.crespel.me\/usa2009\/wp-json\/wp\/v2\/users\/2"}],"replies":[{"embeddable":true,"href":"https:\/\/blogs.crespel.me\/usa2009\/wp-json\/wp\/v2\/comments?post=1507"}],"version-history":[{"count":5,"href":"https:\/\/blogs.crespel.me\/usa2009\/wp-json\/wp\/v2\/pages\/1507\/revisions"}],"predecessor-version":[{"id":1558,"href":"https:\/\/blogs.crespel.me\/usa2009\/wp-json\/wp\/v2\/pages\/1507\/revisions\/1558"}],"up":[{"embeddable":true,"href":"https:\/\/blogs.crespel.me\/usa2009\/wp-json\/wp\/v2\/pages\/572"}],"wp:attachment":[{"href":"https:\/\/blogs.crespel.me\/usa2009\/wp-json\/wp\/v2\/media?parent=1507"}],"curies":[{"name":"wp","href":"https:\/\/api.w.org\/{rel}","templated":true}]}}