{"id":1489,"date":"2009-09-13T12:58:57","date_gmt":"2009-09-13T10:58:57","guid":{"rendered":"http:\/\/jean.crespel.me\/?page_id=1489"},"modified":"2009-09-13T12:58:57","modified_gmt":"2009-09-13T10:58:57","slug":"visitor-center-glen-canyon","status":"publish","type":"page","link":"https:\/\/blogs.crespel.me\/usa2009\/annexes\/visitor-center\/visitor-center-glen-canyon\/","title":{"rendered":"Visitor Center &#8211; Glen Canyon"},"content":{"rendered":"<h3>Description<\/h3>\n<ul>\n<li>Le Carl Hayden Visitor Center est ouvert de 8h00 \u00e0 18h00<\/li>\n<li>Il est situ\u00e9 sur la 89 \u00e0 2km au Nord, apr\u00e8s Page et \u00e0 c\u00f4t\u00e9 du barrage (Glen Canyon Dam).<\/li>\n<li>Le barrage retient les eaux du Lake Powell. Un pont m\u00e9tallique relie les 2 rives.<\/li>\n<li>Int\u00e9ressante exposition sur la cr\u00e9ation du Lake Powell.<\/li>\n<\/ul>\n<h3>Photos<\/h3>\n<p style=\"text-align: center;\"><a href=\"\/usa2009\/files\/2009\/09\/DSCF8389.JPG\"><img loading=\"lazy\" decoding=\"async\" class=\"alignnone size-thumbnail wp-image-1492\" title=\"Le Visitor Center\" src=\"\/usa2009\/files\/2009\/09\/DSCF8389-150x150.jpg\" alt=\"Le Visitor Center\" width=\"150\" height=\"150\" \/><\/a> <a href=\"\/usa2009\/files\/2009\/09\/IMG_9307.JPG\"><img loading=\"lazy\" decoding=\"async\" class=\"alignnone size-thumbnail wp-image-1493\" title=\"Le Glen Canyon Dam\" src=\"\/usa2009\/files\/2009\/09\/IMG_9307-150x150.jpg\" alt=\"Le Glen Canyon Dam\" width=\"150\" height=\"150\" \/><\/a> <a href=\"\/usa2009\/files\/2009\/09\/DSCF8391.JPG\"><img loading=\"lazy\" decoding=\"async\" class=\"alignnone size-thumbnail wp-image-1494\" title=\"Pont m\u00e9tallique\" src=\"\/usa2009\/files\/2009\/09\/DSCF8391-150x150.jpg\" alt=\"Pont m\u00e9tallique\" width=\"150\" height=\"150\" \/><\/a><\/p>\n","protected":false},"excerpt":{"rendered":"<p>Description Le Carl Hayden Visitor Center est ouvert de 8h00 \u00e0 18h00 Il est situ\u00e9 sur la 89 \u00e0 2km au Nord, apr\u00e8s Page et \u00e0 c\u00f4t\u00e9 du barrage (Glen Canyon Dam). Le barrage retient les eaux du Lake Powell. Un pont m\u00e9tallique relie les 2 rives. Int\u00e9ressante exposition sur la cr\u00e9ation du Lake Powell. [&hellip;]<\/p>\n","protected":false},"author":2,"featured_media":0,"parent":572,"menu_order":0,"comment_status":"open","ping_status":"open","template":"","meta":{"footnotes":""},"class_list":["post-1489","page","type-page","status-publish","hentry"],"_links":{"self":[{"href":"https:\/\/blogs.crespel.me\/usa2009\/wp-json\/wp\/v2\/pages\/1489","targetHints":{"allow":["GET"]}}],"collection":[{"href":"https:\/\/blogs.crespel.me\/usa2009\/wp-json\/wp\/v2\/pages"}],"about":[{"href":"https:\/\/blogs.crespel.me\/usa2009\/wp-json\/wp\/v2\/types\/page"}],"author":[{"embeddable":true,"href":"https:\/\/blogs.crespel.me\/usa2009\/wp-json\/wp\/v2\/users\/2"}],"replies":[{"embeddable":true,"href":"https:\/\/blogs.crespel.me\/usa2009\/wp-json\/wp\/v2\/comments?post=1489"}],"version-history":[{"count":4,"href":"https:\/\/blogs.crespel.me\/usa2009\/wp-json\/wp\/v2\/pages\/1489\/revisions"}],"predecessor-version":[{"id":1500,"href":"https:\/\/blogs.crespel.me\/usa2009\/wp-json\/wp\/v2\/pages\/1489\/revisions\/1500"}],"up":[{"embeddable":true,"href":"https:\/\/blogs.crespel.me\/usa2009\/wp-json\/wp\/v2\/pages\/572"}],"wp:attachment":[{"href":"https:\/\/blogs.crespel.me\/usa2009\/wp-json\/wp\/v2\/media?parent=1489"}],"curies":[{"name":"wp","href":"https:\/\/api.w.org\/{rel}","templated":true}]}}