{"id":1480,"date":"2009-09-13T13:12:46","date_gmt":"2009-09-13T11:12:46","guid":{"rendered":"http:\/\/jean.crespel.me\/?page_id=1480"},"modified":"2009-09-13T13:12:46","modified_gmt":"2009-09-13T11:12:46","slug":"visitor-center-navajo-nm","status":"publish","type":"page","link":"https:\/\/blogs.crespel.me\/usa2009\/annexes\/visitor-center\/visitor-center-navajo-nm\/","title":{"rendered":"Visitor Center &#8211; Navajo NM"},"content":{"rendered":"<h3>Description<\/h3>\n<ul>\n<li>Le Visitor Center est ouvert de 8h00 \u00e0 18h00.<\/li>\n<li>Il est situ\u00e9 sur la 564 \u00e0 9 miles apr\u00e8s la jonction sur la 160 (venant de Kayenta).<\/li>\n<li>Les d\u00e9monstrations d&rsquo;artisanat (\u00e0 l&rsquo;int\u00e9rieur du VC), tapisserie, sont payantes (photos ou vid\u00e9os). Et un habitat Navajo est reconstitu\u00e9.<\/li>\n<li>Il y a 2 hogans \u00e0 l&rsquo;arri\u00e8re du Visitor Center, pr\u00e8s du d\u00e9part du chemin Sandal Trail (1,6km AR vers les ruines de Betatakin Overlook).<\/li>\n<li>Navajo NM est un parc peu fr\u00e9quent\u00e9, mais c&rsquo;est un court d\u00e9tour int\u00e9ressant.<\/li>\n<\/ul>\n<h3>Photos<\/h3>\n<p style=\"text-align: center;\"><a href=\"\/usa2009\/files\/2009\/09\/DSCF8373.JPG\"><img loading=\"lazy\" decoding=\"async\" class=\"alignnone size-thumbnail wp-image-1484\" title=\"VC de Navajo NM\" src=\"\/usa2009\/files\/2009\/09\/DSCF8373-150x150.jpg\" alt=\"VC de Navajo NM\" width=\"150\" height=\"150\" \/><\/a> <a href=\"\/usa2009\/files\/2009\/09\/DSCF8374.JPG\"><img loading=\"lazy\" decoding=\"async\" class=\"alignnone size-thumbnail wp-image-1485\" title=\"Int\u00e9rieur du VC Navajo NM\" src=\"\/usa2009\/files\/2009\/09\/DSCF8374-150x150.jpg\" alt=\"Int\u00e9rieur du VC Navajo NM\" width=\"150\" height=\"150\" \/><\/a> <a href=\"\/usa2009\/files\/2009\/09\/DSCF8384.JPG\"><img loading=\"lazy\" decoding=\"async\" class=\"alignnone size-thumbnail wp-image-1486\" title=\"Hogan \u00e0 Navajo NM\" src=\"\/usa2009\/files\/2009\/09\/DSCF8384-150x150.jpg\" alt=\"Hogan \u00e0 Navajo NM\" width=\"150\" height=\"150\" \/><\/a><\/p>\n","protected":false},"excerpt":{"rendered":"<p>Description Le Visitor Center est ouvert de 8h00 \u00e0 18h00. Il est situ\u00e9 sur la 564 \u00e0 9 miles apr\u00e8s la jonction sur la 160 (venant de Kayenta). Les d\u00e9monstrations d&rsquo;artisanat (\u00e0 l&rsquo;int\u00e9rieur du VC), tapisserie, sont payantes (photos ou vid\u00e9os). Et un habitat Navajo est reconstitu\u00e9. Il y a 2 hogans \u00e0 l&rsquo;arri\u00e8re du [&hellip;]<\/p>\n","protected":false},"author":2,"featured_media":0,"parent":572,"menu_order":0,"comment_status":"open","ping_status":"open","template":"","meta":{"footnotes":""},"class_list":["post-1480","page","type-page","status-publish","hentry"],"_links":{"self":[{"href":"https:\/\/blogs.crespel.me\/usa2009\/wp-json\/wp\/v2\/pages\/1480","targetHints":{"allow":["GET"]}}],"collection":[{"href":"https:\/\/blogs.crespel.me\/usa2009\/wp-json\/wp\/v2\/pages"}],"about":[{"href":"https:\/\/blogs.crespel.me\/usa2009\/wp-json\/wp\/v2\/types\/page"}],"author":[{"embeddable":true,"href":"https:\/\/blogs.crespel.me\/usa2009\/wp-json\/wp\/v2\/users\/2"}],"replies":[{"embeddable":true,"href":"https:\/\/blogs.crespel.me\/usa2009\/wp-json\/wp\/v2\/comments?post=1480"}],"version-history":[{"count":5,"href":"https:\/\/blogs.crespel.me\/usa2009\/wp-json\/wp\/v2\/pages\/1480\/revisions"}],"predecessor-version":[{"id":1502,"href":"https:\/\/blogs.crespel.me\/usa2009\/wp-json\/wp\/v2\/pages\/1480\/revisions\/1502"}],"up":[{"embeddable":true,"href":"https:\/\/blogs.crespel.me\/usa2009\/wp-json\/wp\/v2\/pages\/572"}],"wp:attachment":[{"href":"https:\/\/blogs.crespel.me\/usa2009\/wp-json\/wp\/v2\/media?parent=1480"}],"curies":[{"name":"wp","href":"https:\/\/api.w.org\/{rel}","templated":true}]}}