{"id":1468,"date":"2009-09-13T12:58:16","date_gmt":"2009-09-13T10:58:16","guid":{"rendered":"http:\/\/jean.crespel.me\/?page_id=1468"},"modified":"2009-09-13T12:58:16","modified_gmt":"2009-09-13T10:58:16","slug":"visitor-center-canyon-de-chelly","status":"publish","type":"page","link":"https:\/\/blogs.crespel.me\/usa2009\/annexes\/visitor-center\/visitor-center-canyon-de-chelly\/","title":{"rendered":"Visitor Center &#8211; Canyon de Chelly"},"content":{"rendered":"<h3>Description<\/h3>\n<ul>\n<li>Le Visitor Center est ouvert de 8h00 \u00e0 17h00.<\/li>\n<li>Il est situ\u00e9 \u00e0 2 miles \u00e0 l&rsquo;Est de Chinle, \u00e0 l&rsquo;intersection de la route 7 (South Rim Drive) et de la route 64 (North Rim Drive).<\/li>\n<li>L&rsquo;extr\u00e9mit\u00e9 Sud, goudronn\u00e9e, m\u00e8ne \u00e0 Spider Rock Overlook \u00e0 30km.<\/li>\n<li>Le Canyon de Chelly est un endroit sacr\u00e9 pour les Navajos.<\/li>\n<li>White House est la seule partie accessible sans guide.<\/li>\n<li>Comme \u00e0 Mesa Verde, l&rsquo;histoire indienne est tr\u00e8s pr\u00e9sente au Canyon de Chelly, c&rsquo;est un lieu \u00e0 ne pas manquer.<\/li>\n<\/ul>\n<h3>Photos<\/h3>\n<p style=\"text-align: center;\"><a href=\"\/usa2009\/files\/2009\/09\/DSCF8213.JPG\"><img loading=\"lazy\" decoding=\"async\" class=\"alignnone size-thumbnail wp-image-1472\" title=\"VC du Canyon de Chelly\" src=\"\/usa2009\/files\/2009\/09\/DSCF8213-150x150.jpg\" alt=\"VC du Canyon de Chelly\" width=\"150\" height=\"150\" \/><\/a> <a href=\"\/usa2009\/files\/2009\/09\/DSCF8214.JPG\"><img loading=\"lazy\" decoding=\"async\" class=\"alignnone size-thumbnail wp-image-1473\" title=\"Salle de projection\" src=\"\/usa2009\/files\/2009\/09\/DSCF8214-150x150.jpg\" alt=\"Salle de projection\" width=\"150\" height=\"150\" \/><\/a> <a href=\"\/usa2009\/files\/2009\/09\/DSCF8216.JPG\"><img loading=\"lazy\" decoding=\"async\" class=\"alignnone size-thumbnail wp-image-1474\" title=\"Hogan au Canyon de Chelly\" src=\"\/usa2009\/files\/2009\/09\/DSCF8216-150x150.jpg\" alt=\"Hogan au Canyon de Chelly\" width=\"150\" height=\"150\" \/><\/a><\/p>\n","protected":false},"excerpt":{"rendered":"<p>Description Le Visitor Center est ouvert de 8h00 \u00e0 17h00. Il est situ\u00e9 \u00e0 2 miles \u00e0 l&rsquo;Est de Chinle, \u00e0 l&rsquo;intersection de la route 7 (South Rim Drive) et de la route 64 (North Rim Drive). L&rsquo;extr\u00e9mit\u00e9 Sud, goudronn\u00e9e, m\u00e8ne \u00e0 Spider Rock Overlook \u00e0 30km. Le Canyon de Chelly est un endroit sacr\u00e9 [&hellip;]<\/p>\n","protected":false},"author":2,"featured_media":0,"parent":572,"menu_order":0,"comment_status":"open","ping_status":"open","template":"","meta":{"footnotes":""},"class_list":["post-1468","page","type-page","status-publish","hentry"],"_links":{"self":[{"href":"https:\/\/blogs.crespel.me\/usa2009\/wp-json\/wp\/v2\/pages\/1468","targetHints":{"allow":["GET"]}}],"collection":[{"href":"https:\/\/blogs.crespel.me\/usa2009\/wp-json\/wp\/v2\/pages"}],"about":[{"href":"https:\/\/blogs.crespel.me\/usa2009\/wp-json\/wp\/v2\/types\/page"}],"author":[{"embeddable":true,"href":"https:\/\/blogs.crespel.me\/usa2009\/wp-json\/wp\/v2\/users\/2"}],"replies":[{"embeddable":true,"href":"https:\/\/blogs.crespel.me\/usa2009\/wp-json\/wp\/v2\/comments?post=1468"}],"version-history":[{"count":7,"href":"https:\/\/blogs.crespel.me\/usa2009\/wp-json\/wp\/v2\/pages\/1468\/revisions"}],"predecessor-version":[{"id":2235,"href":"https:\/\/blogs.crespel.me\/usa2009\/wp-json\/wp\/v2\/pages\/1468\/revisions\/2235"}],"up":[{"embeddable":true,"href":"https:\/\/blogs.crespel.me\/usa2009\/wp-json\/wp\/v2\/pages\/572"}],"wp:attachment":[{"href":"https:\/\/blogs.crespel.me\/usa2009\/wp-json\/wp\/v2\/media?parent=1468"}],"curies":[{"name":"wp","href":"https:\/\/api.w.org\/{rel}","templated":true}]}}